{"id":4701,"date":"2017-11-26T09:27:36","date_gmt":"2017-11-26T14:27:36","guid":{"rendered":"https:\/\/7abloom.com\/tienda\/"},"modified":"2023-04-29T16:49:34","modified_gmt":"2023-04-29T20:49:34","slug":"tienda","status":"publish","type":"page","link":"https:\/\/7abloom.com\/es\/tienda\/","title":{"rendered":"Tienda"},"content":{"rendered":"","protected":false},"excerpt":{"rendered":"","protected":false},"author":1,"featured_media":0,"parent":0,"menu_order":0,"comment_status":"closed","ping_status":"closed","template":"","meta":{"footnotes":""},"class_list":["post-4701","page","type-page","status-publish"],"yoast_head":"<!-- This site is optimized with the Yoast SEO plugin v26.6 - https:\/\/yoast.com\/wordpress\/plugins\/seo\/ -->\n<title>Tienda - 7Abloom<\/title>\n<meta name=\"description\" content=\"Env\u00edo gratuito en todos los art\u00edculos. Paquetes de autocuidado personalizados. Con una amplia selecci\u00f3n de productos ecol\u00f3gicos y ecol\u00f3gicos para el cuidado de la piel y aceites esenciales, hay para todos los gustos. Compra regalos de cuidado personal seleccionados por expertos o crea los tuyos propios.\" \/>\n<meta name=\"robots\" content=\"index, follow, max-snippet:-1, max-image-preview:large, max-video-preview:-1\" \/>\n<link rel=\"canonical\" href=\"https:\/\/7abloom.com\/es\/tienda\/\" \/>\n<meta property=\"og:locale\" content=\"es_ES\" \/>\n<meta property=\"og:type\" content=\"article\" \/>\n<meta property=\"og:title\" content=\"Tienda - 7Abloom\" \/>\n<meta property=\"og:description\" content=\"Env\u00edo gratuito en todos los art\u00edculos. Paquetes de autocuidado personalizados. Con una amplia selecci\u00f3n de productos ecol\u00f3gicos y ecol\u00f3gicos para el cuidado de la piel y aceites esenciales, hay para todos los gustos. Compra regalos de cuidado personal seleccionados por expertos o crea los tuyos propios.\" \/>\n<meta property=\"og:url\" content=\"https:\/\/7abloom.com\/es\/tienda\/\" \/>\n<meta property=\"og:site_name\" content=\"7Abloom\" \/>\n<meta property=\"article:publisher\" content=\"https:\/\/www.facebook.com\/7abloom\/\" \/>\n<meta property=\"article:modified_time\" content=\"2023-04-29T20:49:34+00:00\" \/>\n<meta name=\"twitter:card\" content=\"summary_large_image\" \/>\n<meta name=\"twitter:site\" content=\"@7_abloom\" \/>\n<script type=\"application\/ld+json\" class=\"yoast-schema-graph\">{\"@context\":\"https:\/\/schema.org\",\"@graph\":[{\"@type\":\"WebPage\",\"@id\":\"https:\/\/7abloom.com\/es\/tienda\/\",\"url\":\"https:\/\/7abloom.com\/es\/tienda\/\",\"name\":\"Tienda - 7Abloom\",\"isPartOf\":{\"@id\":\"https:\/\/7abloom.com\/es\/#website\"},\"datePublished\":\"2017-11-26T14:27:36+00:00\",\"dateModified\":\"2023-04-29T20:49:34+00:00\",\"description\":\"Env\u00edo gratuito en todos los art\u00edculos. Paquetes de autocuidado personalizados. Con una amplia selecci\u00f3n de productos ecol\u00f3gicos y ecol\u00f3gicos para el cuidado de la piel y aceites esenciales, hay para todos los gustos. Compra regalos de cuidado personal seleccionados por expertos o crea los tuyos propios.\",\"breadcrumb\":{\"@id\":\"https:\/\/7abloom.com\/es\/tienda\/#breadcrumb\"},\"inLanguage\":\"es\",\"potentialAction\":[{\"@type\":\"ReadAction\",\"target\":[\"https:\/\/7abloom.com\/es\/tienda\/\"]}]},{\"@type\":\"BreadcrumbList\",\"@id\":\"https:\/\/7abloom.com\/es\/tienda\/#breadcrumb\",\"itemListElement\":[{\"@type\":\"ListItem\",\"position\":1,\"name\":\"Home\",\"item\":\"https:\/\/7abloom.com\/es\/\"},{\"@type\":\"ListItem\",\"position\":2,\"name\":\"Tienda\"}]},{\"@type\":\"WebSite\",\"@id\":\"https:\/\/7abloom.com\/es\/#website\",\"url\":\"https:\/\/7abloom.com\/es\/\",\"name\":\"7Abloom\",\"description\":\"7abloom\",\"publisher\":{\"@id\":\"https:\/\/7abloom.com\/es\/#organization\"},\"potentialAction\":[{\"@type\":\"SearchAction\",\"target\":{\"@type\":\"EntryPoint\",\"urlTemplate\":\"https:\/\/7abloom.com\/es\/?s={search_term_string}\"},\"query-input\":{\"@type\":\"PropertyValueSpecification\",\"valueRequired\":true,\"valueName\":\"search_term_string\"}}],\"inLanguage\":\"es\"},{\"@type\":\"Organization\",\"@id\":\"https:\/\/7abloom.com\/es\/#organization\",\"name\":\"7Abloom\",\"url\":\"https:\/\/7abloom.com\/es\/\",\"logo\":{\"@type\":\"ImageObject\",\"inLanguage\":\"es\",\"@id\":\"https:\/\/7abloom.com\/es\/#\/schema\/logo\/image\/\",\"url\":\"https:\/\/i1.wp.com\/7abloom.com\/wp-content\/uploads\/2021\/07\/7a-logo-green.png?fit=126%2C126&ssl=1\",\"contentUrl\":\"https:\/\/i1.wp.com\/7abloom.com\/wp-content\/uploads\/2021\/07\/7a-logo-green.png?fit=126%2C126&ssl=1\",\"width\":126,\"height\":126,\"caption\":\"7Abloom\"},\"image\":{\"@id\":\"https:\/\/7abloom.com\/es\/#\/schema\/logo\/image\/\"},\"sameAs\":[\"https:\/\/www.facebook.com\/7abloom\/\",\"https:\/\/x.com\/7_abloom\",\"https:\/\/www.instagram.com\/7abloom\/\",\"https:\/\/www.pinterest.com\/7abloom\/\"]}]}<\/script>\n<!-- \/ Yoast SEO plugin. -->","yoast_head_json":{"title":"Tienda - 7Abloom","description":"Env\u00edo gratuito en todos los art\u00edculos. Paquetes de autocuidado personalizados. Con una amplia selecci\u00f3n de productos ecol\u00f3gicos y ecol\u00f3gicos para el cuidado de la piel y aceites esenciales, hay para todos los gustos. Compra regalos de cuidado personal seleccionados por expertos o crea los tuyos propios.","robots":{"index":"index","follow":"follow","max-snippet":"max-snippet:-1","max-image-preview":"max-image-preview:large","max-video-preview":"max-video-preview:-1"},"canonical":"https:\/\/7abloom.com\/es\/tienda\/","og_locale":"es_ES","og_type":"article","og_title":"Tienda - 7Abloom","og_description":"Env\u00edo gratuito en todos los art\u00edculos. Paquetes de autocuidado personalizados. Con una amplia selecci\u00f3n de productos ecol\u00f3gicos y ecol\u00f3gicos para el cuidado de la piel y aceites esenciales, hay para todos los gustos. Compra regalos de cuidado personal seleccionados por expertos o crea los tuyos propios.","og_url":"https:\/\/7abloom.com\/es\/tienda\/","og_site_name":"7Abloom","article_publisher":"https:\/\/www.facebook.com\/7abloom\/","article_modified_time":"2023-04-29T20:49:34+00:00","twitter_card":"summary_large_image","twitter_site":"@7_abloom","schema":{"@context":"https:\/\/schema.org","@graph":[{"@type":"WebPage","@id":"https:\/\/7abloom.com\/es\/tienda\/","url":"https:\/\/7abloom.com\/es\/tienda\/","name":"Tienda - 7Abloom","isPartOf":{"@id":"https:\/\/7abloom.com\/es\/#website"},"datePublished":"2017-11-26T14:27:36+00:00","dateModified":"2023-04-29T20:49:34+00:00","description":"Env\u00edo gratuito en todos los art\u00edculos. Paquetes de autocuidado personalizados. Con una amplia selecci\u00f3n de productos ecol\u00f3gicos y ecol\u00f3gicos para el cuidado de la piel y aceites esenciales, hay para todos los gustos. Compra regalos de cuidado personal seleccionados por expertos o crea los tuyos propios.","breadcrumb":{"@id":"https:\/\/7abloom.com\/es\/tienda\/#breadcrumb"},"inLanguage":"es","potentialAction":[{"@type":"ReadAction","target":["https:\/\/7abloom.com\/es\/tienda\/"]}]},{"@type":"BreadcrumbList","@id":"https:\/\/7abloom.com\/es\/tienda\/#breadcrumb","itemListElement":[{"@type":"ListItem","position":1,"name":"Home","item":"https:\/\/7abloom.com\/es\/"},{"@type":"ListItem","position":2,"name":"Tienda"}]},{"@type":"WebSite","@id":"https:\/\/7abloom.com\/es\/#website","url":"https:\/\/7abloom.com\/es\/","name":"7Abloom","description":"7abloom","publisher":{"@id":"https:\/\/7abloom.com\/es\/#organization"},"potentialAction":[{"@type":"SearchAction","target":{"@type":"EntryPoint","urlTemplate":"https:\/\/7abloom.com\/es\/?s={search_term_string}"},"query-input":{"@type":"PropertyValueSpecification","valueRequired":true,"valueName":"search_term_string"}}],"inLanguage":"es"},{"@type":"Organization","@id":"https:\/\/7abloom.com\/es\/#organization","name":"7Abloom","url":"https:\/\/7abloom.com\/es\/","logo":{"@type":"ImageObject","inLanguage":"es","@id":"https:\/\/7abloom.com\/es\/#\/schema\/logo\/image\/","url":"https:\/\/i1.wp.com\/7abloom.com\/wp-content\/uploads\/2021\/07\/7a-logo-green.png?fit=126%2C126&ssl=1","contentUrl":"https:\/\/i1.wp.com\/7abloom.com\/wp-content\/uploads\/2021\/07\/7a-logo-green.png?fit=126%2C126&ssl=1","width":126,"height":126,"caption":"7Abloom"},"image":{"@id":"https:\/\/7abloom.com\/es\/#\/schema\/logo\/image\/"},"sameAs":["https:\/\/www.facebook.com\/7abloom\/","https:\/\/x.com\/7_abloom","https:\/\/www.instagram.com\/7abloom\/","https:\/\/www.pinterest.com\/7abloom\/"]}]}},"_links":{"self":[{"href":"https:\/\/7abloom.com\/es\/wp-json\/wp\/v2\/pages\/4701","targetHints":{"allow":["GET"]}}],"collection":[{"href":"https:\/\/7abloom.com\/es\/wp-json\/wp\/v2\/pages"}],"about":[{"href":"https:\/\/7abloom.com\/es\/wp-json\/wp\/v2\/types\/page"}],"author":[{"embeddable":true,"href":"https:\/\/7abloom.com\/es\/wp-json\/wp\/v2\/users\/1"}],"replies":[{"embeddable":true,"href":"https:\/\/7abloom.com\/es\/wp-json\/wp\/v2\/comments?post=4701"}],"version-history":[{"count":0,"href":"https:\/\/7abloom.com\/es\/wp-json\/wp\/v2\/pages\/4701\/revisions"}],"wp:attachment":[{"href":"https:\/\/7abloom.com\/es\/wp-json\/wp\/v2\/media?parent=4701"}],"curies":[{"name":"wp","href":"https:\/\/api.w.org\/{rel}","templated":true}]}}