{"id":4702,"date":"2019-10-03T10:41:19","date_gmt":"2019-10-03T14:41:19","guid":{"rendered":"https:\/\/7abloom.com\/blog\/"},"modified":"2023-04-23T15:47:19","modified_gmt":"2023-04-23T19:47:19","slug":"blog","status":"publish","type":"page","link":"https:\/\/7abloom.com\/es\/blog\/","title":{"rendered":"Blog"},"content":{"rendered":"\n<div class=\"wp-block-query alignwide is-layout-flow wp-block-query-is-layout-flow\"><ul class=\"wp-block-post-template is-layout-flow wp-block-post-template-is-layout-flow\"><li class=\"wp-block-post post-4747 post type-post status-publish format-standard has-post-thumbnail hentry category-amor-por-la-piel category-belleza category-estilo-de-vida category-viajes\">\n<h2 class=\"wp-block-post-title\">LA INDUSTRIA COSM\u00c9TICA CONTRIBUYE A LA CONTAMINACI\u00d3N MUNDIAL<\/h2>\n\n<div class=\"wp-block-post-excerpt\"><p class=\"wp-block-post-excerpt__excerpt\">\u00abEl agua y el aire, los dos fluidos esenciales de los que depende toda la vida, se han convertido en basureros globales\u00bb. (Jacques Yves Cousteau) Hola a todos. Bienvenido a www.7Abloom.com y gracias por visitarnos. La contaminaci\u00f3n global de los mares y el aire est\u00e1, por desgracia, causada por el ser humano y, en las&hellip; <\/p><\/div>\n<\/li><li class=\"wp-block-post post-4730 post type-post status-publish format-standard has-post-thumbnail hentry category-amor-por-la-piel category-belleza category-estilo-de-vida category-viajes\">\n<h2 class=\"wp-block-post-title\">\u00a1BAMB\u00da! EL NUEVO RECURSO ECOL\u00d3GICO<\/h2>\n\n<div class=\"wp-block-post-excerpt\"><p class=\"wp-block-post-excerpt__excerpt\">\u00abObserva que el \u00e1rbol m\u00e1s r\u00edgido se agrieta con mayor facilidad, mientras que el bamb\u00fa o el sauce sobreviven dobl\u00e1ndose con el viento\u00bb. (Bruce Lee) Hola a todos. Bienvenido a www.7Abloom.com y gracias por visitarnos. Hoy quiero hablar del Bamb\u00fa y de c\u00f3mo en los \u00faltimos tiempos se ha convertido en uno de los materiales&hellip; <\/p><\/div>\n<\/li><li class=\"wp-block-post post-4746 post type-post status-publish format-standard has-post-thumbnail hentry category-amor-por-la-piel category-estilo-de-vida\">\n<h2 class=\"wp-block-post-title\">Entrada del nuevo a\u00f1o<\/h2>\n\n<div class=\"wp-block-post-excerpt\"><p class=\"wp-block-post-excerpt__excerpt\">Cuando se acerca el A\u00f1o Nuevo, muchos de nosotros pensamos en lo que queremos conseguir en el a\u00f1o entrante. Ya sea ponerse en forma, encontrar un nuevo trabajo o simplemente ser m\u00e1s organizado, fijarse objetivos es una forma estupenda de concentrar nuestra energ\u00eda y aprovechar al m\u00e1ximo nuestro tiempo. Pero mientras hacemos nuestros prop\u00f3sitos, es&hellip; <\/p><\/div>\n<\/li><li class=\"wp-block-post post-4727 post type-post status-publish format-standard has-post-thumbnail hentry category-amor-por-la-piel category-belleza category-estilo-de-vida\">\n<h2 class=\"wp-block-post-title\">RUTINA DE CUIDADO DE LA PIEL EN 5 MINUTOS<\/h2>\n\n<div class=\"wp-block-post-excerpt\"><p class=\"wp-block-post-excerpt__excerpt\">Hola a todos. Bienvenido a www.7Abloom.com y gracias por visitarnos. Hoy quiero compartir con vosotros una rutina diaria f\u00e1cil y r\u00e1pida. Cuidar nuestra piel es muy importante y, si queremos sentirnos c\u00f3modos, bellos y radiantes, debemos dedicar unos minutos al d\u00eda a mimarla y escuchar sus necesidades. 5 minutos por la ma\u00f1ana y 5 minutos&hellip; <\/p><\/div>\n<\/li><\/ul><\/div>\n","protected":false},"excerpt":{"rendered":"","protected":false},"author":1,"featured_media":4682,"parent":0,"menu_order":0,"comment_status":"closed","ping_status":"closed","template":"","meta":{"footnotes":""},"class_list":["post-4702","page","type-page","status-publish","has-post-thumbnail"],"yoast_head":"<!-- This site is optimized with the Yoast SEO plugin v26.6 - https:\/\/yoast.com\/wordpress\/plugins\/seo\/ -->\n<title>Blog - 7Abloom<\/title>\n<meta name=\"robots\" content=\"index, follow, max-snippet:-1, max-image-preview:large, max-video-preview:-1\" \/>\n<link rel=\"canonical\" href=\"https:\/\/7abloom.com\/es\/blog\/\" \/>\n<meta property=\"og:locale\" content=\"es_ES\" \/>\n<meta property=\"og:type\" content=\"article\" \/>\n<meta property=\"og:title\" content=\"Blog - 7Abloom\" \/>\n<meta property=\"og:url\" content=\"https:\/\/7abloom.com\/es\/blog\/\" \/>\n<meta property=\"og:site_name\" content=\"7Abloom\" \/>\n<meta property=\"article:publisher\" content=\"https:\/\/www.facebook.com\/7abloom\/\" \/>\n<meta property=\"article:modified_time\" content=\"2023-04-23T19:47:19+00:00\" \/>\n<meta property=\"og:image\" content=\"https:\/\/i0.wp.com\/7abloom.com\/wp-content\/uploads\/2023\/01\/7abloom-blog-hero-1-1.png?fit=1024%2C857&ssl=1\" \/>\n\t<meta property=\"og:image:width\" content=\"1024\" \/>\n\t<meta property=\"og:image:height\" content=\"857\" \/>\n\t<meta property=\"og:image:type\" content=\"image\/png\" \/>\n<meta name=\"twitter:card\" content=\"summary_large_image\" \/>\n<meta name=\"twitter:site\" content=\"@7_abloom\" \/>\n<script type=\"application\/ld+json\" class=\"yoast-schema-graph\">{\"@context\":\"https:\/\/schema.org\",\"@graph\":[{\"@type\":\"WebPage\",\"@id\":\"https:\/\/7abloom.com\/es\/blog\/\",\"url\":\"https:\/\/7abloom.com\/es\/blog\/\",\"name\":\"Blog - 7Abloom\",\"isPartOf\":{\"@id\":\"https:\/\/7abloom.com\/es\/#website\"},\"primaryImageOfPage\":{\"@id\":\"https:\/\/7abloom.com\/es\/blog\/#primaryimage\"},\"image\":{\"@id\":\"https:\/\/7abloom.com\/es\/blog\/#primaryimage\"},\"thumbnailUrl\":\"https:\/\/7abloom.com\/wp-content\/uploads\/2023\/01\/7abloom-blog-hero-1-1.png\",\"datePublished\":\"2019-10-03T14:41:19+00:00\",\"dateModified\":\"2023-04-23T19:47:19+00:00\",\"breadcrumb\":{\"@id\":\"https:\/\/7abloom.com\/es\/blog\/#breadcrumb\"},\"inLanguage\":\"es\",\"potentialAction\":[{\"@type\":\"ReadAction\",\"target\":[\"https:\/\/7abloom.com\/es\/blog\/\"]}]},{\"@type\":\"ImageObject\",\"inLanguage\":\"es\",\"@id\":\"https:\/\/7abloom.com\/es\/blog\/#primaryimage\",\"url\":\"https:\/\/7abloom.com\/wp-content\/uploads\/2023\/01\/7abloom-blog-hero-1-1.png\",\"contentUrl\":\"https:\/\/7abloom.com\/wp-content\/uploads\/2023\/01\/7abloom-blog-hero-1-1.png\",\"width\":1024,\"height\":857,\"caption\":\"7abloom blog feature header\"},{\"@type\":\"BreadcrumbList\",\"@id\":\"https:\/\/7abloom.com\/es\/blog\/#breadcrumb\",\"itemListElement\":[{\"@type\":\"ListItem\",\"position\":1,\"name\":\"Home\",\"item\":\"https:\/\/7abloom.com\/es\/\"},{\"@type\":\"ListItem\",\"position\":2,\"name\":\"Blog\"}]},{\"@type\":\"WebSite\",\"@id\":\"https:\/\/7abloom.com\/es\/#website\",\"url\":\"https:\/\/7abloom.com\/es\/\",\"name\":\"7Abloom\",\"description\":\"7abloom\",\"publisher\":{\"@id\":\"https:\/\/7abloom.com\/es\/#organization\"},\"potentialAction\":[{\"@type\":\"SearchAction\",\"target\":{\"@type\":\"EntryPoint\",\"urlTemplate\":\"https:\/\/7abloom.com\/es\/?s={search_term_string}\"},\"query-input\":{\"@type\":\"PropertyValueSpecification\",\"valueRequired\":true,\"valueName\":\"search_term_string\"}}],\"inLanguage\":\"es\"},{\"@type\":\"Organization\",\"@id\":\"https:\/\/7abloom.com\/es\/#organization\",\"name\":\"7Abloom\",\"url\":\"https:\/\/7abloom.com\/es\/\",\"logo\":{\"@type\":\"ImageObject\",\"inLanguage\":\"es\",\"@id\":\"https:\/\/7abloom.com\/es\/#\/schema\/logo\/image\/\",\"url\":\"https:\/\/i1.wp.com\/7abloom.com\/wp-content\/uploads\/2021\/07\/7a-logo-green.png?fit=126%2C126&ssl=1\",\"contentUrl\":\"https:\/\/i1.wp.com\/7abloom.com\/wp-content\/uploads\/2021\/07\/7a-logo-green.png?fit=126%2C126&ssl=1\",\"width\":126,\"height\":126,\"caption\":\"7Abloom\"},\"image\":{\"@id\":\"https:\/\/7abloom.com\/es\/#\/schema\/logo\/image\/\"},\"sameAs\":[\"https:\/\/www.facebook.com\/7abloom\/\",\"https:\/\/x.com\/7_abloom\",\"https:\/\/www.instagram.com\/7abloom\/\",\"https:\/\/www.pinterest.com\/7abloom\/\"]}]}<\/script>\n<!-- \/ Yoast SEO plugin. -->","yoast_head_json":{"title":"Blog - 7Abloom","robots":{"index":"index","follow":"follow","max-snippet":"max-snippet:-1","max-image-preview":"max-image-preview:large","max-video-preview":"max-video-preview:-1"},"canonical":"https:\/\/7abloom.com\/es\/blog\/","og_locale":"es_ES","og_type":"article","og_title":"Blog - 7Abloom","og_url":"https:\/\/7abloom.com\/es\/blog\/","og_site_name":"7Abloom","article_publisher":"https:\/\/www.facebook.com\/7abloom\/","article_modified_time":"2023-04-23T19:47:19+00:00","og_image":[{"width":1024,"height":857,"url":"https:\/\/i0.wp.com\/7abloom.com\/wp-content\/uploads\/2023\/01\/7abloom-blog-hero-1-1.png?fit=1024%2C857&ssl=1","type":"image\/png"}],"twitter_card":"summary_large_image","twitter_site":"@7_abloom","schema":{"@context":"https:\/\/schema.org","@graph":[{"@type":"WebPage","@id":"https:\/\/7abloom.com\/es\/blog\/","url":"https:\/\/7abloom.com\/es\/blog\/","name":"Blog - 7Abloom","isPartOf":{"@id":"https:\/\/7abloom.com\/es\/#website"},"primaryImageOfPage":{"@id":"https:\/\/7abloom.com\/es\/blog\/#primaryimage"},"image":{"@id":"https:\/\/7abloom.com\/es\/blog\/#primaryimage"},"thumbnailUrl":"https:\/\/7abloom.com\/wp-content\/uploads\/2023\/01\/7abloom-blog-hero-1-1.png","datePublished":"2019-10-03T14:41:19+00:00","dateModified":"2023-04-23T19:47:19+00:00","breadcrumb":{"@id":"https:\/\/7abloom.com\/es\/blog\/#breadcrumb"},"inLanguage":"es","potentialAction":[{"@type":"ReadAction","target":["https:\/\/7abloom.com\/es\/blog\/"]}]},{"@type":"ImageObject","inLanguage":"es","@id":"https:\/\/7abloom.com\/es\/blog\/#primaryimage","url":"https:\/\/7abloom.com\/wp-content\/uploads\/2023\/01\/7abloom-blog-hero-1-1.png","contentUrl":"https:\/\/7abloom.com\/wp-content\/uploads\/2023\/01\/7abloom-blog-hero-1-1.png","width":1024,"height":857,"caption":"7abloom blog feature header"},{"@type":"BreadcrumbList","@id":"https:\/\/7abloom.com\/es\/blog\/#breadcrumb","itemListElement":[{"@type":"ListItem","position":1,"name":"Home","item":"https:\/\/7abloom.com\/es\/"},{"@type":"ListItem","position":2,"name":"Blog"}]},{"@type":"WebSite","@id":"https:\/\/7abloom.com\/es\/#website","url":"https:\/\/7abloom.com\/es\/","name":"7Abloom","description":"7abloom","publisher":{"@id":"https:\/\/7abloom.com\/es\/#organization"},"potentialAction":[{"@type":"SearchAction","target":{"@type":"EntryPoint","urlTemplate":"https:\/\/7abloom.com\/es\/?s={search_term_string}"},"query-input":{"@type":"PropertyValueSpecification","valueRequired":true,"valueName":"search_term_string"}}],"inLanguage":"es"},{"@type":"Organization","@id":"https:\/\/7abloom.com\/es\/#organization","name":"7Abloom","url":"https:\/\/7abloom.com\/es\/","logo":{"@type":"ImageObject","inLanguage":"es","@id":"https:\/\/7abloom.com\/es\/#\/schema\/logo\/image\/","url":"https:\/\/i1.wp.com\/7abloom.com\/wp-content\/uploads\/2021\/07\/7a-logo-green.png?fit=126%2C126&ssl=1","contentUrl":"https:\/\/i1.wp.com\/7abloom.com\/wp-content\/uploads\/2021\/07\/7a-logo-green.png?fit=126%2C126&ssl=1","width":126,"height":126,"caption":"7Abloom"},"image":{"@id":"https:\/\/7abloom.com\/es\/#\/schema\/logo\/image\/"},"sameAs":["https:\/\/www.facebook.com\/7abloom\/","https:\/\/x.com\/7_abloom","https:\/\/www.instagram.com\/7abloom\/","https:\/\/www.pinterest.com\/7abloom\/"]}]}},"_links":{"self":[{"href":"https:\/\/7abloom.com\/es\/wp-json\/wp\/v2\/pages\/4702","targetHints":{"allow":["GET"]}}],"collection":[{"href":"https:\/\/7abloom.com\/es\/wp-json\/wp\/v2\/pages"}],"about":[{"href":"https:\/\/7abloom.com\/es\/wp-json\/wp\/v2\/types\/page"}],"author":[{"embeddable":true,"href":"https:\/\/7abloom.com\/es\/wp-json\/wp\/v2\/users\/1"}],"replies":[{"embeddable":true,"href":"https:\/\/7abloom.com\/es\/wp-json\/wp\/v2\/comments?post=4702"}],"version-history":[{"count":0,"href":"https:\/\/7abloom.com\/es\/wp-json\/wp\/v2\/pages\/4702\/revisions"}],"wp:featuredmedia":[{"embeddable":true,"href":"https:\/\/7abloom.com\/es\/wp-json\/wp\/v2\/media\/4682"}],"wp:attachment":[{"href":"https:\/\/7abloom.com\/es\/wp-json\/wp\/v2\/media?parent=4702"}],"curies":[{"name":"wp","href":"https:\/\/api.w.org\/{rel}","templated":true}]}}