{"id":4719,"date":"2020-11-02T23:38:43","date_gmt":"2020-11-03T04:38:43","guid":{"rendered":"https:\/\/7abloom.com\/nuestra-historia\/"},"modified":"2023-04-23T15:47:23","modified_gmt":"2023-04-23T19:47:23","slug":"nuestra-historia","status":"publish","type":"page","link":"https:\/\/7abloom.com\/es\/nuestra-historia\/","title":{"rendered":"Nuestra historia"},"content":{"rendered":"\n<p>En 2018, James y yo crecimos bastante insatisfechos con los productos de cuidado de la piel disponibles. Muchos de los productos que compr\u00e1bamos conten\u00edan sustancias qu\u00edmicas nocivas o versiones sint\u00e9ticas de ingredientes \u00abnaturales\u00bb. Comprar productos de cuidado de la piel nos parec\u00eda un proyecto de investigaci\u00f3n, as\u00ed que decidimos poner nuestras necesidades de cuidado de la piel en nuestras manos.<\/p>\n\n<p>Hemos investigado los mejores ingredientes naturales para tratar multitud de problemas de la piel. Trajimos y mezclamos ingredientes hasta que por fin nos pusimos de acuerdo sobre la mezcla adecuada de ingredientes.  <\/p>\n\n<p>7 Abloom fue fundada por James y yo en 2020 despu\u00e9s de varios a\u00f1os de probar nuestro caracter\u00edstico producto SheaButter+ sin productos qu\u00edmicos en nosotros mismos y en los miembros de nuestra familia. Ahora hemos ampliado nuestra l\u00ednea de productos para tratar multitud de problemas del cuidado de la piel. Todos nuestros productos son seguros.  <\/p>\n\n<p>Mucha gente se pregunta cu\u00e1l es el significado del nombre 7 Abloom. Algo que est\u00e1 &#8216;abloom&#8217; es floreciente o en flor. La parte abloom de 7Abloom se utiliza en sentido figurado para significar florecimiento o salud, como cuando tu piel parece florecer con buena salud gracias al uso de nuestros productos veganos. Nuestra piel, como las flores, es delicada y s\u00f3lo deber\u00edamos ponernos productos sin sustancias qu\u00edmicas. El 60% de lo que nos ponemos en la piel se absorbe, por lo que debemos asegurarnos de que la alimentamos con los nutrientes adecuados para que est\u00e9 sana y resplandeciente a largo plazo.<\/p>\n\n<p>Gracias por confiarnos sus necesidades de cuidado de la piel.  <\/p>\n\n<p>Atentamente, Yinette<\/p>\n\n<p><\/p>\n\n<p><\/p>\n","protected":false},"excerpt":{"rendered":"<p>En 2018, James y yo crecimos bastante insatisfechos con los productos de cuidado de la piel disponibles. Muchos de los productos que compr\u00e1bamos conten\u00edan sustancias qu\u00edmicas nocivas o versiones sint\u00e9ticas de ingredientes \u00abnaturales\u00bb. Comprar productos de cuidado de la piel nos parec\u00eda un proyecto de investigaci\u00f3n, as\u00ed que decidimos poner nuestras necesidades de cuidado de &#8230; <\/p>\n<p class=\"read-more-container\"><a title=\"Nuestra historia\" class=\"read-more button\" href=\"https:\/\/7abloom.com\/es\/nuestra-historia\/#more-4719\" aria-label=\"Leer m\u00e1s sobre Nuestra historia\">Leer m\u00e1s<\/a><\/p>\n","protected":false},"author":1,"featured_media":0,"parent":0,"menu_order":0,"comment_status":"closed","ping_status":"closed","template":"","meta":{"footnotes":""},"class_list":["post-4719","page","type-page","status-publish"],"yoast_head":"<!-- This site is optimized with the Yoast SEO plugin v26.6 - https:\/\/yoast.com\/wordpress\/plugins\/seo\/ -->\n<title>Nuestra historia - 7Abloom<\/title>\n<meta name=\"robots\" content=\"index, follow, max-snippet:-1, max-image-preview:large, max-video-preview:-1\" \/>\n<link rel=\"canonical\" href=\"https:\/\/7abloom.com\/es\/nuestra-historia\/\" \/>\n<meta property=\"og:locale\" content=\"es_ES\" \/>\n<meta property=\"og:type\" content=\"article\" \/>\n<meta property=\"og:title\" content=\"Nuestra historia - 7Abloom\" \/>\n<meta property=\"og:description\" content=\"En 2018, James y yo crecimos bastante insatisfechos con los productos de cuidado de la piel disponibles. Muchos de los productos que compr\u00e1bamos conten\u00edan sustancias qu\u00edmicas nocivas o versiones sint\u00e9ticas de ingredientes \u00abnaturales\u00bb. Comprar productos de cuidado de la piel nos parec\u00eda un proyecto de investigaci\u00f3n, as\u00ed que decidimos poner nuestras necesidades de cuidado de ... Leer m\u00e1s\" \/>\n<meta property=\"og:url\" content=\"https:\/\/7abloom.com\/es\/nuestra-historia\/\" \/>\n<meta property=\"og:site_name\" content=\"7Abloom\" \/>\n<meta property=\"article:publisher\" content=\"https:\/\/www.facebook.com\/7abloom\/\" \/>\n<meta property=\"article:modified_time\" content=\"2023-04-23T19:47:23+00:00\" \/>\n<meta name=\"twitter:card\" content=\"summary_large_image\" \/>\n<meta name=\"twitter:site\" content=\"@7_abloom\" \/>\n<meta name=\"twitter:label1\" content=\"Tiempo de lectura\" \/>\n\t<meta name=\"twitter:data1\" content=\"1 minuto\" \/>\n<script type=\"application\/ld+json\" class=\"yoast-schema-graph\">{\"@context\":\"https:\/\/schema.org\",\"@graph\":[{\"@type\":\"WebPage\",\"@id\":\"https:\/\/7abloom.com\/es\/nuestra-historia\/\",\"url\":\"https:\/\/7abloom.com\/es\/nuestra-historia\/\",\"name\":\"Nuestra historia - 7Abloom\",\"isPartOf\":{\"@id\":\"https:\/\/7abloom.com\/es\/#website\"},\"datePublished\":\"2020-11-03T04:38:43+00:00\",\"dateModified\":\"2023-04-23T19:47:23+00:00\",\"breadcrumb\":{\"@id\":\"https:\/\/7abloom.com\/es\/nuestra-historia\/#breadcrumb\"},\"inLanguage\":\"es\",\"potentialAction\":[{\"@type\":\"ReadAction\",\"target\":[\"https:\/\/7abloom.com\/es\/nuestra-historia\/\"]}]},{\"@type\":\"BreadcrumbList\",\"@id\":\"https:\/\/7abloom.com\/es\/nuestra-historia\/#breadcrumb\",\"itemListElement\":[{\"@type\":\"ListItem\",\"position\":1,\"name\":\"Home\",\"item\":\"https:\/\/7abloom.com\/es\/\"},{\"@type\":\"ListItem\",\"position\":2,\"name\":\"Nuestra historia\"}]},{\"@type\":\"WebSite\",\"@id\":\"https:\/\/7abloom.com\/es\/#website\",\"url\":\"https:\/\/7abloom.com\/es\/\",\"name\":\"7Abloom\",\"description\":\"7abloom\",\"publisher\":{\"@id\":\"https:\/\/7abloom.com\/es\/#organization\"},\"potentialAction\":[{\"@type\":\"SearchAction\",\"target\":{\"@type\":\"EntryPoint\",\"urlTemplate\":\"https:\/\/7abloom.com\/es\/?s={search_term_string}\"},\"query-input\":{\"@type\":\"PropertyValueSpecification\",\"valueRequired\":true,\"valueName\":\"search_term_string\"}}],\"inLanguage\":\"es\"},{\"@type\":\"Organization\",\"@id\":\"https:\/\/7abloom.com\/es\/#organization\",\"name\":\"7Abloom\",\"url\":\"https:\/\/7abloom.com\/es\/\",\"logo\":{\"@type\":\"ImageObject\",\"inLanguage\":\"es\",\"@id\":\"https:\/\/7abloom.com\/es\/#\/schema\/logo\/image\/\",\"url\":\"https:\/\/i1.wp.com\/7abloom.com\/wp-content\/uploads\/2021\/07\/7a-logo-green.png?fit=126%2C126&ssl=1\",\"contentUrl\":\"https:\/\/i1.wp.com\/7abloom.com\/wp-content\/uploads\/2021\/07\/7a-logo-green.png?fit=126%2C126&ssl=1\",\"width\":126,\"height\":126,\"caption\":\"7Abloom\"},\"image\":{\"@id\":\"https:\/\/7abloom.com\/es\/#\/schema\/logo\/image\/\"},\"sameAs\":[\"https:\/\/www.facebook.com\/7abloom\/\",\"https:\/\/x.com\/7_abloom\",\"https:\/\/www.instagram.com\/7abloom\/\",\"https:\/\/www.pinterest.com\/7abloom\/\"]}]}<\/script>\n<!-- \/ Yoast SEO plugin. -->","yoast_head_json":{"title":"Nuestra historia - 7Abloom","robots":{"index":"index","follow":"follow","max-snippet":"max-snippet:-1","max-image-preview":"max-image-preview:large","max-video-preview":"max-video-preview:-1"},"canonical":"https:\/\/7abloom.com\/es\/nuestra-historia\/","og_locale":"es_ES","og_type":"article","og_title":"Nuestra historia - 7Abloom","og_description":"En 2018, James y yo crecimos bastante insatisfechos con los productos de cuidado de la piel disponibles. Muchos de los productos que compr\u00e1bamos conten\u00edan sustancias qu\u00edmicas nocivas o versiones sint\u00e9ticas de ingredientes \u00abnaturales\u00bb. Comprar productos de cuidado de la piel nos parec\u00eda un proyecto de investigaci\u00f3n, as\u00ed que decidimos poner nuestras necesidades de cuidado de ... Leer m\u00e1s","og_url":"https:\/\/7abloom.com\/es\/nuestra-historia\/","og_site_name":"7Abloom","article_publisher":"https:\/\/www.facebook.com\/7abloom\/","article_modified_time":"2023-04-23T19:47:23+00:00","twitter_card":"summary_large_image","twitter_site":"@7_abloom","twitter_misc":{"Tiempo de lectura":"1 minuto"},"schema":{"@context":"https:\/\/schema.org","@graph":[{"@type":"WebPage","@id":"https:\/\/7abloom.com\/es\/nuestra-historia\/","url":"https:\/\/7abloom.com\/es\/nuestra-historia\/","name":"Nuestra historia - 7Abloom","isPartOf":{"@id":"https:\/\/7abloom.com\/es\/#website"},"datePublished":"2020-11-03T04:38:43+00:00","dateModified":"2023-04-23T19:47:23+00:00","breadcrumb":{"@id":"https:\/\/7abloom.com\/es\/nuestra-historia\/#breadcrumb"},"inLanguage":"es","potentialAction":[{"@type":"ReadAction","target":["https:\/\/7abloom.com\/es\/nuestra-historia\/"]}]},{"@type":"BreadcrumbList","@id":"https:\/\/7abloom.com\/es\/nuestra-historia\/#breadcrumb","itemListElement":[{"@type":"ListItem","position":1,"name":"Home","item":"https:\/\/7abloom.com\/es\/"},{"@type":"ListItem","position":2,"name":"Nuestra historia"}]},{"@type":"WebSite","@id":"https:\/\/7abloom.com\/es\/#website","url":"https:\/\/7abloom.com\/es\/","name":"7Abloom","description":"7abloom","publisher":{"@id":"https:\/\/7abloom.com\/es\/#organization"},"potentialAction":[{"@type":"SearchAction","target":{"@type":"EntryPoint","urlTemplate":"https:\/\/7abloom.com\/es\/?s={search_term_string}"},"query-input":{"@type":"PropertyValueSpecification","valueRequired":true,"valueName":"search_term_string"}}],"inLanguage":"es"},{"@type":"Organization","@id":"https:\/\/7abloom.com\/es\/#organization","name":"7Abloom","url":"https:\/\/7abloom.com\/es\/","logo":{"@type":"ImageObject","inLanguage":"es","@id":"https:\/\/7abloom.com\/es\/#\/schema\/logo\/image\/","url":"https:\/\/i1.wp.com\/7abloom.com\/wp-content\/uploads\/2021\/07\/7a-logo-green.png?fit=126%2C126&ssl=1","contentUrl":"https:\/\/i1.wp.com\/7abloom.com\/wp-content\/uploads\/2021\/07\/7a-logo-green.png?fit=126%2C126&ssl=1","width":126,"height":126,"caption":"7Abloom"},"image":{"@id":"https:\/\/7abloom.com\/es\/#\/schema\/logo\/image\/"},"sameAs":["https:\/\/www.facebook.com\/7abloom\/","https:\/\/x.com\/7_abloom","https:\/\/www.instagram.com\/7abloom\/","https:\/\/www.pinterest.com\/7abloom\/"]}]}},"_links":{"self":[{"href":"https:\/\/7abloom.com\/es\/wp-json\/wp\/v2\/pages\/4719","targetHints":{"allow":["GET"]}}],"collection":[{"href":"https:\/\/7abloom.com\/es\/wp-json\/wp\/v2\/pages"}],"about":[{"href":"https:\/\/7abloom.com\/es\/wp-json\/wp\/v2\/types\/page"}],"author":[{"embeddable":true,"href":"https:\/\/7abloom.com\/es\/wp-json\/wp\/v2\/users\/1"}],"replies":[{"embeddable":true,"href":"https:\/\/7abloom.com\/es\/wp-json\/wp\/v2\/comments?post=4719"}],"version-history":[{"count":0,"href":"https:\/\/7abloom.com\/es\/wp-json\/wp\/v2\/pages\/4719\/revisions"}],"wp:attachment":[{"href":"https:\/\/7abloom.com\/es\/wp-json\/wp\/v2\/media?parent=4719"}],"curies":[{"name":"wp","href":"https:\/\/api.w.org\/{rel}","templated":true}]}}