{"id":4720,"date":"2020-11-02T23:42:44","date_gmt":"2020-11-03T04:42:44","guid":{"rendered":"https:\/\/7abloom.com\/politica-de-privacidad-de-7-abloom\/"},"modified":"2023-04-23T15:47:26","modified_gmt":"2023-04-23T19:47:26","slug":"politica-de-privacidad-de-7-abloom","status":"publish","type":"page","link":"https:\/\/7abloom.com\/es\/politica-de-privacidad-de-7-abloom\/","title":{"rendered":"Pol\u00edtica de privacidad de 7 Abloom"},"content":{"rendered":"\n<p>7 Abloom opera el sitio web 7Abloom.com, que presta el SERVICIO.<\/p>\n\n<p>Esta p\u00e1gina se utiliza para informar a los visitantes del sitio web con respecto a nuestras pol\u00edticas con la recopilaci\u00f3n, uso y divulgaci\u00f3n de Informaci\u00f3n Personal si alguien decide utilizar nuestro Servicio, el sitio web de 7 Abloom.<\/p>\n\n<p>Si decide utilizar nuestro Servicio, acepta la recopilaci\u00f3n y el uso de informaci\u00f3n en relaci\u00f3n con esta pol\u00edtica. Los Datos Personales que recopilamos se utilizan para prestar y mejorar el Servicio. No utilizaremos ni compartiremos su informaci\u00f3n con nadie excepto en los casos descritos en esta Pol\u00edtica de privacidad.<\/p>\n\n<p>Los t\u00e9rminos utilizados en esta Pol\u00edtica de Privacidad tienen el mismo significado que en nuestros T\u00e9rminos y Condiciones, a los que se puede acceder en 7Abloom.com, a menos que se definan de otro modo en esta Pol\u00edtica de Privacidad. Nuestra Pol\u00edtica de Privacidad fue creada con la ayuda de la <a href=\"https:\/\/www.privacypolicytemplate.net\">Plantilla de Pol\u00edtica de Privacidad<\/a> y el <a href=\"https:\/\/www.disclaimergenerator.org\/\">Generador de Descargo de Responsabilidad<\/a>.<\/p>\n\n<h2 class=\"wp-block-heading\">Recogida y uso de la informaci\u00f3n<\/h2>\n\n<p>Para una mejor experiencia al utilizar nuestro Servicio, podemos pedirle que nos proporcione cierta informaci\u00f3n personal identificable, incluyendo pero no limitado a su nombre, n\u00famero de tel\u00e9fono y direcci\u00f3n postal. La informaci\u00f3n que recopilemos se utilizar\u00e1 para ponernos en contacto con usted o identificarle.<\/p>\n\n<h2 class=\"wp-block-heading\">Datos de registro<\/h2>\n\n<p>Queremos informarle de que cada vez que visita nuestro Servicio, recopilamos informaci\u00f3n que su navegador nos env\u00eda y que se denomina Datos de registro. Estos datos de registro pueden incluir informaci\u00f3n como la direcci\u00f3n de protocolo de Internet (\u00abIP\u00bb) de su ordenador, la versi\u00f3n del navegador, las p\u00e1ginas de nuestro Servicio que visita, la hora y la fecha de su visita, el tiempo empleado en esas p\u00e1ginas y otras estad\u00edsticas.<\/p>\n\n<h2 class=\"wp-block-heading\">Galletas<\/h2>\n\n<p>Las cookies son archivos con una peque\u00f1a cantidad de datos que se utilizan habitualmente como identificador \u00fanico an\u00f3nimo. Se env\u00edan a su navegador desde el sitio web que visita y se almacenan en el disco duro de su ordenador.<\/p>\n\n<p>Nuestro sitio web utiliza estas \u00abcookies\u00bb para recopilar informaci\u00f3n y mejorar nuestro Servicio. Usted tiene la opci\u00f3n de aceptar o rechazar estas cookies, y saber cu\u00e1ndo se env\u00eda una cookie a su ordenador. Si decide rechazar nuestras cookies, es posible que no pueda utilizar algunas partes de nuestro Servicio.<\/p>\n\n<p>Para obtener m\u00e1s informaci\u00f3n general sobre las cookies, lea <a href=\"https:\/\/www.cookieconsent.com\/what-are-cookies\/\">\u00abQu\u00e9 son las cookies\u00bb<\/a>.<\/p>\n\n<h2 class=\"wp-block-heading\">Proveedores de servicios<\/h2>\n\n<p>Podemos contratar a terceras empresas y particulares por los motivos que se exponen a continuaci\u00f3n:<\/p>\n\n<ul class=\"wp-block-list\"><li>Para facilitar nuestro Servicio;<\/li><li>Para prestar el Servicio en nuestro nombre;<\/li><li>Para prestar servicios relacionados con el Servicio; o<\/li><li>Para ayudarnos a analizar c\u00f3mo se utiliza nuestro Servicio.<\/li><\/ul>\n\n<p>Queremos informar a los usuarios de nuestros Servicios de que estos terceros tienen acceso a sus Datos Personales. El motivo es realizar las tareas que se les asignan en nuestro nombre. Sin embargo, est\u00e1n obligados a no divulgar ni utilizar la informaci\u00f3n para ning\u00fan otro fin.<\/p>\n\n<h2 class=\"wp-block-heading\">Seguridad<\/h2>\n\n<p>Valoramos su confianza al proporcionarnos sus Datos Personales, por lo que nos esforzamos por utilizar medios comercialmente aceptables para protegerlos. Pero recuerde que ning\u00fan m\u00e9todo de transmisi\u00f3n por Internet, o m\u00e9todo de almacenamiento electr\u00f3nico es 100% seguro y fiable, y no podemos garantizar su absoluta seguridad.<\/p>\n\n<h2 class=\"wp-block-heading\">Enlaces a otros sitios<\/h2>\n\n<p>Nuestro Servicio puede contener enlaces a otros sitios. Si hace clic en un enlace de terceros, ser\u00e1 dirigido a ese sitio. Tenga en cuenta que estos sitios externos no son operados por nosotros. Por lo tanto, le recomendamos encarecidamente que revise la pol\u00edtica de privacidad de estos sitios web. No tenemos ning\u00fan control ni asumimos ninguna responsabilidad por el contenido, las pol\u00edticas de privacidad o las pr\u00e1cticas de los sitios o servicios de terceros.<\/p>\n\n<h2 class=\"wp-block-heading\">Privacidad de los ni\u00f1os<\/h2>\n\n<p>Nuestros Servicios no est\u00e1n dirigidos a menores de 13 a\u00f1os. No recopilamos conscientemente informaci\u00f3n personal identificable de ni\u00f1os menores de 13 a\u00f1os. En caso de que descubramos que un menor de 13 a\u00f1os nos ha proporcionado informaci\u00f3n personal, la eliminaremos inmediatamente de nuestros servidores. Si usted es padre o tutor y tiene conocimiento de que su hijo nos ha proporcionado informaci\u00f3n personal, p\u00f3ngase en contacto con nosotros para que podamos tomar las medidas necesarias.<\/p>\n\n<h2 class=\"wp-block-heading\">Cambios en esta pol\u00edtica de privacidad<\/h2>\n\n<p>Podemos actualizar nuestra pol\u00edtica de privacidad de vez en cuando. Por ello, le aconsejamos que revise peri\u00f3dicamente esta p\u00e1gina para comprobar si se han producido cambios. Le notificaremos cualquier cambio publicando la nueva Pol\u00edtica de Privacidad en esta p\u00e1gina. Estos cambios entrar\u00e1n en vigor inmediatamente despu\u00e9s de su publicaci\u00f3n en esta p\u00e1gina.<\/p>\n\n<h2 class=\"wp-block-heading\">Contacto<\/h2>\n\n<p>Si tiene alguna pregunta o sugerencia sobre nuestra Pol\u00edtica de privacidad, no dude en ponerse en contacto con nosotros.<\/p>\n\n<h2 class=\"wp-block-heading\">Pol\u00edtica de privacidad GDPR de 7 Abloom<\/h2>\n\n<p>En 7abloom, accesible desde 7abloom.com, una de nuestras principales prioridades es la privacidad de nuestros visitantes. Este documento de Pol\u00edtica de Privacidad contiene los tipos de informaci\u00f3n que recoge y registra 7abloom y c\u00f3mo la utilizamos.<\/p>\n\n<p>Si tiene m\u00e1s preguntas o necesita m\u00e1s informaci\u00f3n sobre nuestra Pol\u00edtica de Privacidad, no dude en ponerse en contacto con nosotros.<\/p>\n\n<h2 class=\"wp-block-heading\">Reglamento general de protecci\u00f3n de datos (RGPD)<\/h2>\n\n<p>Somos responsables del tratamiento de sus datos.<\/p>\n\n<p>7 La base jur\u00eddica de Abloom para recoger y utilizar la informaci\u00f3n personal descrita en esta Pol\u00edtica de Privacidad depende de la Informaci\u00f3n Personal que recojamos y del contexto espec\u00edfico en el que recojamos la informaci\u00f3n:<\/p>\n\n<ul class=\"wp-block-list\"><li>7 Abloom necesita cumplir un contrato con usted<\/li><li>Has dado permiso a 7 Abloom para hacerlo<\/li><li>El tratamiento de sus datos personales responde a los intereses leg\u00edtimos de 7 Abloom<\/li><li>7 Abloom debe cumplir la ley<\/li><\/ul>\n\n<p>7 Abloom conservar\u00e1 su informaci\u00f3n personal s\u00f3lo durante el tiempo que sea necesario para los fines establecidos en la presente Pol\u00edtica de Privacidad. Conservaremos y utilizaremos su informaci\u00f3n en la medida necesaria para cumplir nuestras obligaciones legales, resolver litigios y hacer cumplir nuestras pol\u00edticas. Nuestra Pol\u00edtica de Privacidad fue generada con la ayuda del GDPR <a href=\"https:\/\/www.gdprprivacynotice.com\/\">Privacy Policy<\/a> <a href=\"https:\/\/www.gdprcontracts.com\/gdpr-privacy-policy-generator\/\">Generator<\/a> y el <a href=\"https:\/\/www.gdprcontracts.com\/gdpr-privacy-policy-generator\/\">GDPR Privacy Policy Generator<\/a>.<\/p>\n\n<p>Si reside en el Espacio Econ\u00f3mico Europeo (EEE), tiene determinados derechos en materia de protecci\u00f3n de datos. Si desea que le informemos de qu\u00e9 Datos Personales tenemos sobre usted y si quiere que los eliminemos de nuestros sistemas, p\u00f3ngase en contacto con nosotros.<\/p>\n\n<p>En determinadas circunstancias, usted tiene los siguientes derechos de protecci\u00f3n de datos:<\/p>\n\n<ul class=\"wp-block-list\"><li>Derecho a acceder a la informaci\u00f3n que tenemos sobre usted, actualizarla o eliminarla.<\/li><li>Derecho de rectificaci\u00f3n.<\/li><li>Derecho de oposici\u00f3n.<\/li><li>El derecho de restricci\u00f3n.<\/li><li>Derecho a la portabilidad de los datos<\/li><li>Derecho a retirar el consentimiento<\/li><\/ul>\n\n<h2 class=\"wp-block-heading\">Archivos de registro<\/h2>\n\n<p>7abloom sigue un procedimiento est\u00e1ndar de utilizaci\u00f3n de archivos de registro. Estos archivos registran a los visitantes cuando visitan los sitios web. Todas las empresas de alojamiento lo hacen y forma parte de los an\u00e1lisis de los servicios de alojamiento. La informaci\u00f3n recogida por los archivos de registro incluye direcciones de protocolo de Internet (IP), tipo de navegador, proveedor de servicios de Internet (ISP), sello de fecha y hora, p\u00e1ginas de referencia\/salida y, posiblemente, el n\u00famero de clics. Estos no est\u00e1n vinculados a ninguna informaci\u00f3n que sea personalmente identificable. La finalidad de la informaci\u00f3n es analizar tendencias, administrar el sitio, seguir los movimientos de los usuarios en el sitio web y recopilar informaci\u00f3n demogr\u00e1fica.<\/p>\n","protected":false},"excerpt":{"rendered":"<p>7 Abloom opera el sitio web 7Abloom.com, que presta el SERVICIO. Esta p\u00e1gina se utiliza para informar a los visitantes del sitio web con respecto a nuestras pol\u00edticas con la recopilaci\u00f3n, uso y divulgaci\u00f3n de Informaci\u00f3n Personal si alguien decide utilizar nuestro Servicio, el sitio web de 7 Abloom. Si decide utilizar nuestro Servicio, acepta &#8230; <\/p>\n<p class=\"read-more-container\"><a title=\"Pol\u00edtica de privacidad de 7 Abloom\" class=\"read-more button\" href=\"https:\/\/7abloom.com\/es\/politica-de-privacidad-de-7-abloom\/#more-4720\" aria-label=\"Leer m\u00e1s sobre Pol\u00edtica de privacidad de 7 Abloom\">Leer m\u00e1s<\/a><\/p>\n","protected":false},"author":1,"featured_media":0,"parent":0,"menu_order":0,"comment_status":"closed","ping_status":"closed","template":"","meta":{"footnotes":""},"class_list":["post-4720","page","type-page","status-publish"],"yoast_head":"<!-- This site is optimized with the Yoast SEO plugin v26.6 - https:\/\/yoast.com\/wordpress\/plugins\/seo\/ -->\n<title>Pol\u00edtica de privacidad de 7 Abloom - 7Abloom<\/title>\n<meta name=\"description\" content=\"7 Abloom opera el sitio web 7Abloom.com, que proporciona el SERVICIO.Esta p\u00e1gina se utiliza para informar a los visitantes del sitio web con respecto a nuestras pol\u00edticas con la recopilaci\u00f3n, uso y divulgaci\u00f3n de Informaci\u00f3n Personal si alguien decide utilizar nuestro Servicio, el sitio web 7 Abloom.\" \/>\n<meta name=\"robots\" content=\"index, follow, max-snippet:-1, max-image-preview:large, max-video-preview:-1\" \/>\n<link rel=\"canonical\" href=\"https:\/\/7abloom.com\/es\/politica-de-privacidad-de-7-abloom\/\" \/>\n<meta property=\"og:locale\" content=\"es_ES\" \/>\n<meta property=\"og:type\" content=\"article\" \/>\n<meta property=\"og:title\" content=\"Pol\u00edtica de privacidad de 7 Abloom - 7Abloom\" \/>\n<meta property=\"og:description\" content=\"7 Abloom opera el sitio web 7Abloom.com, que proporciona el SERVICIO.Esta p\u00e1gina se utiliza para informar a los visitantes del sitio web con respecto a nuestras pol\u00edticas con la recopilaci\u00f3n, uso y divulgaci\u00f3n de Informaci\u00f3n Personal si alguien decide utilizar nuestro Servicio, el sitio web 7 Abloom.\" \/>\n<meta property=\"og:url\" content=\"https:\/\/7abloom.com\/es\/politica-de-privacidad-de-7-abloom\/\" \/>\n<meta property=\"og:site_name\" content=\"7Abloom\" \/>\n<meta property=\"article:publisher\" content=\"https:\/\/www.facebook.com\/7abloom\/\" \/>\n<meta property=\"article:modified_time\" content=\"2023-04-23T19:47:26+00:00\" \/>\n<meta name=\"twitter:card\" content=\"summary_large_image\" \/>\n<meta name=\"twitter:site\" content=\"@7_abloom\" \/>\n<meta name=\"twitter:label1\" content=\"Tiempo de lectura\" \/>\n\t<meta name=\"twitter:data1\" content=\"6 minutos\" \/>\n<script type=\"application\/ld+json\" class=\"yoast-schema-graph\">{\"@context\":\"https:\/\/schema.org\",\"@graph\":[{\"@type\":\"WebPage\",\"@id\":\"https:\/\/7abloom.com\/es\/politica-de-privacidad-de-7-abloom\/\",\"url\":\"https:\/\/7abloom.com\/es\/politica-de-privacidad-de-7-abloom\/\",\"name\":\"Pol\u00edtica de privacidad de 7 Abloom - 7Abloom\",\"isPartOf\":{\"@id\":\"https:\/\/7abloom.com\/es\/#website\"},\"datePublished\":\"2020-11-03T04:42:44+00:00\",\"dateModified\":\"2023-04-23T19:47:26+00:00\",\"description\":\"7 Abloom opera el sitio web 7Abloom.com, que proporciona el SERVICIO.Esta p\u00e1gina se utiliza para informar a los visitantes del sitio web con respecto a nuestras pol\u00edticas con la recopilaci\u00f3n, uso y divulgaci\u00f3n de Informaci\u00f3n Personal si alguien decide utilizar nuestro Servicio, el sitio web 7 Abloom.\",\"breadcrumb\":{\"@id\":\"https:\/\/7abloom.com\/es\/politica-de-privacidad-de-7-abloom\/#breadcrumb\"},\"inLanguage\":\"es\",\"potentialAction\":[{\"@type\":\"ReadAction\",\"target\":[\"https:\/\/7abloom.com\/es\/politica-de-privacidad-de-7-abloom\/\"]}]},{\"@type\":\"BreadcrumbList\",\"@id\":\"https:\/\/7abloom.com\/es\/politica-de-privacidad-de-7-abloom\/#breadcrumb\",\"itemListElement\":[{\"@type\":\"ListItem\",\"position\":1,\"name\":\"Home\",\"item\":\"https:\/\/7abloom.com\/es\/\"},{\"@type\":\"ListItem\",\"position\":2,\"name\":\"Pol\u00edtica de privacidad de 7 Abloom\"}]},{\"@type\":\"WebSite\",\"@id\":\"https:\/\/7abloom.com\/es\/#website\",\"url\":\"https:\/\/7abloom.com\/es\/\",\"name\":\"7Abloom\",\"description\":\"7abloom\",\"publisher\":{\"@id\":\"https:\/\/7abloom.com\/es\/#organization\"},\"potentialAction\":[{\"@type\":\"SearchAction\",\"target\":{\"@type\":\"EntryPoint\",\"urlTemplate\":\"https:\/\/7abloom.com\/es\/?s={search_term_string}\"},\"query-input\":{\"@type\":\"PropertyValueSpecification\",\"valueRequired\":true,\"valueName\":\"search_term_string\"}}],\"inLanguage\":\"es\"},{\"@type\":\"Organization\",\"@id\":\"https:\/\/7abloom.com\/es\/#organization\",\"name\":\"7Abloom\",\"url\":\"https:\/\/7abloom.com\/es\/\",\"logo\":{\"@type\":\"ImageObject\",\"inLanguage\":\"es\",\"@id\":\"https:\/\/7abloom.com\/es\/#\/schema\/logo\/image\/\",\"url\":\"https:\/\/i1.wp.com\/7abloom.com\/wp-content\/uploads\/2021\/07\/7a-logo-green.png?fit=126%2C126&ssl=1\",\"contentUrl\":\"https:\/\/i1.wp.com\/7abloom.com\/wp-content\/uploads\/2021\/07\/7a-logo-green.png?fit=126%2C126&ssl=1\",\"width\":126,\"height\":126,\"caption\":\"7Abloom\"},\"image\":{\"@id\":\"https:\/\/7abloom.com\/es\/#\/schema\/logo\/image\/\"},\"sameAs\":[\"https:\/\/www.facebook.com\/7abloom\/\",\"https:\/\/x.com\/7_abloom\",\"https:\/\/www.instagram.com\/7abloom\/\",\"https:\/\/www.pinterest.com\/7abloom\/\"]}]}<\/script>\n<!-- \/ Yoast SEO plugin. -->","yoast_head_json":{"title":"Pol\u00edtica de privacidad de 7 Abloom - 7Abloom","description":"7 Abloom opera el sitio web 7Abloom.com, que proporciona el SERVICIO.Esta p\u00e1gina se utiliza para informar a los visitantes del sitio web con respecto a nuestras pol\u00edticas con la recopilaci\u00f3n, uso y divulgaci\u00f3n de Informaci\u00f3n Personal si alguien decide utilizar nuestro Servicio, el sitio web 7 Abloom.","robots":{"index":"index","follow":"follow","max-snippet":"max-snippet:-1","max-image-preview":"max-image-preview:large","max-video-preview":"max-video-preview:-1"},"canonical":"https:\/\/7abloom.com\/es\/politica-de-privacidad-de-7-abloom\/","og_locale":"es_ES","og_type":"article","og_title":"Pol\u00edtica de privacidad de 7 Abloom - 7Abloom","og_description":"7 Abloom opera el sitio web 7Abloom.com, que proporciona el SERVICIO.Esta p\u00e1gina se utiliza para informar a los visitantes del sitio web con respecto a nuestras pol\u00edticas con la recopilaci\u00f3n, uso y divulgaci\u00f3n de Informaci\u00f3n Personal si alguien decide utilizar nuestro Servicio, el sitio web 7 Abloom.","og_url":"https:\/\/7abloom.com\/es\/politica-de-privacidad-de-7-abloom\/","og_site_name":"7Abloom","article_publisher":"https:\/\/www.facebook.com\/7abloom\/","article_modified_time":"2023-04-23T19:47:26+00:00","twitter_card":"summary_large_image","twitter_site":"@7_abloom","twitter_misc":{"Tiempo de lectura":"6 minutos"},"schema":{"@context":"https:\/\/schema.org","@graph":[{"@type":"WebPage","@id":"https:\/\/7abloom.com\/es\/politica-de-privacidad-de-7-abloom\/","url":"https:\/\/7abloom.com\/es\/politica-de-privacidad-de-7-abloom\/","name":"Pol\u00edtica de privacidad de 7 Abloom - 7Abloom","isPartOf":{"@id":"https:\/\/7abloom.com\/es\/#website"},"datePublished":"2020-11-03T04:42:44+00:00","dateModified":"2023-04-23T19:47:26+00:00","description":"7 Abloom opera el sitio web 7Abloom.com, que proporciona el SERVICIO.Esta p\u00e1gina se utiliza para informar a los visitantes del sitio web con respecto a nuestras pol\u00edticas con la recopilaci\u00f3n, uso y divulgaci\u00f3n de Informaci\u00f3n Personal si alguien decide utilizar nuestro Servicio, el sitio web 7 Abloom.","breadcrumb":{"@id":"https:\/\/7abloom.com\/es\/politica-de-privacidad-de-7-abloom\/#breadcrumb"},"inLanguage":"es","potentialAction":[{"@type":"ReadAction","target":["https:\/\/7abloom.com\/es\/politica-de-privacidad-de-7-abloom\/"]}]},{"@type":"BreadcrumbList","@id":"https:\/\/7abloom.com\/es\/politica-de-privacidad-de-7-abloom\/#breadcrumb","itemListElement":[{"@type":"ListItem","position":1,"name":"Home","item":"https:\/\/7abloom.com\/es\/"},{"@type":"ListItem","position":2,"name":"Pol\u00edtica de privacidad de 7 Abloom"}]},{"@type":"WebSite","@id":"https:\/\/7abloom.com\/es\/#website","url":"https:\/\/7abloom.com\/es\/","name":"7Abloom","description":"7abloom","publisher":{"@id":"https:\/\/7abloom.com\/es\/#organization"},"potentialAction":[{"@type":"SearchAction","target":{"@type":"EntryPoint","urlTemplate":"https:\/\/7abloom.com\/es\/?s={search_term_string}"},"query-input":{"@type":"PropertyValueSpecification","valueRequired":true,"valueName":"search_term_string"}}],"inLanguage":"es"},{"@type":"Organization","@id":"https:\/\/7abloom.com\/es\/#organization","name":"7Abloom","url":"https:\/\/7abloom.com\/es\/","logo":{"@type":"ImageObject","inLanguage":"es","@id":"https:\/\/7abloom.com\/es\/#\/schema\/logo\/image\/","url":"https:\/\/i1.wp.com\/7abloom.com\/wp-content\/uploads\/2021\/07\/7a-logo-green.png?fit=126%2C126&ssl=1","contentUrl":"https:\/\/i1.wp.com\/7abloom.com\/wp-content\/uploads\/2021\/07\/7a-logo-green.png?fit=126%2C126&ssl=1","width":126,"height":126,"caption":"7Abloom"},"image":{"@id":"https:\/\/7abloom.com\/es\/#\/schema\/logo\/image\/"},"sameAs":["https:\/\/www.facebook.com\/7abloom\/","https:\/\/x.com\/7_abloom","https:\/\/www.instagram.com\/7abloom\/","https:\/\/www.pinterest.com\/7abloom\/"]}]}},"_links":{"self":[{"href":"https:\/\/7abloom.com\/es\/wp-json\/wp\/v2\/pages\/4720","targetHints":{"allow":["GET"]}}],"collection":[{"href":"https:\/\/7abloom.com\/es\/wp-json\/wp\/v2\/pages"}],"about":[{"href":"https:\/\/7abloom.com\/es\/wp-json\/wp\/v2\/types\/page"}],"author":[{"embeddable":true,"href":"https:\/\/7abloom.com\/es\/wp-json\/wp\/v2\/users\/1"}],"replies":[{"embeddable":true,"href":"https:\/\/7abloom.com\/es\/wp-json\/wp\/v2\/comments?post=4720"}],"version-history":[{"count":0,"href":"https:\/\/7abloom.com\/es\/wp-json\/wp\/v2\/pages\/4720\/revisions"}],"wp:attachment":[{"href":"https:\/\/7abloom.com\/es\/wp-json\/wp\/v2\/media?parent=4720"}],"curies":[{"name":"wp","href":"https:\/\/api.w.org\/{rel}","templated":true}]}}