{"id":4731,"date":"2021-07-22T10:17:33","date_gmt":"2021-07-22T14:17:33","guid":{"rendered":"https:\/\/7abloom.com\/politica-de-devoluciones-y-reembolsos\/"},"modified":"2023-04-23T15:47:28","modified_gmt":"2023-04-23T19:47:28","slug":"politica-de-devoluciones-y-reembolsos","status":"publish","type":"page","link":"https:\/\/7abloom.com\/es\/politica-de-devoluciones-y-reembolsos\/","title":{"rendered":"Pol\u00edtica de devoluciones y reembolsos"},"content":{"rendered":"\n<p>\u00a1Gracias por comprar en 7Abloom.com!<\/p>\n\n<p>Los pedidos personalizados tienen un plazo de 15 minutos despu\u00e9s de realizar el pedido para cancelarlo y recibir un reembolso completo. Una vez transcurrido el plazo de 15 minutos, todos los pedidos personalizados se considerar\u00e1n definitivos y no se reembolsar\u00e1n.  <\/p>\n\n<p>Para los pedidos no personalizados, una vez enviado el pedido, todas las ventas son definitivas y no podemos cancelar el pedido. No ofrecemos devoluciones una vez enviado el pedido porque nuestros productos est\u00e1n hechos a mano y\/o personalizados.<\/p>\n\n<p>Tampoco aceptamos devoluciones.<\/p>\n\n<p>Sin embargo, si su art\u00edculo est\u00e1 da\u00f1ado, nos haremos cargo de \u00e9l y colaboraremos con usted para encontrar la mejor soluci\u00f3n. P\u00f3ngase en contacto con <a rel=\"noreferrer noopener\" href=\"mailto:contactus@7abloom.com\" target=\"_blank\">contactus@7abloom.com<\/a> o (347) 994 &#8211; 9662.<\/p>\n","protected":false},"excerpt":{"rendered":"<p>\u00a1Gracias por comprar en 7Abloom.com! Los pedidos personalizados tienen un plazo de 15 minutos despu\u00e9s de realizar el pedido para cancelarlo y recibir un reembolso completo. Una vez transcurrido el plazo de 15 minutos, todos los pedidos personalizados se considerar\u00e1n definitivos y no se reembolsar\u00e1n. Para los pedidos no personalizados, una vez enviado el pedido, &#8230; <\/p>\n<p class=\"read-more-container\"><a title=\"Pol\u00edtica de devoluciones y reembolsos\" class=\"read-more button\" href=\"https:\/\/7abloom.com\/es\/politica-de-devoluciones-y-reembolsos\/#more-4731\" aria-label=\"Leer m\u00e1s sobre Pol\u00edtica de devoluciones y reembolsos\">Leer m\u00e1s<\/a><\/p>\n","protected":false},"author":1,"featured_media":0,"parent":0,"menu_order":0,"comment_status":"closed","ping_status":"closed","template":"","meta":{"footnotes":""},"class_list":["post-4731","page","type-page","status-publish"],"yoast_head":"<!-- This site is optimized with the Yoast SEO plugin v26.6 - https:\/\/yoast.com\/wordpress\/plugins\/seo\/ -->\n<title>Pol\u00edtica de devoluciones y reembolsos - 7Abloom<\/title>\n<meta name=\"description\" content=\"Los pedidos personalizados tienen un plazo de 15 minutos despu\u00e9s de realizar el pedido para cancelarlo y recibir un reembolso completo. Una vez transcurrido el plazo de 15 minutos, todos los pedidos personalizados se considerar\u00e1n definitivos y no se reembolsar\u00e1n.\" \/>\n<meta name=\"robots\" content=\"index, follow, max-snippet:-1, max-image-preview:large, max-video-preview:-1\" \/>\n<link rel=\"canonical\" href=\"https:\/\/7abloom.com\/es\/politica-de-devoluciones-y-reembolsos\/\" \/>\n<meta property=\"og:locale\" content=\"es_ES\" \/>\n<meta property=\"og:type\" content=\"article\" \/>\n<meta property=\"og:title\" content=\"Pol\u00edtica de devoluciones y reembolsos - 7Abloom\" \/>\n<meta property=\"og:description\" content=\"Los pedidos personalizados tienen un plazo de 15 minutos despu\u00e9s de realizar el pedido para cancelarlo y recibir un reembolso completo. Una vez transcurrido el plazo de 15 minutos, todos los pedidos personalizados se considerar\u00e1n definitivos y no se reembolsar\u00e1n.\" \/>\n<meta property=\"og:url\" content=\"https:\/\/7abloom.com\/es\/politica-de-devoluciones-y-reembolsos\/\" \/>\n<meta property=\"og:site_name\" content=\"7Abloom\" \/>\n<meta property=\"article:publisher\" content=\"https:\/\/www.facebook.com\/7abloom\/\" \/>\n<meta property=\"article:modified_time\" content=\"2023-04-23T19:47:28+00:00\" \/>\n<meta name=\"twitter:card\" content=\"summary_large_image\" \/>\n<meta name=\"twitter:site\" content=\"@7_abloom\" \/>\n<meta name=\"twitter:label1\" content=\"Tiempo de lectura\" \/>\n\t<meta name=\"twitter:data1\" content=\"1 minuto\" \/>\n<script type=\"application\/ld+json\" class=\"yoast-schema-graph\">{\"@context\":\"https:\/\/schema.org\",\"@graph\":[{\"@type\":\"WebPage\",\"@id\":\"https:\/\/7abloom.com\/es\/politica-de-devoluciones-y-reembolsos\/\",\"url\":\"https:\/\/7abloom.com\/es\/politica-de-devoluciones-y-reembolsos\/\",\"name\":\"Pol\u00edtica de devoluciones y reembolsos - 7Abloom\",\"isPartOf\":{\"@id\":\"https:\/\/7abloom.com\/es\/#website\"},\"datePublished\":\"2021-07-22T14:17:33+00:00\",\"dateModified\":\"2023-04-23T19:47:28+00:00\",\"description\":\"Los pedidos personalizados tienen un plazo de 15 minutos despu\u00e9s de realizar el pedido para cancelarlo y recibir un reembolso completo. Una vez transcurrido el plazo de 15 minutos, todos los pedidos personalizados se considerar\u00e1n definitivos y no se reembolsar\u00e1n.\",\"breadcrumb\":{\"@id\":\"https:\/\/7abloom.com\/es\/politica-de-devoluciones-y-reembolsos\/#breadcrumb\"},\"inLanguage\":\"es\",\"potentialAction\":[{\"@type\":\"ReadAction\",\"target\":[\"https:\/\/7abloom.com\/es\/politica-de-devoluciones-y-reembolsos\/\"]}]},{\"@type\":\"BreadcrumbList\",\"@id\":\"https:\/\/7abloom.com\/es\/politica-de-devoluciones-y-reembolsos\/#breadcrumb\",\"itemListElement\":[{\"@type\":\"ListItem\",\"position\":1,\"name\":\"Home\",\"item\":\"https:\/\/7abloom.com\/es\/\"},{\"@type\":\"ListItem\",\"position\":2,\"name\":\"Pol\u00edtica de devoluciones y reembolsos\"}]},{\"@type\":\"WebSite\",\"@id\":\"https:\/\/7abloom.com\/es\/#website\",\"url\":\"https:\/\/7abloom.com\/es\/\",\"name\":\"7Abloom\",\"description\":\"7abloom\",\"publisher\":{\"@id\":\"https:\/\/7abloom.com\/es\/#organization\"},\"potentialAction\":[{\"@type\":\"SearchAction\",\"target\":{\"@type\":\"EntryPoint\",\"urlTemplate\":\"https:\/\/7abloom.com\/es\/?s={search_term_string}\"},\"query-input\":{\"@type\":\"PropertyValueSpecification\",\"valueRequired\":true,\"valueName\":\"search_term_string\"}}],\"inLanguage\":\"es\"},{\"@type\":\"Organization\",\"@id\":\"https:\/\/7abloom.com\/es\/#organization\",\"name\":\"7Abloom\",\"url\":\"https:\/\/7abloom.com\/es\/\",\"logo\":{\"@type\":\"ImageObject\",\"inLanguage\":\"es\",\"@id\":\"https:\/\/7abloom.com\/es\/#\/schema\/logo\/image\/\",\"url\":\"https:\/\/i1.wp.com\/7abloom.com\/wp-content\/uploads\/2021\/07\/7a-logo-green.png?fit=126%2C126&ssl=1\",\"contentUrl\":\"https:\/\/i1.wp.com\/7abloom.com\/wp-content\/uploads\/2021\/07\/7a-logo-green.png?fit=126%2C126&ssl=1\",\"width\":126,\"height\":126,\"caption\":\"7Abloom\"},\"image\":{\"@id\":\"https:\/\/7abloom.com\/es\/#\/schema\/logo\/image\/\"},\"sameAs\":[\"https:\/\/www.facebook.com\/7abloom\/\",\"https:\/\/x.com\/7_abloom\",\"https:\/\/www.instagram.com\/7abloom\/\",\"https:\/\/www.pinterest.com\/7abloom\/\"]}]}<\/script>\n<!-- \/ Yoast SEO plugin. -->","yoast_head_json":{"title":"Pol\u00edtica de devoluciones y reembolsos - 7Abloom","description":"Los pedidos personalizados tienen un plazo de 15 minutos despu\u00e9s de realizar el pedido para cancelarlo y recibir un reembolso completo. Una vez transcurrido el plazo de 15 minutos, todos los pedidos personalizados se considerar\u00e1n definitivos y no se reembolsar\u00e1n.","robots":{"index":"index","follow":"follow","max-snippet":"max-snippet:-1","max-image-preview":"max-image-preview:large","max-video-preview":"max-video-preview:-1"},"canonical":"https:\/\/7abloom.com\/es\/politica-de-devoluciones-y-reembolsos\/","og_locale":"es_ES","og_type":"article","og_title":"Pol\u00edtica de devoluciones y reembolsos - 7Abloom","og_description":"Los pedidos personalizados tienen un plazo de 15 minutos despu\u00e9s de realizar el pedido para cancelarlo y recibir un reembolso completo. Una vez transcurrido el plazo de 15 minutos, todos los pedidos personalizados se considerar\u00e1n definitivos y no se reembolsar\u00e1n.","og_url":"https:\/\/7abloom.com\/es\/politica-de-devoluciones-y-reembolsos\/","og_site_name":"7Abloom","article_publisher":"https:\/\/www.facebook.com\/7abloom\/","article_modified_time":"2023-04-23T19:47:28+00:00","twitter_card":"summary_large_image","twitter_site":"@7_abloom","twitter_misc":{"Tiempo de lectura":"1 minuto"},"schema":{"@context":"https:\/\/schema.org","@graph":[{"@type":"WebPage","@id":"https:\/\/7abloom.com\/es\/politica-de-devoluciones-y-reembolsos\/","url":"https:\/\/7abloom.com\/es\/politica-de-devoluciones-y-reembolsos\/","name":"Pol\u00edtica de devoluciones y reembolsos - 7Abloom","isPartOf":{"@id":"https:\/\/7abloom.com\/es\/#website"},"datePublished":"2021-07-22T14:17:33+00:00","dateModified":"2023-04-23T19:47:28+00:00","description":"Los pedidos personalizados tienen un plazo de 15 minutos despu\u00e9s de realizar el pedido para cancelarlo y recibir un reembolso completo. Una vez transcurrido el plazo de 15 minutos, todos los pedidos personalizados se considerar\u00e1n definitivos y no se reembolsar\u00e1n.","breadcrumb":{"@id":"https:\/\/7abloom.com\/es\/politica-de-devoluciones-y-reembolsos\/#breadcrumb"},"inLanguage":"es","potentialAction":[{"@type":"ReadAction","target":["https:\/\/7abloom.com\/es\/politica-de-devoluciones-y-reembolsos\/"]}]},{"@type":"BreadcrumbList","@id":"https:\/\/7abloom.com\/es\/politica-de-devoluciones-y-reembolsos\/#breadcrumb","itemListElement":[{"@type":"ListItem","position":1,"name":"Home","item":"https:\/\/7abloom.com\/es\/"},{"@type":"ListItem","position":2,"name":"Pol\u00edtica de devoluciones y reembolsos"}]},{"@type":"WebSite","@id":"https:\/\/7abloom.com\/es\/#website","url":"https:\/\/7abloom.com\/es\/","name":"7Abloom","description":"7abloom","publisher":{"@id":"https:\/\/7abloom.com\/es\/#organization"},"potentialAction":[{"@type":"SearchAction","target":{"@type":"EntryPoint","urlTemplate":"https:\/\/7abloom.com\/es\/?s={search_term_string}"},"query-input":{"@type":"PropertyValueSpecification","valueRequired":true,"valueName":"search_term_string"}}],"inLanguage":"es"},{"@type":"Organization","@id":"https:\/\/7abloom.com\/es\/#organization","name":"7Abloom","url":"https:\/\/7abloom.com\/es\/","logo":{"@type":"ImageObject","inLanguage":"es","@id":"https:\/\/7abloom.com\/es\/#\/schema\/logo\/image\/","url":"https:\/\/i1.wp.com\/7abloom.com\/wp-content\/uploads\/2021\/07\/7a-logo-green.png?fit=126%2C126&ssl=1","contentUrl":"https:\/\/i1.wp.com\/7abloom.com\/wp-content\/uploads\/2021\/07\/7a-logo-green.png?fit=126%2C126&ssl=1","width":126,"height":126,"caption":"7Abloom"},"image":{"@id":"https:\/\/7abloom.com\/es\/#\/schema\/logo\/image\/"},"sameAs":["https:\/\/www.facebook.com\/7abloom\/","https:\/\/x.com\/7_abloom","https:\/\/www.instagram.com\/7abloom\/","https:\/\/www.pinterest.com\/7abloom\/"]}]}},"_links":{"self":[{"href":"https:\/\/7abloom.com\/es\/wp-json\/wp\/v2\/pages\/4731","targetHints":{"allow":["GET"]}}],"collection":[{"href":"https:\/\/7abloom.com\/es\/wp-json\/wp\/v2\/pages"}],"about":[{"href":"https:\/\/7abloom.com\/es\/wp-json\/wp\/v2\/types\/page"}],"author":[{"embeddable":true,"href":"https:\/\/7abloom.com\/es\/wp-json\/wp\/v2\/users\/1"}],"replies":[{"embeddable":true,"href":"https:\/\/7abloom.com\/es\/wp-json\/wp\/v2\/comments?post=4731"}],"version-history":[{"count":0,"href":"https:\/\/7abloom.com\/es\/wp-json\/wp\/v2\/pages\/4731\/revisions"}],"wp:attachment":[{"href":"https:\/\/7abloom.com\/es\/wp-json\/wp\/v2\/media?parent=4731"}],"curies":[{"name":"wp","href":"https:\/\/api.w.org\/{rel}","templated":true}]}}