{"id":4792,"date":"2021-01-03T15:38:56","date_gmt":"2021-01-03T20:38:56","guid":{"rendered":"https:\/\/7abloom.com\/shop\/crema-hidratante-karite\/"},"modified":"2024-09-05T11:56:35","modified_gmt":"2024-09-05T15:56:35","slug":"crema-hidratante-karite","status":"publish","type":"product","link":"https:\/\/7abloom.com\/es\/shop\/crema-hidratante-karite\/","title":{"rendered":"Crema Hidratante Karit\u00e9"},"content":{"rendered":"<p>USO POLIVALENTE  <\/p>\n<ul>\n<li>Crema para pies y manos<\/li>\n<li>Tambi\u00e9n puede utilizarse como b\u00e1lsamo y brillo labial y producto refrescante para despu\u00e9s de la depilaci\u00f3n (cejas, piernas)<\/li>\n<\/ul>\n","protected":false},"excerpt":{"rendered":"<p>Nuestra Crema Hidratante de Karit\u00e9+ es una manteca corporal multiusos que dejar\u00e1 su piel hidratada durante horas. Tambi\u00e9n se puede utilizar como crema para manos y pies, b\u00e1lsamo y brillo labial, o como producto refrescante para despu\u00e9s de la depilaci\u00f3n (cejas, piernas).  <strong>USO POLIVALENTE<\/strong><\/p>\n<ul>\n<li>Crema para pies y manos<\/li>\n<li>Tambi\u00e9n puede utilizarse como b\u00e1lsamo y brillo labial y producto refrescante para despu\u00e9s de la depilaci\u00f3n (cejas, piernas)<\/li>\n<\/ul>\n<p><strong>PRESTACIONES<\/strong><\/p>\n<ul>\n<li>Cura e hidrata manos, pies, labios y piernas agrietados. Tu piel retendr\u00e1 los aceites durante horas.<\/li>\n<li>Extremadamente hidratante y no graso.<\/li>\n<li>Niveles significativos de vitaminas A y E, que favorecen una fuerte actividad antioxidante.<\/li>\n<li>Estimula la producci\u00f3n de col\u00e1geno y favorece la regeneraci\u00f3n celular.<\/li>\n<li>Minimiza la irritaci\u00f3n causada por factores ambientales, como el clima seco.<\/li>\n<li>Los aceites esenciales de lavanda y naranja ayudan a disminuir la ansiedad y mejoran el estado de \u00e1nimo.<\/li>\n<\/ul>\n<p>  Y mucho m\u00e1s.  <strong>INGREDIENTES<\/strong><\/p>\n<ul>\n<li>Manteca de karit\u00e9, aceite de coco, aceite de ricino, aceite de oliva, aceite de lav\u00e1ndula angustifolia b\u00falgara (lavanda), aceite esencial puro de naranja y aceite de vitamina E (d alfa-tocoferol).<\/li>\n<li>Sin productos qu\u00edmicos ni \u00e1cidos Sin ingredientes sint\u00e9ticos. SIEMPRE.<\/li>\n<li>Envase ecol\u00f3gico: tarro de bamb\u00fa 100% REAL. #saynotoplastic<\/li>\n<li>El producto tiene 50 ml y cabe f\u00e1cilmente en la mayor\u00eda de los bolsos.<\/li>\n<\/ul>\n<p><strong>INSTRUCCIONES DE USO<\/strong><\/p>\n<ul>\n<li>Tomar una cucharadita de la manteca del tarro de bamb\u00fa y frotar el producto sobre la piel. Aplicar sobre la piel h\u00fameda o seca (rostro o cuerpo).<\/li>\n<li>El producto debe ser f\u00e1cil de extender. Conservar a temperatura ambiente. En caso de que la mantequilla se derrita, no se preocupe; gu\u00e1rdela en el frigor\u00edfico durante 30 minutos.<\/li>\n<li>Recomendamos probar una peque\u00f1a cantidad 24 horas antes de su uso como prueba aleatoria.<\/li>\n<\/ul>\n<p><strong> <\/strong><\/p>\n","protected":false},"featured_media":4436,"comment_status":"open","ping_status":"closed","template":"","meta":{"jetpack_publicize_message":"","jetpack_publicize_feature_enabled":true,"jetpack_social_post_already_shared":true,"jetpack_social_options":{"image_generator_settings":{"template":"highway","default_image_id":0,"font":"","enabled":false},"version":2}},"product_brand":[],"product_cat":[200,196],"product_tag":[205,215,201,198,199],"class_list":{"0":"post-4792","1":"product","2":"type-product","3":"status-publish","4":"has-post-thumbnail","6":"product_cat-crema-para-pies","7":"product_cat-manteca-corporal","8":"product_tag-bodybutter-es","9":"product_tag-cuidado-de-la-piel-ecologico","10":"product_tag-hecho-a-mano","11":"product_tag-manteca-de-karite","12":"product_tag-organico","13":"sales-flash-overlay","14":"woocommerce-text-align-left","15":"woocommerce-image-align-center","16":"do-quantity-buttons","17":"wc-has-gallery","19":"first","20":"onbackorder","21":"sale","22":"featured","23":"taxable","24":"shipping-taxable","25":"purchasable","26":"product-type-simple"},"yoast_head":"<!-- This site is optimized with the Yoast SEO plugin v26.6 - https:\/\/yoast.com\/wordpress\/plugins\/seo\/ -->\n<title>Crema Hidratante Karit\u00e9 - 7Abloom<\/title>\n<meta name=\"description\" content=\"Shea Butter+ Moisturizing Cream es una manteca corporal multiusos que dejar\u00e1 su piel hidratada durante horas. Ideal para manos, pies, labios y piernas.\" \/>\n<meta name=\"robots\" content=\"index, follow, max-snippet:-1, max-image-preview:large, max-video-preview:-1\" \/>\n<link rel=\"canonical\" href=\"https:\/\/7abloom.com\/es\/shop\/crema-hidratante-karite\/\" \/>\n<meta property=\"og:locale\" content=\"es_ES\" \/>\n<meta property=\"og:type\" content=\"article\" \/>\n<meta property=\"og:title\" content=\"Crema Hidratante Karit\u00e9 - 7Abloom\" \/>\n<meta property=\"og:description\" content=\"Shea Butter+ Moisturizing Cream es una manteca corporal multiusos que dejar\u00e1 su piel hidratada durante horas. Ideal para manos, pies, labios y piernas.\" \/>\n<meta property=\"og:url\" content=\"https:\/\/7abloom.com\/es\/shop\/crema-hidratante-karite\/\" \/>\n<meta property=\"og:site_name\" content=\"7Abloom\" \/>\n<meta property=\"article:publisher\" content=\"https:\/\/www.facebook.com\/7abloom\/\" \/>\n<meta property=\"article:modified_time\" content=\"2024-09-05T15:56:35+00:00\" \/>\n<meta property=\"og:image\" content=\"https:\/\/i0.wp.com\/7abloom.com\/wp-content\/uploads\/2021\/01\/jar-1.jpg?fit=728%2C546&ssl=1\" \/>\n\t<meta property=\"og:image:width\" content=\"728\" \/>\n\t<meta property=\"og:image:height\" content=\"546\" \/>\n\t<meta property=\"og:image:type\" content=\"image\/jpeg\" \/>\n<meta name=\"twitter:card\" content=\"summary_large_image\" \/>\n<meta name=\"twitter:site\" content=\"@7_abloom\" \/>\n<script type=\"application\/ld+json\" class=\"yoast-schema-graph\">{\"@context\":\"https:\/\/schema.org\",\"@graph\":[{\"@type\":\"WebPage\",\"@id\":\"https:\/\/7abloom.com\/es\/shop\/crema-hidratante-karite\/\",\"url\":\"https:\/\/7abloom.com\/es\/shop\/crema-hidratante-karite\/\",\"name\":\"Crema Hidratante Karit\u00e9 - 7Abloom\",\"isPartOf\":{\"@id\":\"https:\/\/7abloom.com\/es\/#website\"},\"primaryImageOfPage\":{\"@id\":\"https:\/\/7abloom.com\/es\/shop\/crema-hidratante-karite\/#primaryimage\"},\"image\":{\"@id\":\"https:\/\/7abloom.com\/es\/shop\/crema-hidratante-karite\/#primaryimage\"},\"thumbnailUrl\":\"https:\/\/7abloom.com\/wp-content\/uploads\/2021\/01\/jar-1.jpg\",\"datePublished\":\"2021-01-03T20:38:56+00:00\",\"dateModified\":\"2024-09-05T15:56:35+00:00\",\"description\":\"Shea Butter+ Moisturizing Cream es una manteca corporal multiusos que dejar\u00e1 su piel hidratada durante horas. Ideal para manos, pies, labios y piernas.\",\"breadcrumb\":{\"@id\":\"https:\/\/7abloom.com\/es\/shop\/crema-hidratante-karite\/#breadcrumb\"},\"inLanguage\":\"es\",\"potentialAction\":[{\"@type\":\"ReadAction\",\"target\":[\"https:\/\/7abloom.com\/es\/shop\/crema-hidratante-karite\/\"]}]},{\"@type\":\"ImageObject\",\"inLanguage\":\"es\",\"@id\":\"https:\/\/7abloom.com\/es\/shop\/crema-hidratante-karite\/#primaryimage\",\"url\":\"https:\/\/7abloom.com\/wp-content\/uploads\/2021\/01\/jar-1.jpg\",\"contentUrl\":\"https:\/\/7abloom.com\/wp-content\/uploads\/2021\/01\/jar-1.jpg\",\"width\":728,\"height\":546,\"caption\":\"Crema de pies de manteca de karit\u00e9\"},{\"@type\":\"BreadcrumbList\",\"@id\":\"https:\/\/7abloom.com\/es\/shop\/crema-hidratante-karite\/#breadcrumb\",\"itemListElement\":[{\"@type\":\"ListItem\",\"position\":1,\"name\":\"Home\",\"item\":\"https:\/\/7abloom.com\/es\/\"},{\"@type\":\"ListItem\",\"position\":2,\"name\":\"Tienda\",\"item\":\"https:\/\/7abloom.com\/es\/tienda\/\"},{\"@type\":\"ListItem\",\"position\":3,\"name\":\"Crema Hidratante Karit\u00e9\"}]},{\"@type\":\"WebSite\",\"@id\":\"https:\/\/7abloom.com\/es\/#website\",\"url\":\"https:\/\/7abloom.com\/es\/\",\"name\":\"7Abloom\",\"description\":\"7abloom\",\"publisher\":{\"@id\":\"https:\/\/7abloom.com\/es\/#organization\"},\"potentialAction\":[{\"@type\":\"SearchAction\",\"target\":{\"@type\":\"EntryPoint\",\"urlTemplate\":\"https:\/\/7abloom.com\/es\/?s={search_term_string}\"},\"query-input\":{\"@type\":\"PropertyValueSpecification\",\"valueRequired\":true,\"valueName\":\"search_term_string\"}}],\"inLanguage\":\"es\"},{\"@type\":\"Organization\",\"@id\":\"https:\/\/7abloom.com\/es\/#organization\",\"name\":\"7Abloom\",\"url\":\"https:\/\/7abloom.com\/es\/\",\"logo\":{\"@type\":\"ImageObject\",\"inLanguage\":\"es\",\"@id\":\"https:\/\/7abloom.com\/es\/#\/schema\/logo\/image\/\",\"url\":\"https:\/\/i1.wp.com\/7abloom.com\/wp-content\/uploads\/2021\/07\/7a-logo-green.png?fit=126%2C126&ssl=1\",\"contentUrl\":\"https:\/\/i1.wp.com\/7abloom.com\/wp-content\/uploads\/2021\/07\/7a-logo-green.png?fit=126%2C126&ssl=1\",\"width\":126,\"height\":126,\"caption\":\"7Abloom\"},\"image\":{\"@id\":\"https:\/\/7abloom.com\/es\/#\/schema\/logo\/image\/\"},\"sameAs\":[\"https:\/\/www.facebook.com\/7abloom\/\",\"https:\/\/x.com\/7_abloom\",\"https:\/\/www.instagram.com\/7abloom\/\",\"https:\/\/www.pinterest.com\/7abloom\/\"]}]}<\/script>\n<!-- \/ Yoast SEO plugin. -->","yoast_head_json":{"title":"Crema Hidratante Karit\u00e9 - 7Abloom","description":"Shea Butter+ Moisturizing Cream es una manteca corporal multiusos que dejar\u00e1 su piel hidratada durante horas. Ideal para manos, pies, labios y piernas.","robots":{"index":"index","follow":"follow","max-snippet":"max-snippet:-1","max-image-preview":"max-image-preview:large","max-video-preview":"max-video-preview:-1"},"canonical":"https:\/\/7abloom.com\/es\/shop\/crema-hidratante-karite\/","og_locale":"es_ES","og_type":"article","og_title":"Crema Hidratante Karit\u00e9 - 7Abloom","og_description":"Shea Butter+ Moisturizing Cream es una manteca corporal multiusos que dejar\u00e1 su piel hidratada durante horas. Ideal para manos, pies, labios y piernas.","og_url":"https:\/\/7abloom.com\/es\/shop\/crema-hidratante-karite\/","og_site_name":"7Abloom","article_publisher":"https:\/\/www.facebook.com\/7abloom\/","article_modified_time":"2024-09-05T15:56:35+00:00","og_image":[{"width":728,"height":546,"url":"https:\/\/i0.wp.com\/7abloom.com\/wp-content\/uploads\/2021\/01\/jar-1.jpg?fit=728%2C546&ssl=1","type":"image\/jpeg"}],"twitter_card":"summary_large_image","twitter_site":"@7_abloom","schema":{"@context":"https:\/\/schema.org","@graph":[{"@type":"WebPage","@id":"https:\/\/7abloom.com\/es\/shop\/crema-hidratante-karite\/","url":"https:\/\/7abloom.com\/es\/shop\/crema-hidratante-karite\/","name":"Crema Hidratante Karit\u00e9 - 7Abloom","isPartOf":{"@id":"https:\/\/7abloom.com\/es\/#website"},"primaryImageOfPage":{"@id":"https:\/\/7abloom.com\/es\/shop\/crema-hidratante-karite\/#primaryimage"},"image":{"@id":"https:\/\/7abloom.com\/es\/shop\/crema-hidratante-karite\/#primaryimage"},"thumbnailUrl":"https:\/\/7abloom.com\/wp-content\/uploads\/2021\/01\/jar-1.jpg","datePublished":"2021-01-03T20:38:56+00:00","dateModified":"2024-09-05T15:56:35+00:00","description":"Shea Butter+ Moisturizing Cream es una manteca corporal multiusos que dejar\u00e1 su piel hidratada durante horas. Ideal para manos, pies, labios y piernas.","breadcrumb":{"@id":"https:\/\/7abloom.com\/es\/shop\/crema-hidratante-karite\/#breadcrumb"},"inLanguage":"es","potentialAction":[{"@type":"ReadAction","target":["https:\/\/7abloom.com\/es\/shop\/crema-hidratante-karite\/"]}]},{"@type":"ImageObject","inLanguage":"es","@id":"https:\/\/7abloom.com\/es\/shop\/crema-hidratante-karite\/#primaryimage","url":"https:\/\/7abloom.com\/wp-content\/uploads\/2021\/01\/jar-1.jpg","contentUrl":"https:\/\/7abloom.com\/wp-content\/uploads\/2021\/01\/jar-1.jpg","width":728,"height":546,"caption":"Crema de pies de manteca de karit\u00e9"},{"@type":"BreadcrumbList","@id":"https:\/\/7abloom.com\/es\/shop\/crema-hidratante-karite\/#breadcrumb","itemListElement":[{"@type":"ListItem","position":1,"name":"Home","item":"https:\/\/7abloom.com\/es\/"},{"@type":"ListItem","position":2,"name":"Tienda","item":"https:\/\/7abloom.com\/es\/tienda\/"},{"@type":"ListItem","position":3,"name":"Crema Hidratante Karit\u00e9"}]},{"@type":"WebSite","@id":"https:\/\/7abloom.com\/es\/#website","url":"https:\/\/7abloom.com\/es\/","name":"7Abloom","description":"7abloom","publisher":{"@id":"https:\/\/7abloom.com\/es\/#organization"},"potentialAction":[{"@type":"SearchAction","target":{"@type":"EntryPoint","urlTemplate":"https:\/\/7abloom.com\/es\/?s={search_term_string}"},"query-input":{"@type":"PropertyValueSpecification","valueRequired":true,"valueName":"search_term_string"}}],"inLanguage":"es"},{"@type":"Organization","@id":"https:\/\/7abloom.com\/es\/#organization","name":"7Abloom","url":"https:\/\/7abloom.com\/es\/","logo":{"@type":"ImageObject","inLanguage":"es","@id":"https:\/\/7abloom.com\/es\/#\/schema\/logo\/image\/","url":"https:\/\/i1.wp.com\/7abloom.com\/wp-content\/uploads\/2021\/07\/7a-logo-green.png?fit=126%2C126&ssl=1","contentUrl":"https:\/\/i1.wp.com\/7abloom.com\/wp-content\/uploads\/2021\/07\/7a-logo-green.png?fit=126%2C126&ssl=1","width":126,"height":126,"caption":"7Abloom"},"image":{"@id":"https:\/\/7abloom.com\/es\/#\/schema\/logo\/image\/"},"sameAs":["https:\/\/www.facebook.com\/7abloom\/","https:\/\/x.com\/7_abloom","https:\/\/www.instagram.com\/7abloom\/","https:\/\/www.pinterest.com\/7abloom\/"]}]}},"jetpack_publicize_connections":[],"_links":{"self":[{"href":"https:\/\/7abloom.com\/es\/wp-json\/wp\/v2\/product\/4792","targetHints":{"allow":["GET"]}}],"collection":[{"href":"https:\/\/7abloom.com\/es\/wp-json\/wp\/v2\/product"}],"about":[{"href":"https:\/\/7abloom.com\/es\/wp-json\/wp\/v2\/types\/product"}],"replies":[{"embeddable":true,"href":"https:\/\/7abloom.com\/es\/wp-json\/wp\/v2\/comments?post=4792"}],"wp:featuredmedia":[{"embeddable":true,"href":"https:\/\/7abloom.com\/es\/wp-json\/wp\/v2\/media\/4436"}],"wp:attachment":[{"href":"https:\/\/7abloom.com\/es\/wp-json\/wp\/v2\/media?parent=4792"}],"wp:term":[{"taxonomy":"product_brand","embeddable":true,"href":"https:\/\/7abloom.com\/es\/wp-json\/wp\/v2\/product_brand?post=4792"},{"taxonomy":"product_cat","embeddable":true,"href":"https:\/\/7abloom.com\/es\/wp-json\/wp\/v2\/product_cat?post=4792"},{"taxonomy":"product_tag","embeddable":true,"href":"https:\/\/7abloom.com\/es\/wp-json\/wp\/v2\/product_tag?post=4792"}],"curies":[{"name":"wp","href":"https:\/\/api.w.org\/{rel}","templated":true}]}}