{"id":4793,"date":"2021-03-09T19:02:05","date_gmt":"2021-03-10T00:02:05","guid":{"rendered":"https:\/\/7abloom.com\/shop\/set-de-4-jabones-cold-press\/"},"modified":"2023-04-29T16:58:46","modified_gmt":"2023-04-29T20:58:46","slug":"set-de-4-jabones-cold-press","status":"publish","type":"product","link":"https:\/\/7abloom.com\/es\/shop\/set-de-4-jabones-cold-press\/","title":{"rendered":"Set de 4 jabones Cold Press"},"content":{"rendered":"<p>Nuestro set de cuatro jabones de presi\u00f3n en fr\u00edo crea una seductora armon\u00eda de fragancias terrosas combinadas con una suave espuma que deja la piel limpia, hidratada y nutrida. Elaborado con ingredientes de calidad como manteca de karit\u00e9, aceite de oliva y aceite de coco, este set ser\u00eda un atractivo regalo o un valioso complemento para cualquier cuarto de ba\u00f1o.<\/p>\n<p><iframe loading=\"lazy\" title=\"Reproductor de v\u00eddeo de YouTube\" src=\"https:\/\/www.youtube.com\/embed\/zVz6o08g5Po\" width=\"560\" height=\"315\" frameborder=\"0\" allowfullscreen=\"allowfullscreen\"><\/iframe><\/p>\n","protected":false},"excerpt":{"rendered":"<p>Reciba su pedido en 2-3 d\u00edas y ahorre $$ comprando este hermoso set de cuatro jabones para usted y\/o para otros.<\/p>\n<ul>\n<li>Todos nuestros jabones contienen los siguientes ingredientes clave: manteca de karit\u00e9, aceite de oliva, aceite de coco, aceite de girasol, aceite de soja, aceite de ma\u00edz, agua, lej\u00eda y fragancia. Durante el proceso de compra, indique los jabones que desea de la siguiente lista:<\/li>\n<li>Lavanda suave (sutil, atrevido y limpio)<br \/>\nLemongrass (limpio y dulce y contiene hierba lim\u00f3n)<br \/>\nVainilla suave y elegante (dulce, sofisticada, pero no muy fuerte)<br \/>\nJab\u00f3n negro dulce (contiene carb\u00f3n activado, rico pero sutil)<br \/>\nEscape Reality (mezcla floral, picante)<br \/>\nDelicia de avena (contiene avena molida, rica)<br \/>\nJuicy Cherry (afrutado y dulce, huele a cerezas)<\/li>\n<\/ul>\n","protected":false},"featured_media":4551,"comment_status":"open","ping_status":"closed","template":"","meta":{"jetpack_publicize_message":"","jetpack_publicize_feature_enabled":true,"jetpack_social_post_already_shared":true,"jetpack_social_options":{"image_generator_settings":{"template":"highway","default_image_id":0,"font":"","enabled":false},"version":2}},"product_brand":[],"product_cat":[197],"product_tag":[217,220,209,199,213,203,211,219,225,222,206],"class_list":{"0":"post-4793","1":"product","2":"type-product","3":"status-publish","4":"has-post-thumbnail","6":"product_cat-bano-2","7":"product_tag-a-granel","8":"product_tag-descuentos","9":"product_tag-jabon-artesanal","10":"product_tag-organico","11":"product_tag-paquete-de-atencion","12":"product_tag-prensado-en-frio","13":"product_tag-regalo","14":"product_tag-set-de-regalo","15":"product_tag-spa-es","16":"product_tag-suscribase-a","17":"product_tag-vegano","18":"sales-flash-overlay","19":"woocommerce-text-align-left","20":"woocommerce-image-align-center","21":"do-quantity-buttons","22":"wc-has-gallery","24":"first","25":"instock","26":"sale","27":"featured","28":"taxable","29":"shipping-taxable","30":"purchasable","31":"product-type-simple"},"yoast_head":"<!-- This site is optimized with the Yoast SEO plugin v26.6 - https:\/\/yoast.com\/wordpress\/plugins\/seo\/ -->\n<title>Set de 4 jabones Cold Press - 7Abloom<\/title>\n<meta name=\"description\" content=\"Reciba su pedido en 2-3 d\u00edas y ahorre $$ comprando este hermoso set de cuatro jabones para usted y sus seres queridos.\" \/>\n<meta name=\"robots\" content=\"index, follow, max-snippet:-1, max-image-preview:large, max-video-preview:-1\" \/>\n<link rel=\"canonical\" href=\"https:\/\/7abloom.com\/es\/shop\/set-de-4-jabones-cold-press\/\" \/>\n<meta property=\"og:locale\" content=\"es_ES\" \/>\n<meta property=\"og:type\" content=\"article\" \/>\n<meta property=\"og:title\" content=\"Set de 4 jabones Cold Press - 7Abloom\" \/>\n<meta property=\"og:description\" content=\"Reciba su pedido en 2-3 d\u00edas y ahorre $$ comprando este hermoso set de cuatro jabones para usted y sus seres queridos.\" \/>\n<meta property=\"og:url\" content=\"https:\/\/7abloom.com\/es\/shop\/set-de-4-jabones-cold-press\/\" \/>\n<meta property=\"og:site_name\" content=\"7Abloom\" \/>\n<meta property=\"article:publisher\" content=\"https:\/\/www.facebook.com\/7abloom\/\" \/>\n<meta property=\"article:modified_time\" content=\"2023-04-29T20:58:46+00:00\" \/>\n<meta property=\"og:image\" content=\"https:\/\/i0.wp.com\/7abloom.com\/wp-content\/uploads\/2021\/03\/il_794xN.2865437996_1ttz.jpg?fit=794%2C1328&ssl=1\" \/>\n\t<meta property=\"og:image:width\" content=\"794\" \/>\n\t<meta property=\"og:image:height\" content=\"1328\" \/>\n\t<meta property=\"og:image:type\" content=\"image\/jpeg\" \/>\n<meta name=\"twitter:card\" content=\"summary_large_image\" \/>\n<meta name=\"twitter:site\" content=\"@7_abloom\" \/>\n<script type=\"application\/ld+json\" class=\"yoast-schema-graph\">{\"@context\":\"https:\/\/schema.org\",\"@graph\":[{\"@type\":\"WebPage\",\"@id\":\"https:\/\/7abloom.com\/es\/shop\/set-de-4-jabones-cold-press\/\",\"url\":\"https:\/\/7abloom.com\/es\/shop\/set-de-4-jabones-cold-press\/\",\"name\":\"Set de 4 jabones Cold Press - 7Abloom\",\"isPartOf\":{\"@id\":\"https:\/\/7abloom.com\/es\/#website\"},\"primaryImageOfPage\":{\"@id\":\"https:\/\/7abloom.com\/es\/shop\/set-de-4-jabones-cold-press\/#primaryimage\"},\"image\":{\"@id\":\"https:\/\/7abloom.com\/es\/shop\/set-de-4-jabones-cold-press\/#primaryimage\"},\"thumbnailUrl\":\"https:\/\/7abloom.com\/wp-content\/uploads\/2021\/03\/il_794xN.2865437996_1ttz.jpg\",\"datePublished\":\"2021-03-10T00:02:05+00:00\",\"dateModified\":\"2023-04-29T20:58:46+00:00\",\"description\":\"Reciba su pedido en 2-3 d\u00edas y ahorre $$ comprando este hermoso set de cuatro jabones para usted y sus seres queridos.\",\"breadcrumb\":{\"@id\":\"https:\/\/7abloom.com\/es\/shop\/set-de-4-jabones-cold-press\/#breadcrumb\"},\"inLanguage\":\"es\",\"potentialAction\":[{\"@type\":\"ReadAction\",\"target\":[\"https:\/\/7abloom.com\/es\/shop\/set-de-4-jabones-cold-press\/\"]}]},{\"@type\":\"ImageObject\",\"inLanguage\":\"es\",\"@id\":\"https:\/\/7abloom.com\/es\/shop\/set-de-4-jabones-cold-press\/#primaryimage\",\"url\":\"https:\/\/7abloom.com\/wp-content\/uploads\/2021\/03\/il_794xN.2865437996_1ttz.jpg\",\"contentUrl\":\"https:\/\/7abloom.com\/wp-content\/uploads\/2021\/03\/il_794xN.2865437996_1ttz.jpg\",\"width\":794,\"height\":1328,\"caption\":\"Set de 4 jabones Cold Press\"},{\"@type\":\"BreadcrumbList\",\"@id\":\"https:\/\/7abloom.com\/es\/shop\/set-de-4-jabones-cold-press\/#breadcrumb\",\"itemListElement\":[{\"@type\":\"ListItem\",\"position\":1,\"name\":\"Home\",\"item\":\"https:\/\/7abloom.com\/es\/\"},{\"@type\":\"ListItem\",\"position\":2,\"name\":\"Tienda\",\"item\":\"https:\/\/7abloom.com\/es\/tienda\/\"},{\"@type\":\"ListItem\",\"position\":3,\"name\":\"Set de 4 jabones Cold Press\"}]},{\"@type\":\"WebSite\",\"@id\":\"https:\/\/7abloom.com\/es\/#website\",\"url\":\"https:\/\/7abloom.com\/es\/\",\"name\":\"7Abloom\",\"description\":\"7abloom\",\"publisher\":{\"@id\":\"https:\/\/7abloom.com\/es\/#organization\"},\"potentialAction\":[{\"@type\":\"SearchAction\",\"target\":{\"@type\":\"EntryPoint\",\"urlTemplate\":\"https:\/\/7abloom.com\/es\/?s={search_term_string}\"},\"query-input\":{\"@type\":\"PropertyValueSpecification\",\"valueRequired\":true,\"valueName\":\"search_term_string\"}}],\"inLanguage\":\"es\"},{\"@type\":\"Organization\",\"@id\":\"https:\/\/7abloom.com\/es\/#organization\",\"name\":\"7Abloom\",\"url\":\"https:\/\/7abloom.com\/es\/\",\"logo\":{\"@type\":\"ImageObject\",\"inLanguage\":\"es\",\"@id\":\"https:\/\/7abloom.com\/es\/#\/schema\/logo\/image\/\",\"url\":\"https:\/\/i1.wp.com\/7abloom.com\/wp-content\/uploads\/2021\/07\/7a-logo-green.png?fit=126%2C126&ssl=1\",\"contentUrl\":\"https:\/\/i1.wp.com\/7abloom.com\/wp-content\/uploads\/2021\/07\/7a-logo-green.png?fit=126%2C126&ssl=1\",\"width\":126,\"height\":126,\"caption\":\"7Abloom\"},\"image\":{\"@id\":\"https:\/\/7abloom.com\/es\/#\/schema\/logo\/image\/\"},\"sameAs\":[\"https:\/\/www.facebook.com\/7abloom\/\",\"https:\/\/x.com\/7_abloom\",\"https:\/\/www.instagram.com\/7abloom\/\",\"https:\/\/www.pinterest.com\/7abloom\/\"]}]}<\/script>\n<!-- \/ Yoast SEO plugin. -->","yoast_head_json":{"title":"Set de 4 jabones Cold Press - 7Abloom","description":"Reciba su pedido en 2-3 d\u00edas y ahorre $$ comprando este hermoso set de cuatro jabones para usted y sus seres queridos.","robots":{"index":"index","follow":"follow","max-snippet":"max-snippet:-1","max-image-preview":"max-image-preview:large","max-video-preview":"max-video-preview:-1"},"canonical":"https:\/\/7abloom.com\/es\/shop\/set-de-4-jabones-cold-press\/","og_locale":"es_ES","og_type":"article","og_title":"Set de 4 jabones Cold Press - 7Abloom","og_description":"Reciba su pedido en 2-3 d\u00edas y ahorre $$ comprando este hermoso set de cuatro jabones para usted y sus seres queridos.","og_url":"https:\/\/7abloom.com\/es\/shop\/set-de-4-jabones-cold-press\/","og_site_name":"7Abloom","article_publisher":"https:\/\/www.facebook.com\/7abloom\/","article_modified_time":"2023-04-29T20:58:46+00:00","og_image":[{"width":794,"height":1328,"url":"https:\/\/i0.wp.com\/7abloom.com\/wp-content\/uploads\/2021\/03\/il_794xN.2865437996_1ttz.jpg?fit=794%2C1328&ssl=1","type":"image\/jpeg"}],"twitter_card":"summary_large_image","twitter_site":"@7_abloom","schema":{"@context":"https:\/\/schema.org","@graph":[{"@type":"WebPage","@id":"https:\/\/7abloom.com\/es\/shop\/set-de-4-jabones-cold-press\/","url":"https:\/\/7abloom.com\/es\/shop\/set-de-4-jabones-cold-press\/","name":"Set de 4 jabones Cold Press - 7Abloom","isPartOf":{"@id":"https:\/\/7abloom.com\/es\/#website"},"primaryImageOfPage":{"@id":"https:\/\/7abloom.com\/es\/shop\/set-de-4-jabones-cold-press\/#primaryimage"},"image":{"@id":"https:\/\/7abloom.com\/es\/shop\/set-de-4-jabones-cold-press\/#primaryimage"},"thumbnailUrl":"https:\/\/7abloom.com\/wp-content\/uploads\/2021\/03\/il_794xN.2865437996_1ttz.jpg","datePublished":"2021-03-10T00:02:05+00:00","dateModified":"2023-04-29T20:58:46+00:00","description":"Reciba su pedido en 2-3 d\u00edas y ahorre $$ comprando este hermoso set de cuatro jabones para usted y sus seres queridos.","breadcrumb":{"@id":"https:\/\/7abloom.com\/es\/shop\/set-de-4-jabones-cold-press\/#breadcrumb"},"inLanguage":"es","potentialAction":[{"@type":"ReadAction","target":["https:\/\/7abloom.com\/es\/shop\/set-de-4-jabones-cold-press\/"]}]},{"@type":"ImageObject","inLanguage":"es","@id":"https:\/\/7abloom.com\/es\/shop\/set-de-4-jabones-cold-press\/#primaryimage","url":"https:\/\/7abloom.com\/wp-content\/uploads\/2021\/03\/il_794xN.2865437996_1ttz.jpg","contentUrl":"https:\/\/7abloom.com\/wp-content\/uploads\/2021\/03\/il_794xN.2865437996_1ttz.jpg","width":794,"height":1328,"caption":"Set de 4 jabones Cold Press"},{"@type":"BreadcrumbList","@id":"https:\/\/7abloom.com\/es\/shop\/set-de-4-jabones-cold-press\/#breadcrumb","itemListElement":[{"@type":"ListItem","position":1,"name":"Home","item":"https:\/\/7abloom.com\/es\/"},{"@type":"ListItem","position":2,"name":"Tienda","item":"https:\/\/7abloom.com\/es\/tienda\/"},{"@type":"ListItem","position":3,"name":"Set de 4 jabones Cold Press"}]},{"@type":"WebSite","@id":"https:\/\/7abloom.com\/es\/#website","url":"https:\/\/7abloom.com\/es\/","name":"7Abloom","description":"7abloom","publisher":{"@id":"https:\/\/7abloom.com\/es\/#organization"},"potentialAction":[{"@type":"SearchAction","target":{"@type":"EntryPoint","urlTemplate":"https:\/\/7abloom.com\/es\/?s={search_term_string}"},"query-input":{"@type":"PropertyValueSpecification","valueRequired":true,"valueName":"search_term_string"}}],"inLanguage":"es"},{"@type":"Organization","@id":"https:\/\/7abloom.com\/es\/#organization","name":"7Abloom","url":"https:\/\/7abloom.com\/es\/","logo":{"@type":"ImageObject","inLanguage":"es","@id":"https:\/\/7abloom.com\/es\/#\/schema\/logo\/image\/","url":"https:\/\/i1.wp.com\/7abloom.com\/wp-content\/uploads\/2021\/07\/7a-logo-green.png?fit=126%2C126&ssl=1","contentUrl":"https:\/\/i1.wp.com\/7abloom.com\/wp-content\/uploads\/2021\/07\/7a-logo-green.png?fit=126%2C126&ssl=1","width":126,"height":126,"caption":"7Abloom"},"image":{"@id":"https:\/\/7abloom.com\/es\/#\/schema\/logo\/image\/"},"sameAs":["https:\/\/www.facebook.com\/7abloom\/","https:\/\/x.com\/7_abloom","https:\/\/www.instagram.com\/7abloom\/","https:\/\/www.pinterest.com\/7abloom\/"]}]}},"jetpack_publicize_connections":[],"_links":{"self":[{"href":"https:\/\/7abloom.com\/es\/wp-json\/wp\/v2\/product\/4793","targetHints":{"allow":["GET"]}}],"collection":[{"href":"https:\/\/7abloom.com\/es\/wp-json\/wp\/v2\/product"}],"about":[{"href":"https:\/\/7abloom.com\/es\/wp-json\/wp\/v2\/types\/product"}],"replies":[{"embeddable":true,"href":"https:\/\/7abloom.com\/es\/wp-json\/wp\/v2\/comments?post=4793"}],"wp:featuredmedia":[{"embeddable":true,"href":"https:\/\/7abloom.com\/es\/wp-json\/wp\/v2\/media\/4551"}],"wp:attachment":[{"href":"https:\/\/7abloom.com\/es\/wp-json\/wp\/v2\/media?parent=4793"}],"wp:term":[{"taxonomy":"product_brand","embeddable":true,"href":"https:\/\/7abloom.com\/es\/wp-json\/wp\/v2\/product_brand?post=4793"},{"taxonomy":"product_cat","embeddable":true,"href":"https:\/\/7abloom.com\/es\/wp-json\/wp\/v2\/product_cat?post=4793"},{"taxonomy":"product_tag","embeddable":true,"href":"https:\/\/7abloom.com\/es\/wp-json\/wp\/v2\/product_tag?post=4793"}],"curies":[{"name":"wp","href":"https:\/\/api.w.org\/{rel}","templated":true}]}}