{"id":4795,"date":"2021-02-09T11:11:44","date_gmt":"2021-02-09T16:11:44","guid":{"rendered":"https:\/\/7abloom.com\/shop\/manteca-corporal-batida-de-coco\/"},"modified":"2024-09-05T12:32:52","modified_gmt":"2024-09-05T16:32:52","slug":"mantequilla-de-coco-batida","status":"publish","type":"product","link":"https:\/\/7abloom.com\/es\/shop\/mantequilla-de-coco-batida\/","title":{"rendered":"Manteca corporal batida de coco"},"content":{"rendered":"<p>Manteca corporal batida con aceite de coco prensado en fr\u00edo, aceite de almendras, manteca de karit\u00e9, aceite de jojoba, vitamina E, aceite de rosa mosqueta y polvo de arrurruz.<\/p>\n","protected":false},"excerpt":{"rendered":"<p>Nuestra manteca corporal batida est\u00e1 elaborada con aceite de coco prensado en fr\u00edo, aceite de almendras, manteca de karit\u00e9, aceite de jojoba y vitamina E. Puedes utilizar esta manteca corporal batida en el cuerpo como crema hidratante o de masaje. El aceite de coco ayudar\u00e1 a calmar la piel y a eliminar las zonas secas. Tambi\u00e9n contiene aceite de almendras, rico en vitaminas A, E y F. La manteca de karit\u00e9 ayuda a curar la piel agrietada, mientras que el aceite de jojoba hidrata en profundidad zonas sensibles como codos y rodillas. La vitamina E aportar\u00e1 suavidad y flexibilidad a la piel, ayud\u00e1ndola a regenerarse. El aceite de rosa mosqueta favorece la producci\u00f3n de col\u00e1geno en la piel, lo que hace que el cutis se vea m\u00e1s firme y joven con el paso del tiempo.<\/p>\n","protected":false},"featured_media":4648,"comment_status":"open","ping_status":"closed","template":"","meta":{"jetpack_publicize_message":"","jetpack_publicize_feature_enabled":true,"jetpack_social_post_already_shared":true,"jetpack_social_options":{"image_generator_settings":{"template":"highway","default_image_id":0,"font":"","enabled":false},"version":2}},"product_brand":[],"product_cat":[196],"product_tag":[232,230,208,205,198,199,203,206],"class_list":{"0":"post-4795","1":"product","2":"type-product","3":"status-publish","4":"has-post-thumbnail","6":"product_cat-manteca-corporal","7":"product_tag-aceite-con-fragancia","8":"product_tag-aceite-de-almendras","9":"product_tag-aceite-de-coco","10":"product_tag-bodybutter-es","11":"product_tag-manteca-de-karite","12":"product_tag-organico","13":"product_tag-prensado-en-frio","14":"product_tag-vegano","15":"sales-flash-overlay","16":"woocommerce-text-align-left","17":"woocommerce-image-align-center","18":"do-quantity-buttons","19":"wc-has-gallery","21":"first","22":"instock","23":"taxable","24":"shipping-taxable","25":"purchasable","26":"product-type-simple"},"yoast_head":"<!-- This site is optimized with the Yoast SEO plugin v27.4 - https:\/\/yoast.com\/product\/yoast-seo-wordpress\/ -->\n<title>Manteca corporal batida de coco - 7Abloom<\/title>\n<meta name=\"description\" content=\"Nuestra manteca corporal batida le ayudar\u00e1 a calmar y nutrir su piel. Contiene ingredientes repletos de vitaminas A, E y F que le ayudar\u00e1n a deshacerse de las zonas secas.\" \/>\n<meta name=\"robots\" content=\"index, follow, max-snippet:-1, max-image-preview:large, max-video-preview:-1\" \/>\n<link rel=\"canonical\" href=\"https:\/\/7abloom.com\/es\/shop\/mantequilla-de-coco-batida\/\" \/>\n<meta property=\"og:locale\" content=\"es_ES\" \/>\n<meta property=\"og:type\" content=\"article\" \/>\n<meta property=\"og:title\" content=\"Manteca corporal batida de coco - 7Abloom\" \/>\n<meta property=\"og:description\" content=\"Nuestra manteca corporal batida le ayudar\u00e1 a calmar y nutrir su piel. Contiene ingredientes repletos de vitaminas A, E y F que le ayudar\u00e1n a deshacerse de las zonas secas.\" \/>\n<meta property=\"og:url\" content=\"https:\/\/7abloom.com\/es\/shop\/mantequilla-de-coco-batida\/\" \/>\n<meta property=\"og:site_name\" content=\"7Abloom\" \/>\n<meta property=\"article:publisher\" content=\"https:\/\/www.facebook.com\/7abloom\/\" \/>\n<meta property=\"article:modified_time\" content=\"2024-09-05T16:32:52+00:00\" \/>\n<meta property=\"og:image\" content=\"https:\/\/i0.wp.com\/7abloom.com\/wp-content\/uploads\/2021\/04\/signal-2022-02-01-123336_004.jpeg?fit=1200%2C1600&ssl=1\" \/>\n\t<meta property=\"og:image:width\" content=\"1200\" \/>\n\t<meta property=\"og:image:height\" content=\"1600\" \/>\n\t<meta property=\"og:image:type\" content=\"image\/jpeg\" \/>\n<meta name=\"twitter:card\" content=\"summary_large_image\" \/>\n<meta name=\"twitter:site\" content=\"@7_abloom\" \/>\n<script type=\"application\/ld+json\" class=\"yoast-schema-graph\">{\"@context\":\"https:\\\/\\\/schema.org\",\"@graph\":[{\"@type\":\"WebPage\",\"@id\":\"https:\\\/\\\/7abloom.com\\\/es\\\/shop\\\/mantequilla-de-coco-batida\\\/\",\"url\":\"https:\\\/\\\/7abloom.com\\\/es\\\/shop\\\/mantequilla-de-coco-batida\\\/\",\"name\":\"Manteca corporal batida de coco - 7Abloom\",\"isPartOf\":{\"@id\":\"https:\\\/\\\/7abloom.com\\\/es\\\/#website\"},\"primaryImageOfPage\":{\"@id\":\"https:\\\/\\\/7abloom.com\\\/es\\\/shop\\\/mantequilla-de-coco-batida\\\/#primaryimage\"},\"image\":{\"@id\":\"https:\\\/\\\/7abloom.com\\\/es\\\/shop\\\/mantequilla-de-coco-batida\\\/#primaryimage\"},\"thumbnailUrl\":\"https:\\\/\\\/7abloom.com\\\/wp-content\\\/uploads\\\/2021\\\/04\\\/signal-2022-02-01-123336_004.jpeg\",\"datePublished\":\"2021-02-09T16:11:44+00:00\",\"dateModified\":\"2024-09-05T16:32:52+00:00\",\"description\":\"Nuestra manteca corporal batida le ayudar\u00e1 a calmar y nutrir su piel. Contiene ingredientes repletos de vitaminas A, E y F que le ayudar\u00e1n a deshacerse de las zonas secas.\",\"breadcrumb\":{\"@id\":\"https:\\\/\\\/7abloom.com\\\/es\\\/shop\\\/mantequilla-de-coco-batida\\\/#breadcrumb\"},\"inLanguage\":\"es\",\"potentialAction\":[{\"@type\":\"ReadAction\",\"target\":[\"https:\\\/\\\/7abloom.com\\\/es\\\/shop\\\/mantequilla-de-coco-batida\\\/\"]}]},{\"@type\":\"ImageObject\",\"inLanguage\":\"es\",\"@id\":\"https:\\\/\\\/7abloom.com\\\/es\\\/shop\\\/mantequilla-de-coco-batida\\\/#primaryimage\",\"url\":\"https:\\\/\\\/7abloom.com\\\/wp-content\\\/uploads\\\/2021\\\/04\\\/signal-2022-02-01-123336_004.jpeg\",\"contentUrl\":\"https:\\\/\\\/7abloom.com\\\/wp-content\\\/uploads\\\/2021\\\/04\\\/signal-2022-02-01-123336_004.jpeg\",\"width\":1200,\"height\":1600,\"caption\":\"manteca corporal batida\"},{\"@type\":\"BreadcrumbList\",\"@id\":\"https:\\\/\\\/7abloom.com\\\/es\\\/shop\\\/mantequilla-de-coco-batida\\\/#breadcrumb\",\"itemListElement\":[{\"@type\":\"ListItem\",\"position\":1,\"name\":\"Home\",\"item\":\"https:\\\/\\\/7abloom.com\\\/es\\\/\"},{\"@type\":\"ListItem\",\"position\":2,\"name\":\"Tienda\",\"item\":\"https:\\\/\\\/7abloom.com\\\/es\\\/tienda\\\/\"},{\"@type\":\"ListItem\",\"position\":3,\"name\":\"Manteca corporal batida de coco\"}]},{\"@type\":\"WebSite\",\"@id\":\"https:\\\/\\\/7abloom.com\\\/es\\\/#website\",\"url\":\"https:\\\/\\\/7abloom.com\\\/es\\\/\",\"name\":\"7Abloom\",\"description\":\"7abloom\",\"publisher\":{\"@id\":\"https:\\\/\\\/7abloom.com\\\/es\\\/#organization\"},\"potentialAction\":[{\"@type\":\"SearchAction\",\"target\":{\"@type\":\"EntryPoint\",\"urlTemplate\":\"https:\\\/\\\/7abloom.com\\\/es\\\/?s={search_term_string}\"},\"query-input\":{\"@type\":\"PropertyValueSpecification\",\"valueRequired\":true,\"valueName\":\"search_term_string\"}}],\"inLanguage\":\"es\"},{\"@type\":\"Organization\",\"@id\":\"https:\\\/\\\/7abloom.com\\\/es\\\/#organization\",\"name\":\"7Abloom\",\"url\":\"https:\\\/\\\/7abloom.com\\\/es\\\/\",\"logo\":{\"@type\":\"ImageObject\",\"inLanguage\":\"es\",\"@id\":\"https:\\\/\\\/7abloom.com\\\/es\\\/#\\\/schema\\\/logo\\\/image\\\/\",\"url\":\"https:\\\/\\\/i1.wp.com\\\/7abloom.com\\\/wp-content\\\/uploads\\\/2021\\\/07\\\/7a-logo-green.png?fit=126%2C126&ssl=1\",\"contentUrl\":\"https:\\\/\\\/i1.wp.com\\\/7abloom.com\\\/wp-content\\\/uploads\\\/2021\\\/07\\\/7a-logo-green.png?fit=126%2C126&ssl=1\",\"width\":126,\"height\":126,\"caption\":\"7Abloom\"},\"image\":{\"@id\":\"https:\\\/\\\/7abloom.com\\\/es\\\/#\\\/schema\\\/logo\\\/image\\\/\"},\"sameAs\":[\"https:\\\/\\\/www.facebook.com\\\/7abloom\\\/\",\"https:\\\/\\\/x.com\\\/7_abloom\",\"https:\\\/\\\/www.instagram.com\\\/7abloom\\\/\",\"https:\\\/\\\/www.pinterest.com\\\/7abloom\\\/\"]}]}<\/script>\n<!-- \/ Yoast SEO plugin. -->","yoast_head_json":{"title":"Manteca corporal batida de coco - 7Abloom","description":"Nuestra manteca corporal batida le ayudar\u00e1 a calmar y nutrir su piel. Contiene ingredientes repletos de vitaminas A, E y F que le ayudar\u00e1n a deshacerse de las zonas secas.","robots":{"index":"index","follow":"follow","max-snippet":"max-snippet:-1","max-image-preview":"max-image-preview:large","max-video-preview":"max-video-preview:-1"},"canonical":"https:\/\/7abloom.com\/es\/shop\/mantequilla-de-coco-batida\/","og_locale":"es_ES","og_type":"article","og_title":"Manteca corporal batida de coco - 7Abloom","og_description":"Nuestra manteca corporal batida le ayudar\u00e1 a calmar y nutrir su piel. Contiene ingredientes repletos de vitaminas A, E y F que le ayudar\u00e1n a deshacerse de las zonas secas.","og_url":"https:\/\/7abloom.com\/es\/shop\/mantequilla-de-coco-batida\/","og_site_name":"7Abloom","article_publisher":"https:\/\/www.facebook.com\/7abloom\/","article_modified_time":"2024-09-05T16:32:52+00:00","og_image":[{"width":1200,"height":1600,"url":"https:\/\/i0.wp.com\/7abloom.com\/wp-content\/uploads\/2021\/04\/signal-2022-02-01-123336_004.jpeg?fit=1200%2C1600&ssl=1","type":"image\/jpeg"}],"twitter_card":"summary_large_image","twitter_site":"@7_abloom","schema":{"@context":"https:\/\/schema.org","@graph":[{"@type":"WebPage","@id":"https:\/\/7abloom.com\/es\/shop\/mantequilla-de-coco-batida\/","url":"https:\/\/7abloom.com\/es\/shop\/mantequilla-de-coco-batida\/","name":"Manteca corporal batida de coco - 7Abloom","isPartOf":{"@id":"https:\/\/7abloom.com\/es\/#website"},"primaryImageOfPage":{"@id":"https:\/\/7abloom.com\/es\/shop\/mantequilla-de-coco-batida\/#primaryimage"},"image":{"@id":"https:\/\/7abloom.com\/es\/shop\/mantequilla-de-coco-batida\/#primaryimage"},"thumbnailUrl":"https:\/\/7abloom.com\/wp-content\/uploads\/2021\/04\/signal-2022-02-01-123336_004.jpeg","datePublished":"2021-02-09T16:11:44+00:00","dateModified":"2024-09-05T16:32:52+00:00","description":"Nuestra manteca corporal batida le ayudar\u00e1 a calmar y nutrir su piel. Contiene ingredientes repletos de vitaminas A, E y F que le ayudar\u00e1n a deshacerse de las zonas secas.","breadcrumb":{"@id":"https:\/\/7abloom.com\/es\/shop\/mantequilla-de-coco-batida\/#breadcrumb"},"inLanguage":"es","potentialAction":[{"@type":"ReadAction","target":["https:\/\/7abloom.com\/es\/shop\/mantequilla-de-coco-batida\/"]}]},{"@type":"ImageObject","inLanguage":"es","@id":"https:\/\/7abloom.com\/es\/shop\/mantequilla-de-coco-batida\/#primaryimage","url":"https:\/\/7abloom.com\/wp-content\/uploads\/2021\/04\/signal-2022-02-01-123336_004.jpeg","contentUrl":"https:\/\/7abloom.com\/wp-content\/uploads\/2021\/04\/signal-2022-02-01-123336_004.jpeg","width":1200,"height":1600,"caption":"manteca corporal batida"},{"@type":"BreadcrumbList","@id":"https:\/\/7abloom.com\/es\/shop\/mantequilla-de-coco-batida\/#breadcrumb","itemListElement":[{"@type":"ListItem","position":1,"name":"Home","item":"https:\/\/7abloom.com\/es\/"},{"@type":"ListItem","position":2,"name":"Tienda","item":"https:\/\/7abloom.com\/es\/tienda\/"},{"@type":"ListItem","position":3,"name":"Manteca corporal batida de coco"}]},{"@type":"WebSite","@id":"https:\/\/7abloom.com\/es\/#website","url":"https:\/\/7abloom.com\/es\/","name":"7Abloom","description":"7abloom","publisher":{"@id":"https:\/\/7abloom.com\/es\/#organization"},"potentialAction":[{"@type":"SearchAction","target":{"@type":"EntryPoint","urlTemplate":"https:\/\/7abloom.com\/es\/?s={search_term_string}"},"query-input":{"@type":"PropertyValueSpecification","valueRequired":true,"valueName":"search_term_string"}}],"inLanguage":"es"},{"@type":"Organization","@id":"https:\/\/7abloom.com\/es\/#organization","name":"7Abloom","url":"https:\/\/7abloom.com\/es\/","logo":{"@type":"ImageObject","inLanguage":"es","@id":"https:\/\/7abloom.com\/es\/#\/schema\/logo\/image\/","url":"https:\/\/i1.wp.com\/7abloom.com\/wp-content\/uploads\/2021\/07\/7a-logo-green.png?fit=126%2C126&ssl=1","contentUrl":"https:\/\/i1.wp.com\/7abloom.com\/wp-content\/uploads\/2021\/07\/7a-logo-green.png?fit=126%2C126&ssl=1","width":126,"height":126,"caption":"7Abloom"},"image":{"@id":"https:\/\/7abloom.com\/es\/#\/schema\/logo\/image\/"},"sameAs":["https:\/\/www.facebook.com\/7abloom\/","https:\/\/x.com\/7_abloom","https:\/\/www.instagram.com\/7abloom\/","https:\/\/www.pinterest.com\/7abloom\/"]}]}},"jetpack_publicize_connections":[],"_links":{"self":[{"href":"https:\/\/7abloom.com\/es\/wp-json\/wp\/v2\/product\/4795","targetHints":{"allow":["GET"]}}],"collection":[{"href":"https:\/\/7abloom.com\/es\/wp-json\/wp\/v2\/product"}],"about":[{"href":"https:\/\/7abloom.com\/es\/wp-json\/wp\/v2\/types\/product"}],"replies":[{"embeddable":true,"href":"https:\/\/7abloom.com\/es\/wp-json\/wp\/v2\/comments?post=4795"}],"wp:featuredmedia":[{"embeddable":true,"href":"https:\/\/7abloom.com\/es\/wp-json\/wp\/v2\/media\/4648"}],"wp:attachment":[{"href":"https:\/\/7abloom.com\/es\/wp-json\/wp\/v2\/media?parent=4795"}],"wp:term":[{"taxonomy":"product_brand","embeddable":true,"href":"https:\/\/7abloom.com\/es\/wp-json\/wp\/v2\/product_brand?post=4795"},{"taxonomy":"product_cat","embeddable":true,"href":"https:\/\/7abloom.com\/es\/wp-json\/wp\/v2\/product_cat?post=4795"},{"taxonomy":"product_tag","embeddable":true,"href":"https:\/\/7abloom.com\/es\/wp-json\/wp\/v2\/product_tag?post=4795"}],"curies":[{"name":"wp","href":"https:\/\/api.w.org\/{rel}","templated":true}]}}