{"id":4800,"date":"2021-02-10T16:33:17","date_gmt":"2021-02-10T21:33:17","guid":{"rendered":"https:\/\/7abloom.com\/shop\/jabon-de-bano-de-caramelo-de-limoncillo\/"},"modified":"2023-04-29T16:59:09","modified_gmt":"2023-04-29T20:59:09","slug":"jabon-de-bano-de-caramelo-de-limoncillo","status":"publish","type":"product","link":"https:\/\/7abloom.com\/es\/shop\/jabon-de-bano-de-caramelo-de-limoncillo\/","title":{"rendered":"Jab\u00f3n de ba\u00f1o de caramelo de limoncillo"},"content":{"rendered":"<p>Nuestro jab\u00f3n de hierba lim\u00f3n combina los maravillosos beneficios de la hierba lim\u00f3n con ricos aceites y mantecas org\u00e1nicos, para crear un jab\u00f3n \u00fanico e hidratante que deja la piel suave y con un olor delicioso.<\/p>\n","protected":false},"excerpt":{"rendered":"<p>Nuestros jabones contienen maravillosas recetas que son buenas para la piel y constituyen un estupendo jab\u00f3n de manos, cuerpo y ba\u00f1o.<\/p>\n<p>Se trata de un jab\u00f3n natural, hecho a mano y sin detergente. Es bueno para usted y tambi\u00e9n para el medio ambiente. Todos los ingredientes son sostenibles y de origen \u00e9tico. Puede sentirse bien usando este jab\u00f3n. Nos enorgullecemos de elaborar cada producto de la forma m\u00e1s natural posible, sin a\u00f1adir aditivos, productos qu\u00edmicos nocivos ni ingredientes agresivos. Los aceites hidratantes utilizados en nuestros jabones producir\u00e1n una espuma rica y lujosa que dejar\u00e1 su piel limpia y suave sin despojarla de sus aceites naturales.<\/p>\n<p>Perfecto para regalar o mimarse \ud83d\ude42<\/p>\n<p>Tu pastilla de jab\u00f3n durar\u00e1 m\u00e1s si la mantienes seca. Utiliza una jabonera para mantenerlo alejado de los charcos y deja que se seque entre usos.<\/p>\n<p>5.0z bar<\/p>\n<ul>\n<li>Sin detergente<\/li>\n<li>Sin SLS\/sulfato (lauril sulfato s\u00f3dico)<\/li>\n<li>Sin conservantes<\/li>\n<li>Sin parabenos<\/li>\n<li>Sin ftalatos<\/li>\n<li>No testado en animales<\/li>\n<li>Apto para veganos, a menos que se indique lo contrario<\/li>\n<\/ul>\n<p>***Si es al\u00e9rgico a alguno de los ingredientes, no lo utilice.<\/p>\n<p>Descubra m\u00e1s de 24 variedades diferentes de jabones en nuestro sitio web.<\/p>\n<p>**NOTA: Todas las medidas son aproximadas; pueden ser ligeramente superiores o inferiores a las indicadas, pero el peso siempre estar\u00e1 dentro del intervalo indicado. Tenga en cuenta que est\u00e1n hechas a mano y no a m\u00e1quina, por lo que no habr\u00e1 dos barras id\u00e9nticas.<\/p>\n<p>&nbsp;<\/p>\n","protected":false},"featured_media":4522,"comment_status":"open","ping_status":"closed","template":"","meta":{"jetpack_publicize_message":"","jetpack_publicize_feature_enabled":true,"jetpack_social_post_already_shared":true,"jetpack_social_options":{"image_generator_settings":{"template":"highway","default_image_id":0,"font":"","enabled":false},"version":2}},"product_brand":[],"product_cat":[197],"product_tag":[208,224,216,223,221,226,227,201,228,218,198,199,212,206],"class_list":{"0":"post-4800","1":"product","2":"type-product","3":"status-publish","4":"has-post-thumbnail","6":"product_cat-bano-2","7":"product_tag-aceite-de-coco","8":"product_tag-aceite-de-girasol","9":"product_tag-aceite-de-maiz","10":"product_tag-aceite-de-oliva","11":"product_tag-aceite-de-soja","12":"product_tag-agua","13":"product_tag-bano","14":"product_tag-hecho-a-mano","15":"product_tag-jabon-de-bano","16":"product_tag-lejia","17":"product_tag-manteca-de-karite","18":"product_tag-organico","19":"product_tag-sin-crueldad","20":"product_tag-vegano","21":"sales-flash-overlay","22":"woocommerce-text-align-left","23":"woocommerce-image-align-center","24":"do-quantity-buttons","25":"wc-has-gallery","27":"first","28":"instock","29":"taxable","30":"shipping-taxable","31":"purchasable","32":"product-type-simple"},"yoast_head":"<!-- This site is optimized with the Yoast SEO plugin v26.6 - https:\/\/yoast.com\/wordpress\/plugins\/seo\/ -->\n<title>Jab\u00f3n de ba\u00f1o de caramelo de limoncillo - 7Abloom<\/title>\n<meta name=\"description\" content=\"Nuestro jab\u00f3n de hierba lim\u00f3n combina los maravillosos beneficios de la hierba lim\u00f3n con ricos aceites y mantecas org\u00e1nicos, para crear un jab\u00f3n \u00fanico e hidratante.\" \/>\n<meta name=\"robots\" content=\"index, follow, max-snippet:-1, max-image-preview:large, max-video-preview:-1\" \/>\n<link rel=\"canonical\" href=\"https:\/\/7abloom.com\/es\/shop\/jabon-de-bano-de-caramelo-de-limoncillo\/\" \/>\n<meta property=\"og:locale\" content=\"es_ES\" \/>\n<meta property=\"og:type\" content=\"article\" \/>\n<meta property=\"og:title\" content=\"Jab\u00f3n de ba\u00f1o de caramelo de limoncillo - 7Abloom\" \/>\n<meta property=\"og:description\" content=\"Nuestro jab\u00f3n de hierba lim\u00f3n combina los maravillosos beneficios de la hierba lim\u00f3n con ricos aceites y mantecas org\u00e1nicos, para crear un jab\u00f3n \u00fanico e hidratante.\" \/>\n<meta property=\"og:url\" content=\"https:\/\/7abloom.com\/es\/shop\/jabon-de-bano-de-caramelo-de-limoncillo\/\" \/>\n<meta property=\"og:site_name\" content=\"7Abloom\" \/>\n<meta property=\"article:publisher\" content=\"https:\/\/www.facebook.com\/7abloom\/\" \/>\n<meta property=\"article:modified_time\" content=\"2023-04-29T20:59:09+00:00\" \/>\n<meta property=\"og:image\" content=\"https:\/\/i0.wp.com\/7abloom.com\/wp-content\/uploads\/2021\/02\/04_lemongrass_unpackaged.jpeg?fit=768%2C1024&ssl=1\" \/>\n\t<meta property=\"og:image:width\" content=\"768\" \/>\n\t<meta property=\"og:image:height\" content=\"1024\" \/>\n\t<meta property=\"og:image:type\" content=\"image\/jpeg\" \/>\n<meta name=\"twitter:card\" content=\"summary_large_image\" \/>\n<meta name=\"twitter:site\" content=\"@7_abloom\" \/>\n<script type=\"application\/ld+json\" class=\"yoast-schema-graph\">{\"@context\":\"https:\/\/schema.org\",\"@graph\":[{\"@type\":\"WebPage\",\"@id\":\"https:\/\/7abloom.com\/es\/shop\/jabon-de-bano-de-caramelo-de-limoncillo\/\",\"url\":\"https:\/\/7abloom.com\/es\/shop\/jabon-de-bano-de-caramelo-de-limoncillo\/\",\"name\":\"Jab\u00f3n de ba\u00f1o de caramelo de limoncillo - 7Abloom\",\"isPartOf\":{\"@id\":\"https:\/\/7abloom.com\/es\/#website\"},\"primaryImageOfPage\":{\"@id\":\"https:\/\/7abloom.com\/es\/shop\/jabon-de-bano-de-caramelo-de-limoncillo\/#primaryimage\"},\"image\":{\"@id\":\"https:\/\/7abloom.com\/es\/shop\/jabon-de-bano-de-caramelo-de-limoncillo\/#primaryimage\"},\"thumbnailUrl\":\"https:\/\/7abloom.com\/wp-content\/uploads\/2021\/02\/04_lemongrass_unpackaged.jpeg\",\"datePublished\":\"2021-02-10T21:33:17+00:00\",\"dateModified\":\"2023-04-29T20:59:09+00:00\",\"description\":\"Nuestro jab\u00f3n de hierba lim\u00f3n combina los maravillosos beneficios de la hierba lim\u00f3n con ricos aceites y mantecas org\u00e1nicos, para crear un jab\u00f3n \u00fanico e hidratante.\",\"breadcrumb\":{\"@id\":\"https:\/\/7abloom.com\/es\/shop\/jabon-de-bano-de-caramelo-de-limoncillo\/#breadcrumb\"},\"inLanguage\":\"es\",\"potentialAction\":[{\"@type\":\"ReadAction\",\"target\":[\"https:\/\/7abloom.com\/es\/shop\/jabon-de-bano-de-caramelo-de-limoncillo\/\"]}]},{\"@type\":\"ImageObject\",\"inLanguage\":\"es\",\"@id\":\"https:\/\/7abloom.com\/es\/shop\/jabon-de-bano-de-caramelo-de-limoncillo\/#primaryimage\",\"url\":\"https:\/\/7abloom.com\/wp-content\/uploads\/2021\/02\/04_lemongrass_unpackaged.jpeg\",\"contentUrl\":\"https:\/\/7abloom.com\/wp-content\/uploads\/2021\/02\/04_lemongrass_unpackaged.jpeg\",\"width\":768,\"height\":1024,\"caption\":\"Jab\u00f3n de ba\u00f1o de caramelo de limoncillo elaborado con manteca de karit\u00e9, aceite de oliva, aceite de coco, aceite de girasol, aceite de soja, lej\u00eda y aceite de ma\u00edz.\"},{\"@type\":\"BreadcrumbList\",\"@id\":\"https:\/\/7abloom.com\/es\/shop\/jabon-de-bano-de-caramelo-de-limoncillo\/#breadcrumb\",\"itemListElement\":[{\"@type\":\"ListItem\",\"position\":1,\"name\":\"Home\",\"item\":\"https:\/\/7abloom.com\/es\/\"},{\"@type\":\"ListItem\",\"position\":2,\"name\":\"Tienda\",\"item\":\"https:\/\/7abloom.com\/es\/tienda\/\"},{\"@type\":\"ListItem\",\"position\":3,\"name\":\"Jab\u00f3n de ba\u00f1o de caramelo de limoncillo\"}]},{\"@type\":\"WebSite\",\"@id\":\"https:\/\/7abloom.com\/es\/#website\",\"url\":\"https:\/\/7abloom.com\/es\/\",\"name\":\"7Abloom\",\"description\":\"7abloom\",\"publisher\":{\"@id\":\"https:\/\/7abloom.com\/es\/#organization\"},\"potentialAction\":[{\"@type\":\"SearchAction\",\"target\":{\"@type\":\"EntryPoint\",\"urlTemplate\":\"https:\/\/7abloom.com\/es\/?s={search_term_string}\"},\"query-input\":{\"@type\":\"PropertyValueSpecification\",\"valueRequired\":true,\"valueName\":\"search_term_string\"}}],\"inLanguage\":\"es\"},{\"@type\":\"Organization\",\"@id\":\"https:\/\/7abloom.com\/es\/#organization\",\"name\":\"7Abloom\",\"url\":\"https:\/\/7abloom.com\/es\/\",\"logo\":{\"@type\":\"ImageObject\",\"inLanguage\":\"es\",\"@id\":\"https:\/\/7abloom.com\/es\/#\/schema\/logo\/image\/\",\"url\":\"https:\/\/i1.wp.com\/7abloom.com\/wp-content\/uploads\/2021\/07\/7a-logo-green.png?fit=126%2C126&ssl=1\",\"contentUrl\":\"https:\/\/i1.wp.com\/7abloom.com\/wp-content\/uploads\/2021\/07\/7a-logo-green.png?fit=126%2C126&ssl=1\",\"width\":126,\"height\":126,\"caption\":\"7Abloom\"},\"image\":{\"@id\":\"https:\/\/7abloom.com\/es\/#\/schema\/logo\/image\/\"},\"sameAs\":[\"https:\/\/www.facebook.com\/7abloom\/\",\"https:\/\/x.com\/7_abloom\",\"https:\/\/www.instagram.com\/7abloom\/\",\"https:\/\/www.pinterest.com\/7abloom\/\"]}]}<\/script>\n<!-- \/ Yoast SEO plugin. -->","yoast_head_json":{"title":"Jab\u00f3n de ba\u00f1o de caramelo de limoncillo - 7Abloom","description":"Nuestro jab\u00f3n de hierba lim\u00f3n combina los maravillosos beneficios de la hierba lim\u00f3n con ricos aceites y mantecas org\u00e1nicos, para crear un jab\u00f3n \u00fanico e hidratante.","robots":{"index":"index","follow":"follow","max-snippet":"max-snippet:-1","max-image-preview":"max-image-preview:large","max-video-preview":"max-video-preview:-1"},"canonical":"https:\/\/7abloom.com\/es\/shop\/jabon-de-bano-de-caramelo-de-limoncillo\/","og_locale":"es_ES","og_type":"article","og_title":"Jab\u00f3n de ba\u00f1o de caramelo de limoncillo - 7Abloom","og_description":"Nuestro jab\u00f3n de hierba lim\u00f3n combina los maravillosos beneficios de la hierba lim\u00f3n con ricos aceites y mantecas org\u00e1nicos, para crear un jab\u00f3n \u00fanico e hidratante.","og_url":"https:\/\/7abloom.com\/es\/shop\/jabon-de-bano-de-caramelo-de-limoncillo\/","og_site_name":"7Abloom","article_publisher":"https:\/\/www.facebook.com\/7abloom\/","article_modified_time":"2023-04-29T20:59:09+00:00","og_image":[{"width":768,"height":1024,"url":"https:\/\/i0.wp.com\/7abloom.com\/wp-content\/uploads\/2021\/02\/04_lemongrass_unpackaged.jpeg?fit=768%2C1024&ssl=1","type":"image\/jpeg"}],"twitter_card":"summary_large_image","twitter_site":"@7_abloom","schema":{"@context":"https:\/\/schema.org","@graph":[{"@type":"WebPage","@id":"https:\/\/7abloom.com\/es\/shop\/jabon-de-bano-de-caramelo-de-limoncillo\/","url":"https:\/\/7abloom.com\/es\/shop\/jabon-de-bano-de-caramelo-de-limoncillo\/","name":"Jab\u00f3n de ba\u00f1o de caramelo de limoncillo - 7Abloom","isPartOf":{"@id":"https:\/\/7abloom.com\/es\/#website"},"primaryImageOfPage":{"@id":"https:\/\/7abloom.com\/es\/shop\/jabon-de-bano-de-caramelo-de-limoncillo\/#primaryimage"},"image":{"@id":"https:\/\/7abloom.com\/es\/shop\/jabon-de-bano-de-caramelo-de-limoncillo\/#primaryimage"},"thumbnailUrl":"https:\/\/7abloom.com\/wp-content\/uploads\/2021\/02\/04_lemongrass_unpackaged.jpeg","datePublished":"2021-02-10T21:33:17+00:00","dateModified":"2023-04-29T20:59:09+00:00","description":"Nuestro jab\u00f3n de hierba lim\u00f3n combina los maravillosos beneficios de la hierba lim\u00f3n con ricos aceites y mantecas org\u00e1nicos, para crear un jab\u00f3n \u00fanico e hidratante.","breadcrumb":{"@id":"https:\/\/7abloom.com\/es\/shop\/jabon-de-bano-de-caramelo-de-limoncillo\/#breadcrumb"},"inLanguage":"es","potentialAction":[{"@type":"ReadAction","target":["https:\/\/7abloom.com\/es\/shop\/jabon-de-bano-de-caramelo-de-limoncillo\/"]}]},{"@type":"ImageObject","inLanguage":"es","@id":"https:\/\/7abloom.com\/es\/shop\/jabon-de-bano-de-caramelo-de-limoncillo\/#primaryimage","url":"https:\/\/7abloom.com\/wp-content\/uploads\/2021\/02\/04_lemongrass_unpackaged.jpeg","contentUrl":"https:\/\/7abloom.com\/wp-content\/uploads\/2021\/02\/04_lemongrass_unpackaged.jpeg","width":768,"height":1024,"caption":"Jab\u00f3n de ba\u00f1o de caramelo de limoncillo elaborado con manteca de karit\u00e9, aceite de oliva, aceite de coco, aceite de girasol, aceite de soja, lej\u00eda y aceite de ma\u00edz."},{"@type":"BreadcrumbList","@id":"https:\/\/7abloom.com\/es\/shop\/jabon-de-bano-de-caramelo-de-limoncillo\/#breadcrumb","itemListElement":[{"@type":"ListItem","position":1,"name":"Home","item":"https:\/\/7abloom.com\/es\/"},{"@type":"ListItem","position":2,"name":"Tienda","item":"https:\/\/7abloom.com\/es\/tienda\/"},{"@type":"ListItem","position":3,"name":"Jab\u00f3n de ba\u00f1o de caramelo de limoncillo"}]},{"@type":"WebSite","@id":"https:\/\/7abloom.com\/es\/#website","url":"https:\/\/7abloom.com\/es\/","name":"7Abloom","description":"7abloom","publisher":{"@id":"https:\/\/7abloom.com\/es\/#organization"},"potentialAction":[{"@type":"SearchAction","target":{"@type":"EntryPoint","urlTemplate":"https:\/\/7abloom.com\/es\/?s={search_term_string}"},"query-input":{"@type":"PropertyValueSpecification","valueRequired":true,"valueName":"search_term_string"}}],"inLanguage":"es"},{"@type":"Organization","@id":"https:\/\/7abloom.com\/es\/#organization","name":"7Abloom","url":"https:\/\/7abloom.com\/es\/","logo":{"@type":"ImageObject","inLanguage":"es","@id":"https:\/\/7abloom.com\/es\/#\/schema\/logo\/image\/","url":"https:\/\/i1.wp.com\/7abloom.com\/wp-content\/uploads\/2021\/07\/7a-logo-green.png?fit=126%2C126&ssl=1","contentUrl":"https:\/\/i1.wp.com\/7abloom.com\/wp-content\/uploads\/2021\/07\/7a-logo-green.png?fit=126%2C126&ssl=1","width":126,"height":126,"caption":"7Abloom"},"image":{"@id":"https:\/\/7abloom.com\/es\/#\/schema\/logo\/image\/"},"sameAs":["https:\/\/www.facebook.com\/7abloom\/","https:\/\/x.com\/7_abloom","https:\/\/www.instagram.com\/7abloom\/","https:\/\/www.pinterest.com\/7abloom\/"]}]}},"jetpack_publicize_connections":[],"_links":{"self":[{"href":"https:\/\/7abloom.com\/es\/wp-json\/wp\/v2\/product\/4800","targetHints":{"allow":["GET"]}}],"collection":[{"href":"https:\/\/7abloom.com\/es\/wp-json\/wp\/v2\/product"}],"about":[{"href":"https:\/\/7abloom.com\/es\/wp-json\/wp\/v2\/types\/product"}],"replies":[{"embeddable":true,"href":"https:\/\/7abloom.com\/es\/wp-json\/wp\/v2\/comments?post=4800"}],"wp:featuredmedia":[{"embeddable":true,"href":"https:\/\/7abloom.com\/es\/wp-json\/wp\/v2\/media\/4522"}],"wp:attachment":[{"href":"https:\/\/7abloom.com\/es\/wp-json\/wp\/v2\/media?parent=4800"}],"wp:term":[{"taxonomy":"product_brand","embeddable":true,"href":"https:\/\/7abloom.com\/es\/wp-json\/wp\/v2\/product_brand?post=4800"},{"taxonomy":"product_cat","embeddable":true,"href":"https:\/\/7abloom.com\/es\/wp-json\/wp\/v2\/product_cat?post=4800"},{"taxonomy":"product_tag","embeddable":true,"href":"https:\/\/7abloom.com\/es\/wp-json\/wp\/v2\/product_tag?post=4800"}],"curies":[{"name":"wp","href":"https:\/\/api.w.org\/{rel}","templated":true}]}}