{"id":4816,"date":"2022-12-30T16:32:07","date_gmt":"2022-12-30T21:32:07","guid":{"rendered":"https:\/\/7abloom.com\/shop\/guia-de-aceites-esenciales\/"},"modified":"2023-04-29T16:59:07","modified_gmt":"2023-04-29T20:59:07","slug":"guia-de-aceites-esenciales","status":"publish","type":"product","link":"https:\/\/7abloom.com\/es\/shop\/guia-de-aceites-esenciales\/","title":{"rendered":"Gu\u00eda de aceites esenciales"},"content":{"rendered":"<p>Essential Oils Ebook es su gu\u00eda completa de recursos para los aceites y c\u00f3mo usarlos. Abarca los aspectos b\u00e1sicos del uso de los aceites esenciales, incluida su historia, y c\u00f3mo trabajar con los distintos tipos y propiedades.<\/p>\n","protected":false},"excerpt":{"rendered":"<p>Descubra el poder de los aceites esenciales. En este ebook, encontrar\u00e1 todo lo que necesita saber para empezar a utilizar aceites esenciales, incluyendo c\u00f3mo utilizarlos y c\u00f3mo pueden beneficiar a su salud. Disfrute hoy mismo de los beneficios de la aromaterapia<\/p>\n","protected":false},"featured_media":4679,"comment_status":"closed","ping_status":"closed","template":"","meta":{"jetpack_publicize_message":"","jetpack_publicize_feature_enabled":true,"jetpack_social_post_already_shared":true,"jetpack_social_options":{"image_generator_settings":{"template":"highway","default_image_id":0,"font":"","enabled":false},"version":2}},"product_brand":[],"product_cat":[278,277],"product_tag":[],"class_list":{"0":"post-4816","1":"product","2":"type-product","3":"status-publish","4":"has-post-thumbnail","6":"product_cat-aceites-esenciales","7":"product_cat-rodillos-de-aceites-esenciales","8":"sales-flash-overlay","9":"woocommerce-text-align-left","10":"woocommerce-image-align-center","11":"do-quantity-buttons","13":"first","14":"instock","15":"downloadable","16":"virtual","17":"taxable","18":"purchasable","19":"product-type-simple"},"yoast_head":"<!-- This site is optimized with the Yoast SEO plugin v26.6 - https:\/\/yoast.com\/wordpress\/plugins\/seo\/ -->\n<title>Gu\u00eda de aceites esenciales - 7Abloom<\/title>\n<meta name=\"description\" content=\"7abloom Ebook gu\u00eda sobre c\u00f3mo utilizar los aceites esenciales para el bienestar, el bienestar en el hogar, y c\u00f3mo elegir el adecuado para sus necesidades. Descarga digital.\" \/>\n<meta name=\"robots\" content=\"index, follow, max-snippet:-1, max-image-preview:large, max-video-preview:-1\" \/>\n<link rel=\"canonical\" href=\"https:\/\/7abloom.com\/es\/shop\/guia-de-aceites-esenciales\/\" \/>\n<meta property=\"og:locale\" content=\"es_ES\" \/>\n<meta property=\"og:type\" content=\"article\" \/>\n<meta property=\"og:title\" content=\"Gu\u00eda de aceites esenciales - 7Abloom\" \/>\n<meta property=\"og:description\" content=\"7abloom Ebook gu\u00eda sobre c\u00f3mo utilizar los aceites esenciales para el bienestar, el bienestar en el hogar, y c\u00f3mo elegir el adecuado para sus necesidades. Descarga digital.\" \/>\n<meta property=\"og:url\" content=\"https:\/\/7abloom.com\/es\/shop\/guia-de-aceites-esenciales\/\" \/>\n<meta property=\"og:site_name\" content=\"7Abloom\" \/>\n<meta property=\"article:publisher\" content=\"https:\/\/www.facebook.com\/7abloom\/\" \/>\n<meta property=\"article:modified_time\" content=\"2023-04-29T20:59:07+00:00\" \/>\n<meta property=\"og:image\" content=\"https:\/\/i0.wp.com\/7abloom.com\/wp-content\/uploads\/2022\/12\/ESSENTIALOILS_compressed.jpg?fit=594%2C841&ssl=1\" \/>\n\t<meta property=\"og:image:width\" content=\"594\" \/>\n\t<meta property=\"og:image:height\" content=\"841\" \/>\n\t<meta property=\"og:image:type\" content=\"image\/jpeg\" \/>\n<meta name=\"twitter:card\" content=\"summary_large_image\" \/>\n<meta name=\"twitter:site\" content=\"@7_abloom\" \/>\n<script type=\"application\/ld+json\" class=\"yoast-schema-graph\">{\"@context\":\"https:\/\/schema.org\",\"@graph\":[{\"@type\":\"WebPage\",\"@id\":\"https:\/\/7abloom.com\/es\/shop\/guia-de-aceites-esenciales\/\",\"url\":\"https:\/\/7abloom.com\/es\/shop\/guia-de-aceites-esenciales\/\",\"name\":\"Gu\u00eda de aceites esenciales - 7Abloom\",\"isPartOf\":{\"@id\":\"https:\/\/7abloom.com\/es\/#website\"},\"primaryImageOfPage\":{\"@id\":\"https:\/\/7abloom.com\/es\/shop\/guia-de-aceites-esenciales\/#primaryimage\"},\"image\":{\"@id\":\"https:\/\/7abloom.com\/es\/shop\/guia-de-aceites-esenciales\/#primaryimage\"},\"thumbnailUrl\":\"https:\/\/7abloom.com\/wp-content\/uploads\/2022\/12\/ESSENTIALOILS_compressed.jpg\",\"datePublished\":\"2022-12-30T21:32:07+00:00\",\"dateModified\":\"2023-04-29T20:59:07+00:00\",\"description\":\"7abloom Ebook gu\u00eda sobre c\u00f3mo utilizar los aceites esenciales para el bienestar, el bienestar en el hogar, y c\u00f3mo elegir el adecuado para sus necesidades. Descarga digital.\",\"breadcrumb\":{\"@id\":\"https:\/\/7abloom.com\/es\/shop\/guia-de-aceites-esenciales\/#breadcrumb\"},\"inLanguage\":\"es\",\"potentialAction\":[{\"@type\":\"ReadAction\",\"target\":[\"https:\/\/7abloom.com\/es\/shop\/guia-de-aceites-esenciales\/\"]}]},{\"@type\":\"ImageObject\",\"inLanguage\":\"es\",\"@id\":\"https:\/\/7abloom.com\/es\/shop\/guia-de-aceites-esenciales\/#primaryimage\",\"url\":\"https:\/\/7abloom.com\/wp-content\/uploads\/2022\/12\/ESSENTIALOILS_compressed.jpg\",\"contentUrl\":\"https:\/\/7abloom.com\/wp-content\/uploads\/2022\/12\/ESSENTIALOILS_compressed.jpg\",\"width\":594,\"height\":841,\"caption\":\"ACEITES ESENCIALES EBOOK\"},{\"@type\":\"BreadcrumbList\",\"@id\":\"https:\/\/7abloom.com\/es\/shop\/guia-de-aceites-esenciales\/#breadcrumb\",\"itemListElement\":[{\"@type\":\"ListItem\",\"position\":1,\"name\":\"Home\",\"item\":\"https:\/\/7abloom.com\/es\/\"},{\"@type\":\"ListItem\",\"position\":2,\"name\":\"Tienda\",\"item\":\"https:\/\/7abloom.com\/es\/tienda\/\"},{\"@type\":\"ListItem\",\"position\":3,\"name\":\"Gu\u00eda de aceites esenciales\"}]},{\"@type\":\"WebSite\",\"@id\":\"https:\/\/7abloom.com\/es\/#website\",\"url\":\"https:\/\/7abloom.com\/es\/\",\"name\":\"7Abloom\",\"description\":\"7abloom\",\"publisher\":{\"@id\":\"https:\/\/7abloom.com\/es\/#organization\"},\"potentialAction\":[{\"@type\":\"SearchAction\",\"target\":{\"@type\":\"EntryPoint\",\"urlTemplate\":\"https:\/\/7abloom.com\/es\/?s={search_term_string}\"},\"query-input\":{\"@type\":\"PropertyValueSpecification\",\"valueRequired\":true,\"valueName\":\"search_term_string\"}}],\"inLanguage\":\"es\"},{\"@type\":\"Organization\",\"@id\":\"https:\/\/7abloom.com\/es\/#organization\",\"name\":\"7Abloom\",\"url\":\"https:\/\/7abloom.com\/es\/\",\"logo\":{\"@type\":\"ImageObject\",\"inLanguage\":\"es\",\"@id\":\"https:\/\/7abloom.com\/es\/#\/schema\/logo\/image\/\",\"url\":\"https:\/\/i1.wp.com\/7abloom.com\/wp-content\/uploads\/2021\/07\/7a-logo-green.png?fit=126%2C126&ssl=1\",\"contentUrl\":\"https:\/\/i1.wp.com\/7abloom.com\/wp-content\/uploads\/2021\/07\/7a-logo-green.png?fit=126%2C126&ssl=1\",\"width\":126,\"height\":126,\"caption\":\"7Abloom\"},\"image\":{\"@id\":\"https:\/\/7abloom.com\/es\/#\/schema\/logo\/image\/\"},\"sameAs\":[\"https:\/\/www.facebook.com\/7abloom\/\",\"https:\/\/x.com\/7_abloom\",\"https:\/\/www.instagram.com\/7abloom\/\",\"https:\/\/www.pinterest.com\/7abloom\/\"]}]}<\/script>\n<!-- \/ Yoast SEO plugin. -->","yoast_head_json":{"title":"Gu\u00eda de aceites esenciales - 7Abloom","description":"7abloom Ebook gu\u00eda sobre c\u00f3mo utilizar los aceites esenciales para el bienestar, el bienestar en el hogar, y c\u00f3mo elegir el adecuado para sus necesidades. Descarga digital.","robots":{"index":"index","follow":"follow","max-snippet":"max-snippet:-1","max-image-preview":"max-image-preview:large","max-video-preview":"max-video-preview:-1"},"canonical":"https:\/\/7abloom.com\/es\/shop\/guia-de-aceites-esenciales\/","og_locale":"es_ES","og_type":"article","og_title":"Gu\u00eda de aceites esenciales - 7Abloom","og_description":"7abloom Ebook gu\u00eda sobre c\u00f3mo utilizar los aceites esenciales para el bienestar, el bienestar en el hogar, y c\u00f3mo elegir el adecuado para sus necesidades. Descarga digital.","og_url":"https:\/\/7abloom.com\/es\/shop\/guia-de-aceites-esenciales\/","og_site_name":"7Abloom","article_publisher":"https:\/\/www.facebook.com\/7abloom\/","article_modified_time":"2023-04-29T20:59:07+00:00","og_image":[{"width":594,"height":841,"url":"https:\/\/i0.wp.com\/7abloom.com\/wp-content\/uploads\/2022\/12\/ESSENTIALOILS_compressed.jpg?fit=594%2C841&ssl=1","type":"image\/jpeg"}],"twitter_card":"summary_large_image","twitter_site":"@7_abloom","schema":{"@context":"https:\/\/schema.org","@graph":[{"@type":"WebPage","@id":"https:\/\/7abloom.com\/es\/shop\/guia-de-aceites-esenciales\/","url":"https:\/\/7abloom.com\/es\/shop\/guia-de-aceites-esenciales\/","name":"Gu\u00eda de aceites esenciales - 7Abloom","isPartOf":{"@id":"https:\/\/7abloom.com\/es\/#website"},"primaryImageOfPage":{"@id":"https:\/\/7abloom.com\/es\/shop\/guia-de-aceites-esenciales\/#primaryimage"},"image":{"@id":"https:\/\/7abloom.com\/es\/shop\/guia-de-aceites-esenciales\/#primaryimage"},"thumbnailUrl":"https:\/\/7abloom.com\/wp-content\/uploads\/2022\/12\/ESSENTIALOILS_compressed.jpg","datePublished":"2022-12-30T21:32:07+00:00","dateModified":"2023-04-29T20:59:07+00:00","description":"7abloom Ebook gu\u00eda sobre c\u00f3mo utilizar los aceites esenciales para el bienestar, el bienestar en el hogar, y c\u00f3mo elegir el adecuado para sus necesidades. Descarga digital.","breadcrumb":{"@id":"https:\/\/7abloom.com\/es\/shop\/guia-de-aceites-esenciales\/#breadcrumb"},"inLanguage":"es","potentialAction":[{"@type":"ReadAction","target":["https:\/\/7abloom.com\/es\/shop\/guia-de-aceites-esenciales\/"]}]},{"@type":"ImageObject","inLanguage":"es","@id":"https:\/\/7abloom.com\/es\/shop\/guia-de-aceites-esenciales\/#primaryimage","url":"https:\/\/7abloom.com\/wp-content\/uploads\/2022\/12\/ESSENTIALOILS_compressed.jpg","contentUrl":"https:\/\/7abloom.com\/wp-content\/uploads\/2022\/12\/ESSENTIALOILS_compressed.jpg","width":594,"height":841,"caption":"ACEITES ESENCIALES EBOOK"},{"@type":"BreadcrumbList","@id":"https:\/\/7abloom.com\/es\/shop\/guia-de-aceites-esenciales\/#breadcrumb","itemListElement":[{"@type":"ListItem","position":1,"name":"Home","item":"https:\/\/7abloom.com\/es\/"},{"@type":"ListItem","position":2,"name":"Tienda","item":"https:\/\/7abloom.com\/es\/tienda\/"},{"@type":"ListItem","position":3,"name":"Gu\u00eda de aceites esenciales"}]},{"@type":"WebSite","@id":"https:\/\/7abloom.com\/es\/#website","url":"https:\/\/7abloom.com\/es\/","name":"7Abloom","description":"7abloom","publisher":{"@id":"https:\/\/7abloom.com\/es\/#organization"},"potentialAction":[{"@type":"SearchAction","target":{"@type":"EntryPoint","urlTemplate":"https:\/\/7abloom.com\/es\/?s={search_term_string}"},"query-input":{"@type":"PropertyValueSpecification","valueRequired":true,"valueName":"search_term_string"}}],"inLanguage":"es"},{"@type":"Organization","@id":"https:\/\/7abloom.com\/es\/#organization","name":"7Abloom","url":"https:\/\/7abloom.com\/es\/","logo":{"@type":"ImageObject","inLanguage":"es","@id":"https:\/\/7abloom.com\/es\/#\/schema\/logo\/image\/","url":"https:\/\/i1.wp.com\/7abloom.com\/wp-content\/uploads\/2021\/07\/7a-logo-green.png?fit=126%2C126&ssl=1","contentUrl":"https:\/\/i1.wp.com\/7abloom.com\/wp-content\/uploads\/2021\/07\/7a-logo-green.png?fit=126%2C126&ssl=1","width":126,"height":126,"caption":"7Abloom"},"image":{"@id":"https:\/\/7abloom.com\/es\/#\/schema\/logo\/image\/"},"sameAs":["https:\/\/www.facebook.com\/7abloom\/","https:\/\/x.com\/7_abloom","https:\/\/www.instagram.com\/7abloom\/","https:\/\/www.pinterest.com\/7abloom\/"]}]}},"jetpack_publicize_connections":[],"_links":{"self":[{"href":"https:\/\/7abloom.com\/es\/wp-json\/wp\/v2\/product\/4816","targetHints":{"allow":["GET"]}}],"collection":[{"href":"https:\/\/7abloom.com\/es\/wp-json\/wp\/v2\/product"}],"about":[{"href":"https:\/\/7abloom.com\/es\/wp-json\/wp\/v2\/types\/product"}],"replies":[{"embeddable":true,"href":"https:\/\/7abloom.com\/es\/wp-json\/wp\/v2\/comments?post=4816"}],"wp:featuredmedia":[{"embeddable":true,"href":"https:\/\/7abloom.com\/es\/wp-json\/wp\/v2\/media\/4679"}],"wp:attachment":[{"href":"https:\/\/7abloom.com\/es\/wp-json\/wp\/v2\/media?parent=4816"}],"wp:term":[{"taxonomy":"product_brand","embeddable":true,"href":"https:\/\/7abloom.com\/es\/wp-json\/wp\/v2\/product_brand?post=4816"},{"taxonomy":"product_cat","embeddable":true,"href":"https:\/\/7abloom.com\/es\/wp-json\/wp\/v2\/product_cat?post=4816"},{"taxonomy":"product_tag","embeddable":true,"href":"https:\/\/7abloom.com\/es\/wp-json\/wp\/v2\/product_tag?post=4816"}],"curies":[{"name":"wp","href":"https:\/\/api.w.org\/{rel}","templated":true}]}}