{"id":4818,"date":"2021-09-26T12:13:24","date_gmt":"2021-09-26T16:13:24","guid":{"rendered":"https:\/\/7abloom.com\/shop\/mantequilla-para-pies\/"},"modified":"2023-04-29T16:59:07","modified_gmt":"2023-04-29T20:59:07","slug":"mantequilla-para-pies","status":"publish","type":"product","link":"https:\/\/7abloom.com\/es\/shop\/mantequilla-para-pies\/","title":{"rendered":"Mantequilla para pies"},"content":{"rendered":"<p>Una manteca de pies multiusos que dejar\u00e1 su piel hidratada durante horas.<\/p>\n<p><strong>USO POLIVALENTE<\/strong><\/p>\n<ul>\n<li>Crema para pies y manos<\/li>\n<li>Tambi\u00e9n puede utilizarse como b\u00e1lsamo y brillo labial y producto refrescante para despu\u00e9s de la depilaci\u00f3n (cejas, piernas)<\/li>\n<\/ul>\n<p><strong>PRESTACIONES<\/strong><\/p>\n<ul>\n<li style=\"list-style-type: none;\">\n<ul>\n<li>Cura e hidrata manos, pies, labios y piernas agrietados. Tu piel retendr\u00e1 los aceites durante horas.<\/li>\n<li>Extremadamente hidratante y no graso.<\/li>\n<li>Niveles significativos de vitaminas A y E, que favorecen una fuerte actividad antioxidante.<\/li>\n<li>Estimula la producci\u00f3n de col\u00e1geno y favorece la regeneraci\u00f3n celular.<\/li>\n<li>Minimiza la irritaci\u00f3n causada por factores ambientales, como el clima seco.<\/li>\n<li>Los aceites esenciales de lavanda y naranja ayudan a disminuir la ansiedad y mejoran el estado de \u00e1nimo.<\/li>\n<\/ul>\n<\/li>\n<\/ul>\n<p>Y mucho m\u00e1s.<\/p>\n<p><strong>INGREDIENTES<\/strong><\/p>\n<ul>\n<li>Manteca de karit\u00e9, aceite de coco, aceite de ricino, aceite de oliva, aceite de lav\u00e1ndula angustifolia b\u00falgara (lavanda), aceite esencial puro de naranja y aceite de vitamina E (d alfa-tocoferol).<\/li>\n<li>Sin productos qu\u00edmicos ni \u00e1cidos Sin ingredientes sint\u00e9ticos. SIEMPRE.<\/li>\n<li>Envase ecol\u00f3gico: tarro de bamb\u00fa 100% REAL. #saynotoplastic<\/li>\n<li>El producto tiene 50 ml y cabe f\u00e1cilmente en la mayor\u00eda de los bolsos.<\/li>\n<\/ul>\n<p><strong>INSTRUCCIONES DE USO<\/strong><\/p>\n<ul>\n<li>Tomar una cucharadita de la manteca del tarro de bamb\u00fa y frotar el producto sobre la piel. Aplicar sobre la piel h\u00fameda o seca (rostro o cuerpo).<\/li>\n<li>El producto debe ser f\u00e1cil de extender. Conservar a temperatura ambiente. En caso de que la mantequilla se derrita, no se preocupe; gu\u00e1rdela en el frigor\u00edfico durante 30 minutos.<\/li>\n<li>Recomendamos probar una peque\u00f1a cantidad 24 horas antes de su uso como prueba aleatoria.<\/li>\n<\/ul>\n<p>&nbsp;<\/p>\n","protected":false},"excerpt":{"rendered":"<p>Una manteca de pies multiusos que dejar\u00e1 su piel hidratada durante horas.<\/p>\n<p><strong>USO POLIVALENTE<\/strong><\/p>\n<ul>\n<li>Crema para pies y manos<\/li>\n<li>Tambi\u00e9n puede utilizarse como b\u00e1lsamo y brillo labial y producto refrescante para despu\u00e9s de la depilaci\u00f3n (cejas, piernas)<\/li>\n<\/ul>\n","protected":false},"featured_media":4608,"comment_status":"open","ping_status":"closed","template":"","meta":{"jetpack_publicize_message":"","jetpack_publicize_feature_enabled":true,"jetpack_social_post_already_shared":true,"jetpack_social_options":{"image_generator_settings":{"template":"highway","default_image_id":0,"font":"","enabled":false},"version":2}},"product_brand":[],"product_cat":[200,196],"product_tag":[205,215,201,198,199],"class_list":{"0":"post-4818","1":"product","2":"type-product","3":"status-publish","4":"has-post-thumbnail","6":"product_cat-crema-para-pies","7":"product_cat-manteca-corporal","8":"product_tag-bodybutter-es","9":"product_tag-cuidado-de-la-piel-ecologico","10":"product_tag-hecho-a-mano","11":"product_tag-manteca-de-karite","12":"product_tag-organico","13":"sales-flash-overlay","14":"woocommerce-text-align-left","15":"woocommerce-image-align-center","16":"do-quantity-buttons","17":"wc-has-gallery","19":"first","20":"instock","21":"featured","22":"taxable","23":"shipping-taxable","24":"purchasable","25":"product-type-simple"},"yoast_head":"<!-- This site is optimized with the Yoast SEO plugin v26.6 - https:\/\/yoast.com\/wordpress\/plugins\/seo\/ -->\n<title>Mantequilla para pies - 7Abloom<\/title>\n<meta name=\"description\" content=\"Una manteca de pies multiusos que dejar\u00e1 su piel hidratada durante horas. Tambi\u00e9n se puede utilizar como b\u00e1lsamo y brillo labial y como cera posterior, entre otras cosas.\" \/>\n<meta name=\"robots\" content=\"index, follow, max-snippet:-1, max-image-preview:large, max-video-preview:-1\" \/>\n<link rel=\"canonical\" href=\"https:\/\/7abloom.com\/es\/shop\/mantequilla-para-pies\/\" \/>\n<meta property=\"og:locale\" content=\"es_ES\" \/>\n<meta property=\"og:type\" content=\"article\" \/>\n<meta property=\"og:title\" content=\"Mantequilla para pies - 7Abloom\" \/>\n<meta property=\"og:description\" content=\"Una manteca de pies multiusos que dejar\u00e1 su piel hidratada durante horas. Tambi\u00e9n se puede utilizar como b\u00e1lsamo y brillo labial y como cera posterior, entre otras cosas.\" \/>\n<meta property=\"og:url\" content=\"https:\/\/7abloom.com\/es\/shop\/mantequilla-para-pies\/\" \/>\n<meta property=\"og:site_name\" content=\"7Abloom\" \/>\n<meta property=\"article:publisher\" content=\"https:\/\/www.facebook.com\/7abloom\/\" \/>\n<meta property=\"article:modified_time\" content=\"2023-04-29T20:59:07+00:00\" \/>\n<meta property=\"og:image\" content=\"https:\/\/i0.wp.com\/7abloom.com\/wp-content\/uploads\/2021\/01\/signal-2021-09-12-231322_002.jpeg?fit=1600%2C1600&ssl=1\" \/>\n\t<meta property=\"og:image:width\" content=\"1600\" \/>\n\t<meta property=\"og:image:height\" content=\"1600\" \/>\n\t<meta property=\"og:image:type\" content=\"image\/jpeg\" \/>\n<meta name=\"twitter:card\" content=\"summary_large_image\" \/>\n<meta name=\"twitter:site\" content=\"@7_abloom\" \/>\n<meta name=\"twitter:label1\" content=\"Tiempo de lectura\" \/>\n\t<meta name=\"twitter:data1\" content=\"1 minuto\" \/>\n<script type=\"application\/ld+json\" class=\"yoast-schema-graph\">{\"@context\":\"https:\/\/schema.org\",\"@graph\":[{\"@type\":\"WebPage\",\"@id\":\"https:\/\/7abloom.com\/es\/shop\/mantequilla-para-pies\/\",\"url\":\"https:\/\/7abloom.com\/es\/shop\/mantequilla-para-pies\/\",\"name\":\"Mantequilla para pies - 7Abloom\",\"isPartOf\":{\"@id\":\"https:\/\/7abloom.com\/es\/#website\"},\"primaryImageOfPage\":{\"@id\":\"https:\/\/7abloom.com\/es\/shop\/mantequilla-para-pies\/#primaryimage\"},\"image\":{\"@id\":\"https:\/\/7abloom.com\/es\/shop\/mantequilla-para-pies\/#primaryimage\"},\"thumbnailUrl\":\"https:\/\/7abloom.com\/wp-content\/uploads\/2021\/01\/signal-2021-09-12-231322_002.jpeg\",\"datePublished\":\"2021-09-26T16:13:24+00:00\",\"dateModified\":\"2023-04-29T20:59:07+00:00\",\"description\":\"Una manteca de pies multiusos que dejar\u00e1 su piel hidratada durante horas. Tambi\u00e9n se puede utilizar como b\u00e1lsamo y brillo labial y como cera posterior, entre otras cosas.\",\"breadcrumb\":{\"@id\":\"https:\/\/7abloom.com\/es\/shop\/mantequilla-para-pies\/#breadcrumb\"},\"inLanguage\":\"es\",\"potentialAction\":[{\"@type\":\"ReadAction\",\"target\":[\"https:\/\/7abloom.com\/es\/shop\/mantequilla-para-pies\/\"]}]},{\"@type\":\"ImageObject\",\"inLanguage\":\"es\",\"@id\":\"https:\/\/7abloom.com\/es\/shop\/mantequilla-para-pies\/#primaryimage\",\"url\":\"https:\/\/7abloom.com\/wp-content\/uploads\/2021\/01\/signal-2021-09-12-231322_002.jpeg\",\"contentUrl\":\"https:\/\/7abloom.com\/wp-content\/uploads\/2021\/01\/signal-2021-09-12-231322_002.jpeg\",\"width\":1600,\"height\":1600,\"caption\":\"Crema para pies antes y despu\u00e9s\"},{\"@type\":\"BreadcrumbList\",\"@id\":\"https:\/\/7abloom.com\/es\/shop\/mantequilla-para-pies\/#breadcrumb\",\"itemListElement\":[{\"@type\":\"ListItem\",\"position\":1,\"name\":\"Home\",\"item\":\"https:\/\/7abloom.com\/es\/\"},{\"@type\":\"ListItem\",\"position\":2,\"name\":\"Tienda\",\"item\":\"https:\/\/7abloom.com\/es\/tienda\/\"},{\"@type\":\"ListItem\",\"position\":3,\"name\":\"Mantequilla para pies\"}]},{\"@type\":\"WebSite\",\"@id\":\"https:\/\/7abloom.com\/es\/#website\",\"url\":\"https:\/\/7abloom.com\/es\/\",\"name\":\"7Abloom\",\"description\":\"7abloom\",\"publisher\":{\"@id\":\"https:\/\/7abloom.com\/es\/#organization\"},\"potentialAction\":[{\"@type\":\"SearchAction\",\"target\":{\"@type\":\"EntryPoint\",\"urlTemplate\":\"https:\/\/7abloom.com\/es\/?s={search_term_string}\"},\"query-input\":{\"@type\":\"PropertyValueSpecification\",\"valueRequired\":true,\"valueName\":\"search_term_string\"}}],\"inLanguage\":\"es\"},{\"@type\":\"Organization\",\"@id\":\"https:\/\/7abloom.com\/es\/#organization\",\"name\":\"7Abloom\",\"url\":\"https:\/\/7abloom.com\/es\/\",\"logo\":{\"@type\":\"ImageObject\",\"inLanguage\":\"es\",\"@id\":\"https:\/\/7abloom.com\/es\/#\/schema\/logo\/image\/\",\"url\":\"https:\/\/i1.wp.com\/7abloom.com\/wp-content\/uploads\/2021\/07\/7a-logo-green.png?fit=126%2C126&ssl=1\",\"contentUrl\":\"https:\/\/i1.wp.com\/7abloom.com\/wp-content\/uploads\/2021\/07\/7a-logo-green.png?fit=126%2C126&ssl=1\",\"width\":126,\"height\":126,\"caption\":\"7Abloom\"},\"image\":{\"@id\":\"https:\/\/7abloom.com\/es\/#\/schema\/logo\/image\/\"},\"sameAs\":[\"https:\/\/www.facebook.com\/7abloom\/\",\"https:\/\/x.com\/7_abloom\",\"https:\/\/www.instagram.com\/7abloom\/\",\"https:\/\/www.pinterest.com\/7abloom\/\"]}]}<\/script>\n<!-- \/ Yoast SEO plugin. -->","yoast_head_json":{"title":"Mantequilla para pies - 7Abloom","description":"Una manteca de pies multiusos que dejar\u00e1 su piel hidratada durante horas. Tambi\u00e9n se puede utilizar como b\u00e1lsamo y brillo labial y como cera posterior, entre otras cosas.","robots":{"index":"index","follow":"follow","max-snippet":"max-snippet:-1","max-image-preview":"max-image-preview:large","max-video-preview":"max-video-preview:-1"},"canonical":"https:\/\/7abloom.com\/es\/shop\/mantequilla-para-pies\/","og_locale":"es_ES","og_type":"article","og_title":"Mantequilla para pies - 7Abloom","og_description":"Una manteca de pies multiusos que dejar\u00e1 su piel hidratada durante horas. Tambi\u00e9n se puede utilizar como b\u00e1lsamo y brillo labial y como cera posterior, entre otras cosas.","og_url":"https:\/\/7abloom.com\/es\/shop\/mantequilla-para-pies\/","og_site_name":"7Abloom","article_publisher":"https:\/\/www.facebook.com\/7abloom\/","article_modified_time":"2023-04-29T20:59:07+00:00","og_image":[{"width":1600,"height":1600,"url":"https:\/\/i0.wp.com\/7abloom.com\/wp-content\/uploads\/2021\/01\/signal-2021-09-12-231322_002.jpeg?fit=1600%2C1600&ssl=1","type":"image\/jpeg"}],"twitter_card":"summary_large_image","twitter_site":"@7_abloom","twitter_misc":{"Tiempo de lectura":"1 minuto"},"schema":{"@context":"https:\/\/schema.org","@graph":[{"@type":"WebPage","@id":"https:\/\/7abloom.com\/es\/shop\/mantequilla-para-pies\/","url":"https:\/\/7abloom.com\/es\/shop\/mantequilla-para-pies\/","name":"Mantequilla para pies - 7Abloom","isPartOf":{"@id":"https:\/\/7abloom.com\/es\/#website"},"primaryImageOfPage":{"@id":"https:\/\/7abloom.com\/es\/shop\/mantequilla-para-pies\/#primaryimage"},"image":{"@id":"https:\/\/7abloom.com\/es\/shop\/mantequilla-para-pies\/#primaryimage"},"thumbnailUrl":"https:\/\/7abloom.com\/wp-content\/uploads\/2021\/01\/signal-2021-09-12-231322_002.jpeg","datePublished":"2021-09-26T16:13:24+00:00","dateModified":"2023-04-29T20:59:07+00:00","description":"Una manteca de pies multiusos que dejar\u00e1 su piel hidratada durante horas. Tambi\u00e9n se puede utilizar como b\u00e1lsamo y brillo labial y como cera posterior, entre otras cosas.","breadcrumb":{"@id":"https:\/\/7abloom.com\/es\/shop\/mantequilla-para-pies\/#breadcrumb"},"inLanguage":"es","potentialAction":[{"@type":"ReadAction","target":["https:\/\/7abloom.com\/es\/shop\/mantequilla-para-pies\/"]}]},{"@type":"ImageObject","inLanguage":"es","@id":"https:\/\/7abloom.com\/es\/shop\/mantequilla-para-pies\/#primaryimage","url":"https:\/\/7abloom.com\/wp-content\/uploads\/2021\/01\/signal-2021-09-12-231322_002.jpeg","contentUrl":"https:\/\/7abloom.com\/wp-content\/uploads\/2021\/01\/signal-2021-09-12-231322_002.jpeg","width":1600,"height":1600,"caption":"Crema para pies antes y despu\u00e9s"},{"@type":"BreadcrumbList","@id":"https:\/\/7abloom.com\/es\/shop\/mantequilla-para-pies\/#breadcrumb","itemListElement":[{"@type":"ListItem","position":1,"name":"Home","item":"https:\/\/7abloom.com\/es\/"},{"@type":"ListItem","position":2,"name":"Tienda","item":"https:\/\/7abloom.com\/es\/tienda\/"},{"@type":"ListItem","position":3,"name":"Mantequilla para pies"}]},{"@type":"WebSite","@id":"https:\/\/7abloom.com\/es\/#website","url":"https:\/\/7abloom.com\/es\/","name":"7Abloom","description":"7abloom","publisher":{"@id":"https:\/\/7abloom.com\/es\/#organization"},"potentialAction":[{"@type":"SearchAction","target":{"@type":"EntryPoint","urlTemplate":"https:\/\/7abloom.com\/es\/?s={search_term_string}"},"query-input":{"@type":"PropertyValueSpecification","valueRequired":true,"valueName":"search_term_string"}}],"inLanguage":"es"},{"@type":"Organization","@id":"https:\/\/7abloom.com\/es\/#organization","name":"7Abloom","url":"https:\/\/7abloom.com\/es\/","logo":{"@type":"ImageObject","inLanguage":"es","@id":"https:\/\/7abloom.com\/es\/#\/schema\/logo\/image\/","url":"https:\/\/i1.wp.com\/7abloom.com\/wp-content\/uploads\/2021\/07\/7a-logo-green.png?fit=126%2C126&ssl=1","contentUrl":"https:\/\/i1.wp.com\/7abloom.com\/wp-content\/uploads\/2021\/07\/7a-logo-green.png?fit=126%2C126&ssl=1","width":126,"height":126,"caption":"7Abloom"},"image":{"@id":"https:\/\/7abloom.com\/es\/#\/schema\/logo\/image\/"},"sameAs":["https:\/\/www.facebook.com\/7abloom\/","https:\/\/x.com\/7_abloom","https:\/\/www.instagram.com\/7abloom\/","https:\/\/www.pinterest.com\/7abloom\/"]}]}},"jetpack_publicize_connections":[],"_links":{"self":[{"href":"https:\/\/7abloom.com\/es\/wp-json\/wp\/v2\/product\/4818","targetHints":{"allow":["GET"]}}],"collection":[{"href":"https:\/\/7abloom.com\/es\/wp-json\/wp\/v2\/product"}],"about":[{"href":"https:\/\/7abloom.com\/es\/wp-json\/wp\/v2\/types\/product"}],"replies":[{"embeddable":true,"href":"https:\/\/7abloom.com\/es\/wp-json\/wp\/v2\/comments?post=4818"}],"wp:featuredmedia":[{"embeddable":true,"href":"https:\/\/7abloom.com\/es\/wp-json\/wp\/v2\/media\/4608"}],"wp:attachment":[{"href":"https:\/\/7abloom.com\/es\/wp-json\/wp\/v2\/media?parent=4818"}],"wp:term":[{"taxonomy":"product_brand","embeddable":true,"href":"https:\/\/7abloom.com\/es\/wp-json\/wp\/v2\/product_brand?post=4818"},{"taxonomy":"product_cat","embeddable":true,"href":"https:\/\/7abloom.com\/es\/wp-json\/wp\/v2\/product_cat?post=4818"},{"taxonomy":"product_tag","embeddable":true,"href":"https:\/\/7abloom.com\/es\/wp-json\/wp\/v2\/product_tag?post=4818"}],"curies":[{"name":"wp","href":"https:\/\/api.w.org\/{rel}","templated":true}]}}