{"id":4820,"date":"2021-04-26T07:25:45","date_gmt":"2021-04-26T11:25:45","guid":{"rendered":"https:\/\/7abloom.com\/shop\/eco-bamboo-face-mask-mixing-bowl-set-mini\/"},"modified":"2023-04-29T16:59:08","modified_gmt":"2023-04-29T20:59:08","slug":"eco-bamboo-face-mask-mixing-bowl-set-mini","status":"publish","type":"product","link":"https:\/\/7abloom.com\/es\/shop\/eco-bamboo-face-mask-mixing-bowl-set-mini\/","title":{"rendered":"Eco Bamboo Face Mask Mixing Bowl Set (Mini)"},"content":{"rendered":"<p>Eco Bamboo Face Mask Mixing Bowl Set (Mini)<\/p>\n","protected":false},"excerpt":{"rendered":"<p>Eco Bamboo Face Mask Mixing Bowl Set (Mini)<\/p>\n<ul class=\"a-unordered-list a-vertical a-spacing-mini\">\n<li><span class=\"a-list-item\">Tama\u00f1o del cuenco : 6.7cm x 3.1cm\/ 2.64 x 1.22  <\/span><\/li>\n<li>Mini<span style=\"text-decoration: underline;\">tama\u00f1o de<\/span> la cuchara 10cm\/3.94,<span style=\"text-decoration: underline;\">Mini tama\u00f1o, por favor revise las medidas de tama\u00f1o antes de su pedido<\/span><\/li>\n<li>Se trata de un peque\u00f1o y estupendo cuenco para mascarillas con cuchara con el que podr\u00e1s mezclar tus propias mascarillas faciales en casa. Perfecto para sus mascarillas faciales de bricolaje.<\/li>\n<li><span class=\"a-list-item\">Ligero, f\u00e1cil de transportar y pr\u00e1ctico para su uso diario.<\/span><\/li>\n<li>Peque\u00f1a pero poderosa; suficiente para todas sus necesidades de mascarillas faciales y, de hecho, le evitar\u00e1 desperdiciar m\u00e1s producto del que necesita.<\/li>\n<li>100% bamb\u00fa.<\/li>\n<li>F\u00e1cil de lavar y utilizar.<\/li>\n<li>Viene en una bonita bolsa con cord\u00f3n<\/li>\n<\/ul>\n","protected":false},"featured_media":4570,"comment_status":"open","ping_status":"closed","template":"","meta":{"jetpack_publicize_message":"","jetpack_publicize_feature_enabled":true,"jetpack_social_post_already_shared":true,"jetpack_social_options":{"image_generator_settings":{"template":"highway","default_image_id":0,"font":"","enabled":false},"version":2}},"product_brand":[],"product_cat":[197,282,281],"product_tag":[285,284,286,283],"class_list":{"0":"post-4820","1":"product","2":"type-product","3":"status-publish","4":"has-post-thumbnail","6":"product_cat-bano-2","7":"product_cat-cara","8":"product_cat-cuenco-de-bambu","9":"product_tag-cara","10":"product_tag-cuenco-mezclador","11":"product_tag-ecofriendly-es","12":"product_tag-mascara-facial","13":"sales-flash-overlay","14":"woocommerce-text-align-left","15":"woocommerce-image-align-center","16":"do-quantity-buttons","17":"wc-has-gallery","19":"first","20":"instock","21":"taxable","22":"shipping-taxable","23":"purchasable","24":"product-type-simple"},"yoast_head":"<!-- This site is optimized with the Yoast SEO plugin v26.6 - https:\/\/yoast.com\/wordpress\/plugins\/seo\/ -->\n<title>Eco Bamboo Face Mask Mixing Bowl Set (Mini) - 7Abloom<\/title>\n<meta name=\"description\" content=\"Se trata de un peque\u00f1o y estupendo cuenco para mascarillas con cuchara con el que podr\u00e1s mezclar tus propias mascarillas faciales en casa. Perfecto para sus mascarillas faciales de bricolaje.\" \/>\n<meta name=\"robots\" content=\"index, follow, max-snippet:-1, max-image-preview:large, max-video-preview:-1\" \/>\n<link rel=\"canonical\" href=\"https:\/\/7abloom.com\/es\/shop\/eco-bamboo-face-mask-mixing-bowl-set-mini\/\" \/>\n<meta property=\"og:locale\" content=\"es_ES\" \/>\n<meta property=\"og:type\" content=\"article\" \/>\n<meta property=\"og:title\" content=\"Eco Bamboo Face Mask Mixing Bowl Set (Mini) - 7Abloom\" \/>\n<meta property=\"og:description\" content=\"Se trata de un peque\u00f1o y estupendo cuenco para mascarillas con cuchara con el que podr\u00e1s mezclar tus propias mascarillas faciales en casa. Perfecto para sus mascarillas faciales de bricolaje.\" \/>\n<meta property=\"og:url\" content=\"https:\/\/7abloom.com\/es\/shop\/eco-bamboo-face-mask-mixing-bowl-set-mini\/\" \/>\n<meta property=\"og:site_name\" content=\"7Abloom\" \/>\n<meta property=\"article:publisher\" content=\"https:\/\/www.facebook.com\/7abloom\/\" \/>\n<meta property=\"article:modified_time\" content=\"2023-04-29T20:59:08+00:00\" \/>\n<meta property=\"og:image\" content=\"https:\/\/i0.wp.com\/7abloom.com\/wp-content\/uploads\/2021\/04\/signal-2021-04-25-232938_005.jpeg?fit=1536%2C1152&ssl=1\" \/>\n\t<meta property=\"og:image:width\" content=\"1536\" \/>\n\t<meta property=\"og:image:height\" content=\"1152\" \/>\n\t<meta property=\"og:image:type\" content=\"image\/jpeg\" \/>\n<meta name=\"twitter:card\" content=\"summary_large_image\" \/>\n<meta name=\"twitter:site\" content=\"@7_abloom\" \/>\n<script type=\"application\/ld+json\" class=\"yoast-schema-graph\">{\"@context\":\"https:\/\/schema.org\",\"@graph\":[{\"@type\":\"WebPage\",\"@id\":\"https:\/\/7abloom.com\/es\/shop\/eco-bamboo-face-mask-mixing-bowl-set-mini\/\",\"url\":\"https:\/\/7abloom.com\/es\/shop\/eco-bamboo-face-mask-mixing-bowl-set-mini\/\",\"name\":\"Eco Bamboo Face Mask Mixing Bowl Set (Mini) - 7Abloom\",\"isPartOf\":{\"@id\":\"https:\/\/7abloom.com\/es\/#website\"},\"primaryImageOfPage\":{\"@id\":\"https:\/\/7abloom.com\/es\/shop\/eco-bamboo-face-mask-mixing-bowl-set-mini\/#primaryimage\"},\"image\":{\"@id\":\"https:\/\/7abloom.com\/es\/shop\/eco-bamboo-face-mask-mixing-bowl-set-mini\/#primaryimage\"},\"thumbnailUrl\":\"https:\/\/7abloom.com\/wp-content\/uploads\/2021\/04\/signal-2021-04-25-232938_005.jpeg\",\"datePublished\":\"2021-04-26T11:25:45+00:00\",\"dateModified\":\"2023-04-29T20:59:08+00:00\",\"description\":\"Se trata de un peque\u00f1o y estupendo cuenco para mascarillas con cuchara con el que podr\u00e1s mezclar tus propias mascarillas faciales en casa. Perfecto para sus mascarillas faciales de bricolaje.\",\"breadcrumb\":{\"@id\":\"https:\/\/7abloom.com\/es\/shop\/eco-bamboo-face-mask-mixing-bowl-set-mini\/#breadcrumb\"},\"inLanguage\":\"es\",\"potentialAction\":[{\"@type\":\"ReadAction\",\"target\":[\"https:\/\/7abloom.com\/es\/shop\/eco-bamboo-face-mask-mixing-bowl-set-mini\/\"]}]},{\"@type\":\"ImageObject\",\"inLanguage\":\"es\",\"@id\":\"https:\/\/7abloom.com\/es\/shop\/eco-bamboo-face-mask-mixing-bowl-set-mini\/#primaryimage\",\"url\":\"https:\/\/7abloom.com\/wp-content\/uploads\/2021\/04\/signal-2021-04-25-232938_005.jpeg\",\"contentUrl\":\"https:\/\/7abloom.com\/wp-content\/uploads\/2021\/04\/signal-2021-04-25-232938_005.jpeg\",\"width\":1536,\"height\":1152,\"caption\":\"Juego de cuencos de bamb\u00fa ecol\u00f3gico\"},{\"@type\":\"BreadcrumbList\",\"@id\":\"https:\/\/7abloom.com\/es\/shop\/eco-bamboo-face-mask-mixing-bowl-set-mini\/#breadcrumb\",\"itemListElement\":[{\"@type\":\"ListItem\",\"position\":1,\"name\":\"Home\",\"item\":\"https:\/\/7abloom.com\/es\/\"},{\"@type\":\"ListItem\",\"position\":2,\"name\":\"Tienda\",\"item\":\"https:\/\/7abloom.com\/es\/tienda\/\"},{\"@type\":\"ListItem\",\"position\":3,\"name\":\"Eco Bamboo Face Mask Mixing Bowl Set (Mini)\"}]},{\"@type\":\"WebSite\",\"@id\":\"https:\/\/7abloom.com\/es\/#website\",\"url\":\"https:\/\/7abloom.com\/es\/\",\"name\":\"7Abloom\",\"description\":\"7abloom\",\"publisher\":{\"@id\":\"https:\/\/7abloom.com\/es\/#organization\"},\"potentialAction\":[{\"@type\":\"SearchAction\",\"target\":{\"@type\":\"EntryPoint\",\"urlTemplate\":\"https:\/\/7abloom.com\/es\/?s={search_term_string}\"},\"query-input\":{\"@type\":\"PropertyValueSpecification\",\"valueRequired\":true,\"valueName\":\"search_term_string\"}}],\"inLanguage\":\"es\"},{\"@type\":\"Organization\",\"@id\":\"https:\/\/7abloom.com\/es\/#organization\",\"name\":\"7Abloom\",\"url\":\"https:\/\/7abloom.com\/es\/\",\"logo\":{\"@type\":\"ImageObject\",\"inLanguage\":\"es\",\"@id\":\"https:\/\/7abloom.com\/es\/#\/schema\/logo\/image\/\",\"url\":\"https:\/\/i1.wp.com\/7abloom.com\/wp-content\/uploads\/2021\/07\/7a-logo-green.png?fit=126%2C126&ssl=1\",\"contentUrl\":\"https:\/\/i1.wp.com\/7abloom.com\/wp-content\/uploads\/2021\/07\/7a-logo-green.png?fit=126%2C126&ssl=1\",\"width\":126,\"height\":126,\"caption\":\"7Abloom\"},\"image\":{\"@id\":\"https:\/\/7abloom.com\/es\/#\/schema\/logo\/image\/\"},\"sameAs\":[\"https:\/\/www.facebook.com\/7abloom\/\",\"https:\/\/x.com\/7_abloom\",\"https:\/\/www.instagram.com\/7abloom\/\",\"https:\/\/www.pinterest.com\/7abloom\/\"]}]}<\/script>\n<!-- \/ Yoast SEO plugin. -->","yoast_head_json":{"title":"Eco Bamboo Face Mask Mixing Bowl Set (Mini) - 7Abloom","description":"Se trata de un peque\u00f1o y estupendo cuenco para mascarillas con cuchara con el que podr\u00e1s mezclar tus propias mascarillas faciales en casa. Perfecto para sus mascarillas faciales de bricolaje.","robots":{"index":"index","follow":"follow","max-snippet":"max-snippet:-1","max-image-preview":"max-image-preview:large","max-video-preview":"max-video-preview:-1"},"canonical":"https:\/\/7abloom.com\/es\/shop\/eco-bamboo-face-mask-mixing-bowl-set-mini\/","og_locale":"es_ES","og_type":"article","og_title":"Eco Bamboo Face Mask Mixing Bowl Set (Mini) - 7Abloom","og_description":"Se trata de un peque\u00f1o y estupendo cuenco para mascarillas con cuchara con el que podr\u00e1s mezclar tus propias mascarillas faciales en casa. Perfecto para sus mascarillas faciales de bricolaje.","og_url":"https:\/\/7abloom.com\/es\/shop\/eco-bamboo-face-mask-mixing-bowl-set-mini\/","og_site_name":"7Abloom","article_publisher":"https:\/\/www.facebook.com\/7abloom\/","article_modified_time":"2023-04-29T20:59:08+00:00","og_image":[{"width":1536,"height":1152,"url":"https:\/\/i0.wp.com\/7abloom.com\/wp-content\/uploads\/2021\/04\/signal-2021-04-25-232938_005.jpeg?fit=1536%2C1152&ssl=1","type":"image\/jpeg"}],"twitter_card":"summary_large_image","twitter_site":"@7_abloom","schema":{"@context":"https:\/\/schema.org","@graph":[{"@type":"WebPage","@id":"https:\/\/7abloom.com\/es\/shop\/eco-bamboo-face-mask-mixing-bowl-set-mini\/","url":"https:\/\/7abloom.com\/es\/shop\/eco-bamboo-face-mask-mixing-bowl-set-mini\/","name":"Eco Bamboo Face Mask Mixing Bowl Set (Mini) - 7Abloom","isPartOf":{"@id":"https:\/\/7abloom.com\/es\/#website"},"primaryImageOfPage":{"@id":"https:\/\/7abloom.com\/es\/shop\/eco-bamboo-face-mask-mixing-bowl-set-mini\/#primaryimage"},"image":{"@id":"https:\/\/7abloom.com\/es\/shop\/eco-bamboo-face-mask-mixing-bowl-set-mini\/#primaryimage"},"thumbnailUrl":"https:\/\/7abloom.com\/wp-content\/uploads\/2021\/04\/signal-2021-04-25-232938_005.jpeg","datePublished":"2021-04-26T11:25:45+00:00","dateModified":"2023-04-29T20:59:08+00:00","description":"Se trata de un peque\u00f1o y estupendo cuenco para mascarillas con cuchara con el que podr\u00e1s mezclar tus propias mascarillas faciales en casa. Perfecto para sus mascarillas faciales de bricolaje.","breadcrumb":{"@id":"https:\/\/7abloom.com\/es\/shop\/eco-bamboo-face-mask-mixing-bowl-set-mini\/#breadcrumb"},"inLanguage":"es","potentialAction":[{"@type":"ReadAction","target":["https:\/\/7abloom.com\/es\/shop\/eco-bamboo-face-mask-mixing-bowl-set-mini\/"]}]},{"@type":"ImageObject","inLanguage":"es","@id":"https:\/\/7abloom.com\/es\/shop\/eco-bamboo-face-mask-mixing-bowl-set-mini\/#primaryimage","url":"https:\/\/7abloom.com\/wp-content\/uploads\/2021\/04\/signal-2021-04-25-232938_005.jpeg","contentUrl":"https:\/\/7abloom.com\/wp-content\/uploads\/2021\/04\/signal-2021-04-25-232938_005.jpeg","width":1536,"height":1152,"caption":"Juego de cuencos de bamb\u00fa ecol\u00f3gico"},{"@type":"BreadcrumbList","@id":"https:\/\/7abloom.com\/es\/shop\/eco-bamboo-face-mask-mixing-bowl-set-mini\/#breadcrumb","itemListElement":[{"@type":"ListItem","position":1,"name":"Home","item":"https:\/\/7abloom.com\/es\/"},{"@type":"ListItem","position":2,"name":"Tienda","item":"https:\/\/7abloom.com\/es\/tienda\/"},{"@type":"ListItem","position":3,"name":"Eco Bamboo Face Mask Mixing Bowl Set (Mini)"}]},{"@type":"WebSite","@id":"https:\/\/7abloom.com\/es\/#website","url":"https:\/\/7abloom.com\/es\/","name":"7Abloom","description":"7abloom","publisher":{"@id":"https:\/\/7abloom.com\/es\/#organization"},"potentialAction":[{"@type":"SearchAction","target":{"@type":"EntryPoint","urlTemplate":"https:\/\/7abloom.com\/es\/?s={search_term_string}"},"query-input":{"@type":"PropertyValueSpecification","valueRequired":true,"valueName":"search_term_string"}}],"inLanguage":"es"},{"@type":"Organization","@id":"https:\/\/7abloom.com\/es\/#organization","name":"7Abloom","url":"https:\/\/7abloom.com\/es\/","logo":{"@type":"ImageObject","inLanguage":"es","@id":"https:\/\/7abloom.com\/es\/#\/schema\/logo\/image\/","url":"https:\/\/i1.wp.com\/7abloom.com\/wp-content\/uploads\/2021\/07\/7a-logo-green.png?fit=126%2C126&ssl=1","contentUrl":"https:\/\/i1.wp.com\/7abloom.com\/wp-content\/uploads\/2021\/07\/7a-logo-green.png?fit=126%2C126&ssl=1","width":126,"height":126,"caption":"7Abloom"},"image":{"@id":"https:\/\/7abloom.com\/es\/#\/schema\/logo\/image\/"},"sameAs":["https:\/\/www.facebook.com\/7abloom\/","https:\/\/x.com\/7_abloom","https:\/\/www.instagram.com\/7abloom\/","https:\/\/www.pinterest.com\/7abloom\/"]}]}},"jetpack_publicize_connections":[],"_links":{"self":[{"href":"https:\/\/7abloom.com\/es\/wp-json\/wp\/v2\/product\/4820","targetHints":{"allow":["GET"]}}],"collection":[{"href":"https:\/\/7abloom.com\/es\/wp-json\/wp\/v2\/product"}],"about":[{"href":"https:\/\/7abloom.com\/es\/wp-json\/wp\/v2\/types\/product"}],"replies":[{"embeddable":true,"href":"https:\/\/7abloom.com\/es\/wp-json\/wp\/v2\/comments?post=4820"}],"wp:featuredmedia":[{"embeddable":true,"href":"https:\/\/7abloom.com\/es\/wp-json\/wp\/v2\/media\/4570"}],"wp:attachment":[{"href":"https:\/\/7abloom.com\/es\/wp-json\/wp\/v2\/media?parent=4820"}],"wp:term":[{"taxonomy":"product_brand","embeddable":true,"href":"https:\/\/7abloom.com\/es\/wp-json\/wp\/v2\/product_brand?post=4820"},{"taxonomy":"product_cat","embeddable":true,"href":"https:\/\/7abloom.com\/es\/wp-json\/wp\/v2\/product_cat?post=4820"},{"taxonomy":"product_tag","embeddable":true,"href":"https:\/\/7abloom.com\/es\/wp-json\/wp\/v2\/product_tag?post=4820"}],"curies":[{"name":"wp","href":"https:\/\/api.w.org\/{rel}","templated":true}]}}