{"id":4824,"date":"2021-03-09T17:56:58","date_gmt":"2021-03-09T22:56:58","guid":{"rendered":"https:\/\/7abloom.com\/shop\/dos-jabones-prensados-en-frio-y-una-manteca-hidratante\/"},"modified":"2023-04-29T16:59:09","modified_gmt":"2023-04-29T20:59:09","slug":"dos-jabones-prensados-en-frio-y-una-manteca-hidratante","status":"publish","type":"product","link":"https:\/\/7abloom.com\/es\/shop\/dos-jabones-prensados-en-frio-y-una-manteca-hidratante\/","title":{"rendered":"Dos jabones prensados en fr\u00edo y una manteca hidratante"},"content":{"rendered":"<p>Este es el paquete de regalo perfecto para el cuidado personal.<\/p>\n<p>JABONES PRENSADOS EN FR\u00cdO\/MANTEQUILLA HIDRATANTE CAJA DE REGALO INCLUYE:<br \/>\n&#8211; Una Crema Hidratante de Mantequilla\/Pies de 1.7oz<br \/>\n&#8211; Dos jabones de 5oz<\/p>\n","protected":false},"excerpt":{"rendered":"<p>Este es el paquete de regalo perfecto para el cuidado personal.<\/p>\n<p>JABONES PRENSADOS EN FR\u00cdO\/MANTEQUILLA HIDRATANTE CAJA DE REGALO INCLUYE:<br \/>\n&#8211; Una Crema Hidratante de Mantequilla\/Pies de 1.7oz<br \/>\n&#8211; Dos jabones de 5oz<\/p>\n<p>Papel arrugado marr\u00f3n + postal con mensaje personalizado impresa profesionalmente pegada a la caja (si procede).<\/p>\n<p>Nuestros jabones y mantequillas artesanales prensados en fr\u00edo se elaboran con ingredientes de la m\u00e1xima calidad. No contienen parabenos, ftalatos, sulfatos ni aceites minerales y son 100% veganos y libres de crueldad.<\/p>\n<p>MANTECA HIDRATANTE:<\/p>\n<ul>\n<li>Una sorprendente combinaci\u00f3n de aceite de coco virgen y manteca de karit\u00e9 refinada. Esta manteca rica en hidrataci\u00f3n nutre la piel proporcion\u00e1ndole hidrataci\u00f3n y suavidad sin dejar una sensaci\u00f3n aceitosa, pegajosa o grasienta. Se desliza con facilidad, se absorbe r\u00e1pidamente y deja una sensaci\u00f3n agradable en la piel. Especialmente indicado para articulaciones y pies.<\/li>\n<li>Sus ingredientes son manteca de karit\u00e9, aceite de coco virgen, aceite esencial de naranja, aceite de lavanda, aceite de oliva virgen extra, aceite de ricino y vitamina E.<\/li>\n<li>Se presenta en un tarro de bamb\u00fa (guarde su tarro para el programa de rellenado)<\/li>\n<\/ul>\n<p>INSTRUCCIONES DE CONSERVACI\u00d3N: Por favor, mantenga la manteca corporal en un lugar seco y fresco en todo momento.<\/p>\n<p>JABONES PRENSADOS EN FR\u00cdO:<\/p>\n<ul>\n<li>Todos nuestros jabones contienen los siguientes ingredientes clave: manteca de karit\u00e9, aceite de oliva, aceite de coco, aceite de girasol, aceite de soja, aceite de ma\u00edz, agua, lej\u00eda y fragancia. Seleccionaremos dos jabones de la siguiente lista:<\/li>\n<li>Grapefruit Heaven (rico y satisfactorio)<br \/>\nLavanda suave (sutil, atrevido y limpio)<br \/>\nHierba lim\u00f3n (limpia y dulce contiene hierba lim\u00f3n)<br \/>\nVainilla suave y elegante (dulce, sofisticada pero no muy fuerte)<br \/>\nJab\u00f3n negro dulce (contiene carb\u00f3n activado, rico pero sutil)<br \/>\nEscape Reality (mezcla floral, picante)<br \/>\nDelicia de avena (contiene avena molida, rica)<br \/>\nJuicy Cherry (afrutado y dulce, huele a cerezas)<br \/>\nEl amor est\u00e1 en el aire (true floral)<br \/>\nBubblegum Joy (dulce, como un caramelo, huele a chicle)<br \/>\nSexy y juvenil (picante y rico)<br \/>\nCherry Spice (rico y huele a cerezas, delicioso)<\/li>\n<\/ul>\n<p>&nbsp;<\/p>\n<p>&amp;nbsp<\/p>\n<blockquote class=\"tiktok-embed\" cite=\"https:\/\/www.tiktok.com\/@selfcare7abloom\/video\/6939675584658181381\" data-video-id=\"6939675584658181381\">\n<section><a title=\"@selfcare7abloom\" href=\"https:\/\/www.tiktok.com\/@selfcare7abloom\" target=\"_blank\" rel=\"noopener\">@selfcare7abloomeveryone<\/a>starts somewhere \u2764\ufe0f\ud83e\uddfc <a title=\"smallbusinesstiktok\" href=\"https:\/\/www.tiktok.com\/tag\/smallbusinesstiktok\" target=\"_blank\" rel=\"noopener\">##smallbusinesstiktok<\/a> <a title=\"smallbusinessusa\" href=\"https:\/\/www.tiktok.com\/tag\/smallbusinessusa\" target=\"_blank\" rel=\"noopener\">##smallbusinessusa<\/a> <a title=\"handmadeskincare\" href=\"https:\/\/www.tiktok.com\/tag\/handmadeskincare\" target=\"_blank\" rel=\"noopener\">##handmadeskincare\u266c<\/a><a title=\"\u266c Me gusta as\u00ed - Estudio KL\" href=\"https:\/\/www.tiktok.com\/music\/I-Like-It-Like-That-6807189133560121346\" target=\"_blank\" rel=\"noopener\">Me gusta as\u00ed &#8211; Estudio KL<\/a><\/section>\n<\/blockquote>\n<p><script src=\"https:\/\/www.tiktok.com\/embed.js\" async=\"\"><\/script><\/p>\n<p><strong> <\/strong><\/p>\n","protected":false},"featured_media":4549,"comment_status":"open","ping_status":"closed","template":"","meta":{"jetpack_publicize_message":"","jetpack_publicize_feature_enabled":true,"jetpack_social_post_already_shared":true,"jetpack_social_options":{"image_generator_settings":{"template":"highway","default_image_id":0,"font":"","enabled":false},"version":2}},"product_brand":[],"product_cat":[197,235,196],"product_tag":[252,262,290,249,236,257,256,255,260,261,248,258,244,241,259,238,204,219,254,247,253,251,250],"class_list":{"0":"post-4824","1":"product","2":"type-product","3":"status-publish","4":"has-post-thumbnail","6":"product_cat-bano-2","7":"product_cat-juegos-de-regalo","8":"product_cat-manteca-corporal","9":"product_tag-caja-de-cumpleanos","10":"product_tag-caja-regalo-selfcare","11":"product_tag-crema-para-los-pies","12":"product_tag-estuche-de-belleza","13":"product_tag-hidratante","14":"product_tag-locion","15":"product_tag-mantequilla","16":"product_tag-paquete-care-box","17":"product_tag-regalo-de-amistad","18":"product_tag-regalo-de-aniversario","19":"product_tag-regalo-de-boda","20":"product_tag-regalo-de-feliz-cumpleanos","21":"product_tag-regalo-de-inauguracion","22":"product_tag-regalo-para-alegrarse","23":"product_tag-regalo-para-mama","24":"product_tag-regalos-para-ella","25":"product_tag-sal-de-bano","26":"product_tag-set-de-regalo","27":"product_tag-set-de-regalo-care","28":"product_tag-set-de-regalo-de-agradecimiento","29":"product_tag-set-de-regalo-de-cumpleanos","30":"product_tag-set-de-regalo-para-bano","31":"product_tag-set-de-regalo-spa","32":"sales-flash-overlay","33":"woocommerce-text-align-left","34":"woocommerce-image-align-center","35":"do-quantity-buttons","37":"first","38":"instock","39":"featured","40":"taxable","41":"shipping-taxable","42":"purchasable","43":"product-type-simple"},"yoast_head":"<!-- This site is optimized with the Yoast SEO plugin v26.6 - https:\/\/yoast.com\/wordpress\/plugins\/seo\/ -->\n<title>Dos jabones prensados en fr\u00edo y una manteca hidratante - 7Abloom<\/title>\n<meta name=\"robots\" content=\"index, follow, max-snippet:-1, max-image-preview:large, max-video-preview:-1\" \/>\n<link rel=\"canonical\" href=\"https:\/\/7abloom.com\/es\/shop\/dos-jabones-prensados-en-frio-y-una-manteca-hidratante\/\" \/>\n<meta property=\"og:locale\" content=\"es_ES\" \/>\n<meta property=\"og:type\" content=\"article\" \/>\n<meta property=\"og:title\" content=\"Dos jabones prensados en fr\u00edo y una manteca hidratante - 7Abloom\" \/>\n<meta property=\"og:description\" content=\"Este es el paquete de regalo perfecto para el cuidado personal. JABONES PRENSADOS EN FR\u00cdO\/MANTEQUILLA HIDRATANTE CAJA DE REGALO INCLUYE: - Una Crema Hidratante de Mantequilla\/Pies de 1.7oz - Dos jabones de 5oz Papel arrugado marr\u00f3n + postal con mensaje personalizado impresa profesionalmente pegada a la caja (si procede). Nuestros jabones y mantequillas artesanales prensados en fr\u00edo se elaboran con ingredientes de la m\u00e1xima calidad. No contienen parabenos, ftalatos, sulfatos ni aceites minerales y son 100% veganos y libres de crueldad. MANTECA HIDRATANTE:  Una sorprendente combinaci\u00f3n de aceite de coco virgen y manteca de karit\u00e9 refinada. Esta manteca rica en hidrataci\u00f3n nutre la piel proporcion\u00e1ndole hidrataci\u00f3n y suavidad sin dejar una sensaci\u00f3n aceitosa, pegajosa o grasienta. Se desliza con facilidad, se absorbe r\u00e1pidamente y deja una sensaci\u00f3n agradable en la piel. Especialmente indicado para articulaciones y pies.  Sus ingredientes son manteca de karit\u00e9, aceite de coco virgen, aceite esencial de naranja, aceite de lavanda, aceite de oliva virgen extra, aceite de ricino y vitamina E.  Se presenta en un tarro de bamb\u00fa (guarde su tarro para el programa de rellenado) INSTRUCCIONES DE CONSERVACI\u00d3N: Por favor, mantenga la manteca corporal en un lugar seco y fresco en todo momento. JABONES PRENSADOS EN FR\u00cdO:  Todos nuestros jabones contienen los siguientes ingredientes clave: manteca de karit\u00e9, aceite de oliva, aceite de coco, aceite de girasol, aceite de soja, aceite de ma\u00edz, agua, lej\u00eda y fragancia. Seleccionaremos dos jabones de la siguiente lista:  Grapefruit Heaven (rico y satisfactorio) Lavanda suave (sutil, atrevido y limpio) Hierba lim\u00f3n (limpia y dulce contiene hierba lim\u00f3n) Vainilla suave y elegante (dulce, sofisticada pero no muy fuerte) Jab\u00f3n negro dulce (contiene carb\u00f3n activado, rico pero sutil) Escape Reality (mezcla floral, picante) Delicia de avena (contiene avena molida, rica) Juicy Cherry (afrutado y dulce, huele a cerezas) El amor est\u00e1 en el aire (true floral) Bubblegum Joy (dulce, como un caramelo, huele a chicle) Sexy y juvenil (picante y rico) Cherry Spice (rico y huele a cerezas, delicioso) &nbsp; &amp;nbsp @selfcare7abloomeveryonestarts somewhere \u2764\ufe0f\ud83e\uddfc ##smallbusinesstiktok ##smallbusinessusa ##handmadeskincare\u266cMe gusta as\u00ed - Estudio KL\" \/>\n<meta property=\"og:url\" content=\"https:\/\/7abloom.com\/es\/shop\/dos-jabones-prensados-en-frio-y-una-manteca-hidratante\/\" \/>\n<meta property=\"og:site_name\" content=\"7Abloom\" \/>\n<meta property=\"article:publisher\" content=\"https:\/\/www.facebook.com\/7abloom\/\" \/>\n<meta property=\"article:modified_time\" content=\"2023-04-29T20:59:09+00:00\" \/>\n<meta property=\"og:image\" content=\"https:\/\/i0.wp.com\/7abloom.com\/wp-content\/uploads\/2021\/03\/a8645678-80b8-4f7b-b2af-1fcc00f63fbc.jpg?fit=1152%2C1536&ssl=1\" \/>\n\t<meta property=\"og:image:width\" content=\"1152\" \/>\n\t<meta property=\"og:image:height\" content=\"1536\" \/>\n\t<meta property=\"og:image:type\" content=\"image\/jpeg\" \/>\n<meta name=\"twitter:card\" content=\"summary_large_image\" \/>\n<meta name=\"twitter:site\" content=\"@7_abloom\" \/>\n<script type=\"application\/ld+json\" class=\"yoast-schema-graph\">{\"@context\":\"https:\/\/schema.org\",\"@graph\":[{\"@type\":\"WebPage\",\"@id\":\"https:\/\/7abloom.com\/es\/shop\/dos-jabones-prensados-en-frio-y-una-manteca-hidratante\/\",\"url\":\"https:\/\/7abloom.com\/es\/shop\/dos-jabones-prensados-en-frio-y-una-manteca-hidratante\/\",\"name\":\"Dos jabones prensados en fr\u00edo y una manteca hidratante - 7Abloom\",\"isPartOf\":{\"@id\":\"https:\/\/7abloom.com\/es\/#website\"},\"primaryImageOfPage\":{\"@id\":\"https:\/\/7abloom.com\/es\/shop\/dos-jabones-prensados-en-frio-y-una-manteca-hidratante\/#primaryimage\"},\"image\":{\"@id\":\"https:\/\/7abloom.com\/es\/shop\/dos-jabones-prensados-en-frio-y-una-manteca-hidratante\/#primaryimage\"},\"thumbnailUrl\":\"https:\/\/7abloom.com\/wp-content\/uploads\/2021\/03\/a8645678-80b8-4f7b-b2af-1fcc00f63fbc.jpg\",\"datePublished\":\"2021-03-09T22:56:58+00:00\",\"dateModified\":\"2023-04-29T20:59:09+00:00\",\"breadcrumb\":{\"@id\":\"https:\/\/7abloom.com\/es\/shop\/dos-jabones-prensados-en-frio-y-una-manteca-hidratante\/#breadcrumb\"},\"inLanguage\":\"es\",\"potentialAction\":[{\"@type\":\"ReadAction\",\"target\":[\"https:\/\/7abloom.com\/es\/shop\/dos-jabones-prensados-en-frio-y-una-manteca-hidratante\/\"]}]},{\"@type\":\"ImageObject\",\"inLanguage\":\"es\",\"@id\":\"https:\/\/7abloom.com\/es\/shop\/dos-jabones-prensados-en-frio-y-una-manteca-hidratante\/#primaryimage\",\"url\":\"https:\/\/7abloom.com\/wp-content\/uploads\/2021\/03\/a8645678-80b8-4f7b-b2af-1fcc00f63fbc.jpg\",\"contentUrl\":\"https:\/\/7abloom.com\/wp-content\/uploads\/2021\/03\/a8645678-80b8-4f7b-b2af-1fcc00f63fbc.jpg\",\"width\":1152,\"height\":1536,\"caption\":\"Set de regalo Dos jabones prensados en fr\u00edo de 5oz con crema hidratante\/crema para pies de 1.7oz y una nota personalizada\"},{\"@type\":\"BreadcrumbList\",\"@id\":\"https:\/\/7abloom.com\/es\/shop\/dos-jabones-prensados-en-frio-y-una-manteca-hidratante\/#breadcrumb\",\"itemListElement\":[{\"@type\":\"ListItem\",\"position\":1,\"name\":\"Home\",\"item\":\"https:\/\/7abloom.com\/es\/\"},{\"@type\":\"ListItem\",\"position\":2,\"name\":\"Tienda\",\"item\":\"https:\/\/7abloom.com\/es\/tienda\/\"},{\"@type\":\"ListItem\",\"position\":3,\"name\":\"Dos jabones prensados en fr\u00edo y una manteca hidratante\"}]},{\"@type\":\"WebSite\",\"@id\":\"https:\/\/7abloom.com\/es\/#website\",\"url\":\"https:\/\/7abloom.com\/es\/\",\"name\":\"7Abloom\",\"description\":\"7abloom\",\"publisher\":{\"@id\":\"https:\/\/7abloom.com\/es\/#organization\"},\"potentialAction\":[{\"@type\":\"SearchAction\",\"target\":{\"@type\":\"EntryPoint\",\"urlTemplate\":\"https:\/\/7abloom.com\/es\/?s={search_term_string}\"},\"query-input\":{\"@type\":\"PropertyValueSpecification\",\"valueRequired\":true,\"valueName\":\"search_term_string\"}}],\"inLanguage\":\"es\"},{\"@type\":\"Organization\",\"@id\":\"https:\/\/7abloom.com\/es\/#organization\",\"name\":\"7Abloom\",\"url\":\"https:\/\/7abloom.com\/es\/\",\"logo\":{\"@type\":\"ImageObject\",\"inLanguage\":\"es\",\"@id\":\"https:\/\/7abloom.com\/es\/#\/schema\/logo\/image\/\",\"url\":\"https:\/\/i1.wp.com\/7abloom.com\/wp-content\/uploads\/2021\/07\/7a-logo-green.png?fit=126%2C126&ssl=1\",\"contentUrl\":\"https:\/\/i1.wp.com\/7abloom.com\/wp-content\/uploads\/2021\/07\/7a-logo-green.png?fit=126%2C126&ssl=1\",\"width\":126,\"height\":126,\"caption\":\"7Abloom\"},\"image\":{\"@id\":\"https:\/\/7abloom.com\/es\/#\/schema\/logo\/image\/\"},\"sameAs\":[\"https:\/\/www.facebook.com\/7abloom\/\",\"https:\/\/x.com\/7_abloom\",\"https:\/\/www.instagram.com\/7abloom\/\",\"https:\/\/www.pinterest.com\/7abloom\/\"]}]}<\/script>\n<!-- \/ Yoast SEO plugin. -->","yoast_head_json":{"title":"Dos jabones prensados en fr\u00edo y una manteca hidratante - 7Abloom","robots":{"index":"index","follow":"follow","max-snippet":"max-snippet:-1","max-image-preview":"max-image-preview:large","max-video-preview":"max-video-preview:-1"},"canonical":"https:\/\/7abloom.com\/es\/shop\/dos-jabones-prensados-en-frio-y-una-manteca-hidratante\/","og_locale":"es_ES","og_type":"article","og_title":"Dos jabones prensados en fr\u00edo y una manteca hidratante - 7Abloom","og_description":"Este es el paquete de regalo perfecto para el cuidado personal. JABONES PRENSADOS EN FR\u00cdO\/MANTEQUILLA HIDRATANTE CAJA DE REGALO INCLUYE: - Una Crema Hidratante de Mantequilla\/Pies de 1.7oz - Dos jabones de 5oz Papel arrugado marr\u00f3n + postal con mensaje personalizado impresa profesionalmente pegada a la caja (si procede). Nuestros jabones y mantequillas artesanales prensados en fr\u00edo se elaboran con ingredientes de la m\u00e1xima calidad. No contienen parabenos, ftalatos, sulfatos ni aceites minerales y son 100% veganos y libres de crueldad. MANTECA HIDRATANTE:  Una sorprendente combinaci\u00f3n de aceite de coco virgen y manteca de karit\u00e9 refinada. Esta manteca rica en hidrataci\u00f3n nutre la piel proporcion\u00e1ndole hidrataci\u00f3n y suavidad sin dejar una sensaci\u00f3n aceitosa, pegajosa o grasienta. Se desliza con facilidad, se absorbe r\u00e1pidamente y deja una sensaci\u00f3n agradable en la piel. Especialmente indicado para articulaciones y pies.  Sus ingredientes son manteca de karit\u00e9, aceite de coco virgen, aceite esencial de naranja, aceite de lavanda, aceite de oliva virgen extra, aceite de ricino y vitamina E.  Se presenta en un tarro de bamb\u00fa (guarde su tarro para el programa de rellenado) INSTRUCCIONES DE CONSERVACI\u00d3N: Por favor, mantenga la manteca corporal en un lugar seco y fresco en todo momento. JABONES PRENSADOS EN FR\u00cdO:  Todos nuestros jabones contienen los siguientes ingredientes clave: manteca de karit\u00e9, aceite de oliva, aceite de coco, aceite de girasol, aceite de soja, aceite de ma\u00edz, agua, lej\u00eda y fragancia. Seleccionaremos dos jabones de la siguiente lista:  Grapefruit Heaven (rico y satisfactorio) Lavanda suave (sutil, atrevido y limpio) Hierba lim\u00f3n (limpia y dulce contiene hierba lim\u00f3n) Vainilla suave y elegante (dulce, sofisticada pero no muy fuerte) Jab\u00f3n negro dulce (contiene carb\u00f3n activado, rico pero sutil) Escape Reality (mezcla floral, picante) Delicia de avena (contiene avena molida, rica) Juicy Cherry (afrutado y dulce, huele a cerezas) El amor est\u00e1 en el aire (true floral) Bubblegum Joy (dulce, como un caramelo, huele a chicle) Sexy y juvenil (picante y rico) Cherry Spice (rico y huele a cerezas, delicioso) &nbsp; &amp;nbsp @selfcare7abloomeveryonestarts somewhere \u2764\ufe0f\ud83e\uddfc ##smallbusinesstiktok ##smallbusinessusa ##handmadeskincare\u266cMe gusta as\u00ed - Estudio KL","og_url":"https:\/\/7abloom.com\/es\/shop\/dos-jabones-prensados-en-frio-y-una-manteca-hidratante\/","og_site_name":"7Abloom","article_publisher":"https:\/\/www.facebook.com\/7abloom\/","article_modified_time":"2023-04-29T20:59:09+00:00","og_image":[{"width":1152,"height":1536,"url":"https:\/\/i0.wp.com\/7abloom.com\/wp-content\/uploads\/2021\/03\/a8645678-80b8-4f7b-b2af-1fcc00f63fbc.jpg?fit=1152%2C1536&ssl=1","type":"image\/jpeg"}],"twitter_card":"summary_large_image","twitter_site":"@7_abloom","schema":{"@context":"https:\/\/schema.org","@graph":[{"@type":"WebPage","@id":"https:\/\/7abloom.com\/es\/shop\/dos-jabones-prensados-en-frio-y-una-manteca-hidratante\/","url":"https:\/\/7abloom.com\/es\/shop\/dos-jabones-prensados-en-frio-y-una-manteca-hidratante\/","name":"Dos jabones prensados en fr\u00edo y una manteca hidratante - 7Abloom","isPartOf":{"@id":"https:\/\/7abloom.com\/es\/#website"},"primaryImageOfPage":{"@id":"https:\/\/7abloom.com\/es\/shop\/dos-jabones-prensados-en-frio-y-una-manteca-hidratante\/#primaryimage"},"image":{"@id":"https:\/\/7abloom.com\/es\/shop\/dos-jabones-prensados-en-frio-y-una-manteca-hidratante\/#primaryimage"},"thumbnailUrl":"https:\/\/7abloom.com\/wp-content\/uploads\/2021\/03\/a8645678-80b8-4f7b-b2af-1fcc00f63fbc.jpg","datePublished":"2021-03-09T22:56:58+00:00","dateModified":"2023-04-29T20:59:09+00:00","breadcrumb":{"@id":"https:\/\/7abloom.com\/es\/shop\/dos-jabones-prensados-en-frio-y-una-manteca-hidratante\/#breadcrumb"},"inLanguage":"es","potentialAction":[{"@type":"ReadAction","target":["https:\/\/7abloom.com\/es\/shop\/dos-jabones-prensados-en-frio-y-una-manteca-hidratante\/"]}]},{"@type":"ImageObject","inLanguage":"es","@id":"https:\/\/7abloom.com\/es\/shop\/dos-jabones-prensados-en-frio-y-una-manteca-hidratante\/#primaryimage","url":"https:\/\/7abloom.com\/wp-content\/uploads\/2021\/03\/a8645678-80b8-4f7b-b2af-1fcc00f63fbc.jpg","contentUrl":"https:\/\/7abloom.com\/wp-content\/uploads\/2021\/03\/a8645678-80b8-4f7b-b2af-1fcc00f63fbc.jpg","width":1152,"height":1536,"caption":"Set de regalo Dos jabones prensados en fr\u00edo de 5oz con crema hidratante\/crema para pies de 1.7oz y una nota personalizada"},{"@type":"BreadcrumbList","@id":"https:\/\/7abloom.com\/es\/shop\/dos-jabones-prensados-en-frio-y-una-manteca-hidratante\/#breadcrumb","itemListElement":[{"@type":"ListItem","position":1,"name":"Home","item":"https:\/\/7abloom.com\/es\/"},{"@type":"ListItem","position":2,"name":"Tienda","item":"https:\/\/7abloom.com\/es\/tienda\/"},{"@type":"ListItem","position":3,"name":"Dos jabones prensados en fr\u00edo y una manteca hidratante"}]},{"@type":"WebSite","@id":"https:\/\/7abloom.com\/es\/#website","url":"https:\/\/7abloom.com\/es\/","name":"7Abloom","description":"7abloom","publisher":{"@id":"https:\/\/7abloom.com\/es\/#organization"},"potentialAction":[{"@type":"SearchAction","target":{"@type":"EntryPoint","urlTemplate":"https:\/\/7abloom.com\/es\/?s={search_term_string}"},"query-input":{"@type":"PropertyValueSpecification","valueRequired":true,"valueName":"search_term_string"}}],"inLanguage":"es"},{"@type":"Organization","@id":"https:\/\/7abloom.com\/es\/#organization","name":"7Abloom","url":"https:\/\/7abloom.com\/es\/","logo":{"@type":"ImageObject","inLanguage":"es","@id":"https:\/\/7abloom.com\/es\/#\/schema\/logo\/image\/","url":"https:\/\/i1.wp.com\/7abloom.com\/wp-content\/uploads\/2021\/07\/7a-logo-green.png?fit=126%2C126&ssl=1","contentUrl":"https:\/\/i1.wp.com\/7abloom.com\/wp-content\/uploads\/2021\/07\/7a-logo-green.png?fit=126%2C126&ssl=1","width":126,"height":126,"caption":"7Abloom"},"image":{"@id":"https:\/\/7abloom.com\/es\/#\/schema\/logo\/image\/"},"sameAs":["https:\/\/www.facebook.com\/7abloom\/","https:\/\/x.com\/7_abloom","https:\/\/www.instagram.com\/7abloom\/","https:\/\/www.pinterest.com\/7abloom\/"]}]}},"jetpack_publicize_connections":[],"_links":{"self":[{"href":"https:\/\/7abloom.com\/es\/wp-json\/wp\/v2\/product\/4824","targetHints":{"allow":["GET"]}}],"collection":[{"href":"https:\/\/7abloom.com\/es\/wp-json\/wp\/v2\/product"}],"about":[{"href":"https:\/\/7abloom.com\/es\/wp-json\/wp\/v2\/types\/product"}],"replies":[{"embeddable":true,"href":"https:\/\/7abloom.com\/es\/wp-json\/wp\/v2\/comments?post=4824"}],"wp:featuredmedia":[{"embeddable":true,"href":"https:\/\/7abloom.com\/es\/wp-json\/wp\/v2\/media\/4549"}],"wp:attachment":[{"href":"https:\/\/7abloom.com\/es\/wp-json\/wp\/v2\/media?parent=4824"}],"wp:term":[{"taxonomy":"product_brand","embeddable":true,"href":"https:\/\/7abloom.com\/es\/wp-json\/wp\/v2\/product_brand?post=4824"},{"taxonomy":"product_cat","embeddable":true,"href":"https:\/\/7abloom.com\/es\/wp-json\/wp\/v2\/product_cat?post=4824"},{"taxonomy":"product_tag","embeddable":true,"href":"https:\/\/7abloom.com\/es\/wp-json\/wp\/v2\/product_tag?post=4824"}],"curies":[{"name":"wp","href":"https:\/\/api.w.org\/{rel}","templated":true}]}}