{"id":4825,"date":"2022-02-02T13:17:30","date_gmt":"2022-02-02T18:17:30","guid":{"rendered":"https:\/\/7abloom.com\/shop\/jabon-para-hombre-5oz-detox\/"},"modified":"2023-04-29T16:59:09","modified_gmt":"2023-04-29T20:59:09","slug":"jabon-para-hombre-5oz-detox","status":"publish","type":"product","link":"https:\/\/7abloom.com\/es\/shop\/jabon-para-hombre-5oz-detox\/","title":{"rendered":"Jab\u00f3n para hombre 5oz &#8211; Detox"},"content":{"rendered":"<p class=\"product__description\">Desintoxique su piel con nuestra f\u00f3rmula de arcilla de bentonita.<\/p>\n<p class=\"product__ingredients\">Ingredientes:<\/p>\n<p class=\"product__ingredients\">Aceite de coco, aceite de canola, aceite de soja, manteca de karit\u00e9 ecol\u00f3gica, agua, aceite de orujo de oliva, aceite de girasol, arcilla de bentonita, fragancia y lej\u00eda prensada en fr\u00edo.<\/p>\n","protected":false},"excerpt":{"rendered":"<p>Desintoxique su piel con nuestra f\u00f3rmula de arcilla de bentonita. Nuestro Jab\u00f3n Detox est\u00e1 hecho con ingredientes naturales de la m\u00e1s alta calidad. Con aceite de coco, manteca de karit\u00e9, aceite de orujo de oliva y arcilla de bentonita, este jab\u00f3n limpiar\u00e1 y desintoxicar\u00e1 suavemente su piel dej\u00e1ndola m\u00e1s radiante y sana que nunca.<\/p>\n","protected":false},"featured_media":4652,"comment_status":"closed","ping_status":"closed","template":"","meta":{"jetpack_publicize_message":"","jetpack_publicize_feature_enabled":true,"jetpack_social_post_already_shared":true,"jetpack_social_options":{"image_generator_settings":{"template":"highway","default_image_id":0,"font":"","enabled":false},"version":2}},"product_brand":[],"product_cat":[197,202,242],"product_tag":[],"class_list":{"0":"post-4825","1":"product","2":"type-product","3":"status-publish","4":"has-post-thumbnail","6":"product_cat-bano-2","7":"product_cat-jabon","8":"product_cat-jabon-prensado-en-frio","9":"sales-flash-overlay","10":"woocommerce-text-align-left","11":"woocommerce-image-align-center","12":"do-quantity-buttons","13":"wc-has-gallery","15":"first","16":"instock","17":"taxable","18":"shipping-taxable","19":"purchasable","20":"product-type-simple"},"yoast_head":"<!-- This site is optimized with the Yoast SEO plugin v26.6 - https:\/\/yoast.com\/wordpress\/plugins\/seo\/ -->\n<title>Jab\u00f3n para hombre 5oz - Detox - 7Abloom<\/title>\n<meta name=\"description\" content=\"Limpie su piel con nuestro jab\u00f3n de ba\u00f1o Detox. Est\u00e1 elaborado con nuestra exclusiva mezcla de arcilla de bentonita, manteca de karit\u00e9, lej\u00eda prensada en fr\u00edo y aceites naturales.\" \/>\n<meta name=\"robots\" content=\"index, follow, max-snippet:-1, max-image-preview:large, max-video-preview:-1\" \/>\n<link rel=\"canonical\" href=\"https:\/\/7abloom.com\/es\/shop\/jabon-para-hombre-5oz-detox\/\" \/>\n<meta property=\"og:locale\" content=\"es_ES\" \/>\n<meta property=\"og:type\" content=\"article\" \/>\n<meta property=\"og:title\" content=\"Jab\u00f3n para hombre 5oz - Detox - 7Abloom\" \/>\n<meta property=\"og:description\" content=\"Limpie su piel con nuestro jab\u00f3n de ba\u00f1o Detox. Est\u00e1 elaborado con nuestra exclusiva mezcla de arcilla de bentonita, manteca de karit\u00e9, lej\u00eda prensada en fr\u00edo y aceites naturales.\" \/>\n<meta property=\"og:url\" content=\"https:\/\/7abloom.com\/es\/shop\/jabon-para-hombre-5oz-detox\/\" \/>\n<meta property=\"og:site_name\" content=\"7Abloom\" \/>\n<meta property=\"article:publisher\" content=\"https:\/\/www.facebook.com\/7abloom\/\" \/>\n<meta property=\"article:modified_time\" content=\"2023-04-29T20:59:09+00:00\" \/>\n<meta property=\"og:image\" content=\"https:\/\/i0.wp.com\/7abloom.com\/wp-content\/uploads\/2022\/02\/signal-2022-02-01-123510_002.jpeg?fit=1200%2C1600&ssl=1\" \/>\n\t<meta property=\"og:image:width\" content=\"1200\" \/>\n\t<meta property=\"og:image:height\" content=\"1600\" \/>\n\t<meta property=\"og:image:type\" content=\"image\/jpeg\" \/>\n<meta name=\"twitter:card\" content=\"summary_large_image\" \/>\n<meta name=\"twitter:site\" content=\"@7_abloom\" \/>\n<script type=\"application\/ld+json\" class=\"yoast-schema-graph\">{\"@context\":\"https:\/\/schema.org\",\"@graph\":[{\"@type\":\"WebPage\",\"@id\":\"https:\/\/7abloom.com\/es\/shop\/jabon-para-hombre-5oz-detox\/\",\"url\":\"https:\/\/7abloom.com\/es\/shop\/jabon-para-hombre-5oz-detox\/\",\"name\":\"Jab\u00f3n para hombre 5oz - Detox - 7Abloom\",\"isPartOf\":{\"@id\":\"https:\/\/7abloom.com\/es\/#website\"},\"primaryImageOfPage\":{\"@id\":\"https:\/\/7abloom.com\/es\/shop\/jabon-para-hombre-5oz-detox\/#primaryimage\"},\"image\":{\"@id\":\"https:\/\/7abloom.com\/es\/shop\/jabon-para-hombre-5oz-detox\/#primaryimage\"},\"thumbnailUrl\":\"https:\/\/7abloom.com\/wp-content\/uploads\/2022\/02\/signal-2022-02-01-123510_002.jpeg\",\"datePublished\":\"2022-02-02T18:17:30+00:00\",\"dateModified\":\"2023-04-29T20:59:09+00:00\",\"description\":\"Limpie su piel con nuestro jab\u00f3n de ba\u00f1o Detox. Est\u00e1 elaborado con nuestra exclusiva mezcla de arcilla de bentonita, manteca de karit\u00e9, lej\u00eda prensada en fr\u00edo y aceites naturales.\",\"breadcrumb\":{\"@id\":\"https:\/\/7abloom.com\/es\/shop\/jabon-para-hombre-5oz-detox\/#breadcrumb\"},\"inLanguage\":\"es\",\"potentialAction\":[{\"@type\":\"ReadAction\",\"target\":[\"https:\/\/7abloom.com\/es\/shop\/jabon-para-hombre-5oz-detox\/\"]}]},{\"@type\":\"ImageObject\",\"inLanguage\":\"es\",\"@id\":\"https:\/\/7abloom.com\/es\/shop\/jabon-para-hombre-5oz-detox\/#primaryimage\",\"url\":\"https:\/\/7abloom.com\/wp-content\/uploads\/2022\/02\/signal-2022-02-01-123510_002.jpeg\",\"contentUrl\":\"https:\/\/7abloom.com\/wp-content\/uploads\/2022\/02\/signal-2022-02-01-123510_002.jpeg\",\"width\":1200,\"height\":1600,\"caption\":\"jab\u00f3n detox prensado en fr\u00edo para hombres\"},{\"@type\":\"BreadcrumbList\",\"@id\":\"https:\/\/7abloom.com\/es\/shop\/jabon-para-hombre-5oz-detox\/#breadcrumb\",\"itemListElement\":[{\"@type\":\"ListItem\",\"position\":1,\"name\":\"Home\",\"item\":\"https:\/\/7abloom.com\/es\/\"},{\"@type\":\"ListItem\",\"position\":2,\"name\":\"Tienda\",\"item\":\"https:\/\/7abloom.com\/es\/tienda\/\"},{\"@type\":\"ListItem\",\"position\":3,\"name\":\"Jab\u00f3n para hombre 5oz &#8211; Detox\"}]},{\"@type\":\"WebSite\",\"@id\":\"https:\/\/7abloom.com\/es\/#website\",\"url\":\"https:\/\/7abloom.com\/es\/\",\"name\":\"7Abloom\",\"description\":\"7abloom\",\"publisher\":{\"@id\":\"https:\/\/7abloom.com\/es\/#organization\"},\"potentialAction\":[{\"@type\":\"SearchAction\",\"target\":{\"@type\":\"EntryPoint\",\"urlTemplate\":\"https:\/\/7abloom.com\/es\/?s={search_term_string}\"},\"query-input\":{\"@type\":\"PropertyValueSpecification\",\"valueRequired\":true,\"valueName\":\"search_term_string\"}}],\"inLanguage\":\"es\"},{\"@type\":\"Organization\",\"@id\":\"https:\/\/7abloom.com\/es\/#organization\",\"name\":\"7Abloom\",\"url\":\"https:\/\/7abloom.com\/es\/\",\"logo\":{\"@type\":\"ImageObject\",\"inLanguage\":\"es\",\"@id\":\"https:\/\/7abloom.com\/es\/#\/schema\/logo\/image\/\",\"url\":\"https:\/\/i1.wp.com\/7abloom.com\/wp-content\/uploads\/2021\/07\/7a-logo-green.png?fit=126%2C126&ssl=1\",\"contentUrl\":\"https:\/\/i1.wp.com\/7abloom.com\/wp-content\/uploads\/2021\/07\/7a-logo-green.png?fit=126%2C126&ssl=1\",\"width\":126,\"height\":126,\"caption\":\"7Abloom\"},\"image\":{\"@id\":\"https:\/\/7abloom.com\/es\/#\/schema\/logo\/image\/\"},\"sameAs\":[\"https:\/\/www.facebook.com\/7abloom\/\",\"https:\/\/x.com\/7_abloom\",\"https:\/\/www.instagram.com\/7abloom\/\",\"https:\/\/www.pinterest.com\/7abloom\/\"]}]}<\/script>\n<!-- \/ Yoast SEO plugin. -->","yoast_head_json":{"title":"Jab\u00f3n para hombre 5oz - Detox - 7Abloom","description":"Limpie su piel con nuestro jab\u00f3n de ba\u00f1o Detox. Est\u00e1 elaborado con nuestra exclusiva mezcla de arcilla de bentonita, manteca de karit\u00e9, lej\u00eda prensada en fr\u00edo y aceites naturales.","robots":{"index":"index","follow":"follow","max-snippet":"max-snippet:-1","max-image-preview":"max-image-preview:large","max-video-preview":"max-video-preview:-1"},"canonical":"https:\/\/7abloom.com\/es\/shop\/jabon-para-hombre-5oz-detox\/","og_locale":"es_ES","og_type":"article","og_title":"Jab\u00f3n para hombre 5oz - Detox - 7Abloom","og_description":"Limpie su piel con nuestro jab\u00f3n de ba\u00f1o Detox. Est\u00e1 elaborado con nuestra exclusiva mezcla de arcilla de bentonita, manteca de karit\u00e9, lej\u00eda prensada en fr\u00edo y aceites naturales.","og_url":"https:\/\/7abloom.com\/es\/shop\/jabon-para-hombre-5oz-detox\/","og_site_name":"7Abloom","article_publisher":"https:\/\/www.facebook.com\/7abloom\/","article_modified_time":"2023-04-29T20:59:09+00:00","og_image":[{"width":1200,"height":1600,"url":"https:\/\/i0.wp.com\/7abloom.com\/wp-content\/uploads\/2022\/02\/signal-2022-02-01-123510_002.jpeg?fit=1200%2C1600&ssl=1","type":"image\/jpeg"}],"twitter_card":"summary_large_image","twitter_site":"@7_abloom","schema":{"@context":"https:\/\/schema.org","@graph":[{"@type":"WebPage","@id":"https:\/\/7abloom.com\/es\/shop\/jabon-para-hombre-5oz-detox\/","url":"https:\/\/7abloom.com\/es\/shop\/jabon-para-hombre-5oz-detox\/","name":"Jab\u00f3n para hombre 5oz - Detox - 7Abloom","isPartOf":{"@id":"https:\/\/7abloom.com\/es\/#website"},"primaryImageOfPage":{"@id":"https:\/\/7abloom.com\/es\/shop\/jabon-para-hombre-5oz-detox\/#primaryimage"},"image":{"@id":"https:\/\/7abloom.com\/es\/shop\/jabon-para-hombre-5oz-detox\/#primaryimage"},"thumbnailUrl":"https:\/\/7abloom.com\/wp-content\/uploads\/2022\/02\/signal-2022-02-01-123510_002.jpeg","datePublished":"2022-02-02T18:17:30+00:00","dateModified":"2023-04-29T20:59:09+00:00","description":"Limpie su piel con nuestro jab\u00f3n de ba\u00f1o Detox. Est\u00e1 elaborado con nuestra exclusiva mezcla de arcilla de bentonita, manteca de karit\u00e9, lej\u00eda prensada en fr\u00edo y aceites naturales.","breadcrumb":{"@id":"https:\/\/7abloom.com\/es\/shop\/jabon-para-hombre-5oz-detox\/#breadcrumb"},"inLanguage":"es","potentialAction":[{"@type":"ReadAction","target":["https:\/\/7abloom.com\/es\/shop\/jabon-para-hombre-5oz-detox\/"]}]},{"@type":"ImageObject","inLanguage":"es","@id":"https:\/\/7abloom.com\/es\/shop\/jabon-para-hombre-5oz-detox\/#primaryimage","url":"https:\/\/7abloom.com\/wp-content\/uploads\/2022\/02\/signal-2022-02-01-123510_002.jpeg","contentUrl":"https:\/\/7abloom.com\/wp-content\/uploads\/2022\/02\/signal-2022-02-01-123510_002.jpeg","width":1200,"height":1600,"caption":"jab\u00f3n detox prensado en fr\u00edo para hombres"},{"@type":"BreadcrumbList","@id":"https:\/\/7abloom.com\/es\/shop\/jabon-para-hombre-5oz-detox\/#breadcrumb","itemListElement":[{"@type":"ListItem","position":1,"name":"Home","item":"https:\/\/7abloom.com\/es\/"},{"@type":"ListItem","position":2,"name":"Tienda","item":"https:\/\/7abloom.com\/es\/tienda\/"},{"@type":"ListItem","position":3,"name":"Jab\u00f3n para hombre 5oz &#8211; Detox"}]},{"@type":"WebSite","@id":"https:\/\/7abloom.com\/es\/#website","url":"https:\/\/7abloom.com\/es\/","name":"7Abloom","description":"7abloom","publisher":{"@id":"https:\/\/7abloom.com\/es\/#organization"},"potentialAction":[{"@type":"SearchAction","target":{"@type":"EntryPoint","urlTemplate":"https:\/\/7abloom.com\/es\/?s={search_term_string}"},"query-input":{"@type":"PropertyValueSpecification","valueRequired":true,"valueName":"search_term_string"}}],"inLanguage":"es"},{"@type":"Organization","@id":"https:\/\/7abloom.com\/es\/#organization","name":"7Abloom","url":"https:\/\/7abloom.com\/es\/","logo":{"@type":"ImageObject","inLanguage":"es","@id":"https:\/\/7abloom.com\/es\/#\/schema\/logo\/image\/","url":"https:\/\/i1.wp.com\/7abloom.com\/wp-content\/uploads\/2021\/07\/7a-logo-green.png?fit=126%2C126&ssl=1","contentUrl":"https:\/\/i1.wp.com\/7abloom.com\/wp-content\/uploads\/2021\/07\/7a-logo-green.png?fit=126%2C126&ssl=1","width":126,"height":126,"caption":"7Abloom"},"image":{"@id":"https:\/\/7abloom.com\/es\/#\/schema\/logo\/image\/"},"sameAs":["https:\/\/www.facebook.com\/7abloom\/","https:\/\/x.com\/7_abloom","https:\/\/www.instagram.com\/7abloom\/","https:\/\/www.pinterest.com\/7abloom\/"]}]}},"jetpack_publicize_connections":[],"_links":{"self":[{"href":"https:\/\/7abloom.com\/es\/wp-json\/wp\/v2\/product\/4825","targetHints":{"allow":["GET"]}}],"collection":[{"href":"https:\/\/7abloom.com\/es\/wp-json\/wp\/v2\/product"}],"about":[{"href":"https:\/\/7abloom.com\/es\/wp-json\/wp\/v2\/types\/product"}],"replies":[{"embeddable":true,"href":"https:\/\/7abloom.com\/es\/wp-json\/wp\/v2\/comments?post=4825"}],"wp:featuredmedia":[{"embeddable":true,"href":"https:\/\/7abloom.com\/es\/wp-json\/wp\/v2\/media\/4652"}],"wp:attachment":[{"href":"https:\/\/7abloom.com\/es\/wp-json\/wp\/v2\/media?parent=4825"}],"wp:term":[{"taxonomy":"product_brand","embeddable":true,"href":"https:\/\/7abloom.com\/es\/wp-json\/wp\/v2\/product_brand?post=4825"},{"taxonomy":"product_cat","embeddable":true,"href":"https:\/\/7abloom.com\/es\/wp-json\/wp\/v2\/product_cat?post=4825"},{"taxonomy":"product_tag","embeddable":true,"href":"https:\/\/7abloom.com\/es\/wp-json\/wp\/v2\/product_tag?post=4825"}],"curies":[{"name":"wp","href":"https:\/\/api.w.org\/{rel}","templated":true}]}}