{"id":4826,"date":"2021-06-01T12:54:50","date_gmt":"2021-06-01T16:54:50","guid":{"rendered":"https:\/\/7abloom.com\/shop\/rollos-de-aceites-esenciales-ansioliticos-y-antiestres\/"},"modified":"2023-04-29T16:59:09","modified_gmt":"2023-04-29T20:59:09","slug":"rollos-de-aceites-esenciales-ansioliticos-y-antiestres","status":"publish","type":"product","link":"https:\/\/7abloom.com\/es\/shop\/rollos-de-aceites-esenciales-ansioliticos-y-antiestres\/","title":{"rendered":"Rollos de aceites esenciales ansiol\u00edticos y antiestr\u00e9s"},"content":{"rendered":"<p>10 ml<\/p>\n<p>Ingredientes: Aceite esencial de naranja dulce ecol\u00f3gico y aceite portador<\/p>\n<p>Haz tu pedido<\/p>\n<p><iframe loading=\"lazy\" title=\"Reproductor de v\u00eddeo de YouTube\" src=\"https:\/\/www.youtube.com\/embed\/MJ5CEVQrJi8\" width=\"560\" height=\"315\" frameborder=\"0\" allowfullscreen=\"allowfullscreen\"><\/iframe><\/p>\n","protected":false},"excerpt":{"rendered":"<p>Alivie la ansiedad y el estr\u00e9s con este rodillo, formulado con aceite de naranja dulce, un aceite esencial calmante y estimulante que equilibra la mente, el cuerpo y el alma.<\/p>\n<p>10 ml<\/p>\n<p>Ingredientes: Aceite esencial de naranja dulce ecol\u00f3gico y aceite portador<\/p>\n<p>Haz tu pedido<\/p>\n","protected":false},"featured_media":4590,"comment_status":"open","ping_status":"closed","template":"","meta":{"jetpack_publicize_message":"","jetpack_publicize_feature_enabled":true,"jetpack_social_post_already_shared":true,"jetpack_social_options":{"image_generator_settings":{"template":"highway","default_image_id":0,"font":"","enabled":false},"version":2}},"product_brand":[],"product_cat":[277],"product_tag":[291,292,293,294,270],"class_list":{"0":"post-4826","1":"product","2":"type-product","3":"status-publish","4":"has-post-thumbnail","6":"product_cat-rodillos-de-aceites-esenciales","7":"product_tag-aceite-esencial-de-naranja","8":"product_tag-ansiedad","9":"product_tag-antiestres","10":"product_tag-calma","11":"product_tag-rodillos-de-aceites-esenciales","12":"sales-flash-overlay","13":"woocommerce-text-align-left","14":"woocommerce-image-align-center","15":"do-quantity-buttons","16":"wc-has-gallery","18":"first","19":"instock","20":"featured","21":"taxable","22":"shipping-taxable","23":"purchasable","24":"product-type-simple"},"yoast_head":"<!-- This site is optimized with the Yoast SEO plugin v26.6 - https:\/\/yoast.com\/wordpress\/plugins\/seo\/ -->\n<title>Rollos de aceites esenciales ansiol\u00edticos y antiestr\u00e9s - 7Abloom<\/title>\n<meta name=\"description\" content=\"Rodillo antiestr\u00e9s con aceite esencial de naranja dulce ecol\u00f3gico beneficioso para mantener la salud, el aspecto y la textura de la piel\" \/>\n<meta name=\"robots\" content=\"index, follow, max-snippet:-1, max-image-preview:large, max-video-preview:-1\" \/>\n<link rel=\"canonical\" href=\"https:\/\/7abloom.com\/es\/shop\/rollos-de-aceites-esenciales-ansioliticos-y-antiestres\/\" \/>\n<meta property=\"og:locale\" content=\"es_ES\" \/>\n<meta property=\"og:type\" content=\"article\" \/>\n<meta property=\"og:title\" content=\"Rollos de aceites esenciales ansiol\u00edticos y antiestr\u00e9s - 7Abloom\" \/>\n<meta property=\"og:description\" content=\"Rodillo antiestr\u00e9s con aceite esencial de naranja dulce ecol\u00f3gico beneficioso para mantener la salud, el aspecto y la textura de la piel\" \/>\n<meta property=\"og:url\" content=\"https:\/\/7abloom.com\/es\/shop\/rollos-de-aceites-esenciales-ansioliticos-y-antiestres\/\" \/>\n<meta property=\"og:site_name\" content=\"7Abloom\" \/>\n<meta property=\"article:publisher\" content=\"https:\/\/www.facebook.com\/7abloom\/\" \/>\n<meta property=\"article:modified_time\" content=\"2023-04-29T20:59:09+00:00\" \/>\n<meta property=\"og:image\" content=\"https:\/\/i0.wp.com\/7abloom.com\/wp-content\/uploads\/2021\/06\/IMG_4542.jpg?fit=1536%2C1536&ssl=1\" \/>\n\t<meta property=\"og:image:width\" content=\"1536\" \/>\n\t<meta property=\"og:image:height\" content=\"1536\" \/>\n\t<meta property=\"og:image:type\" content=\"image\/jpeg\" \/>\n<meta name=\"twitter:card\" content=\"summary_large_image\" \/>\n<meta name=\"twitter:site\" content=\"@7_abloom\" \/>\n<script type=\"application\/ld+json\" class=\"yoast-schema-graph\">{\"@context\":\"https:\/\/schema.org\",\"@graph\":[{\"@type\":\"WebPage\",\"@id\":\"https:\/\/7abloom.com\/es\/shop\/rollos-de-aceites-esenciales-ansioliticos-y-antiestres\/\",\"url\":\"https:\/\/7abloom.com\/es\/shop\/rollos-de-aceites-esenciales-ansioliticos-y-antiestres\/\",\"name\":\"Rollos de aceites esenciales ansiol\u00edticos y antiestr\u00e9s - 7Abloom\",\"isPartOf\":{\"@id\":\"https:\/\/7abloom.com\/es\/#website\"},\"primaryImageOfPage\":{\"@id\":\"https:\/\/7abloom.com\/es\/shop\/rollos-de-aceites-esenciales-ansioliticos-y-antiestres\/#primaryimage\"},\"image\":{\"@id\":\"https:\/\/7abloom.com\/es\/shop\/rollos-de-aceites-esenciales-ansioliticos-y-antiestres\/#primaryimage\"},\"thumbnailUrl\":\"https:\/\/7abloom.com\/wp-content\/uploads\/2021\/06\/IMG_4542.jpg\",\"datePublished\":\"2021-06-01T16:54:50+00:00\",\"dateModified\":\"2023-04-29T20:59:09+00:00\",\"description\":\"Rodillo antiestr\u00e9s con aceite esencial de naranja dulce ecol\u00f3gico beneficioso para mantener la salud, el aspecto y la textura de la piel\",\"breadcrumb\":{\"@id\":\"https:\/\/7abloom.com\/es\/shop\/rollos-de-aceites-esenciales-ansioliticos-y-antiestres\/#breadcrumb\"},\"inLanguage\":\"es\",\"potentialAction\":[{\"@type\":\"ReadAction\",\"target\":[\"https:\/\/7abloom.com\/es\/shop\/rollos-de-aceites-esenciales-ansioliticos-y-antiestres\/\"]}]},{\"@type\":\"ImageObject\",\"inLanguage\":\"es\",\"@id\":\"https:\/\/7abloom.com\/es\/shop\/rollos-de-aceites-esenciales-ansioliticos-y-antiestres\/#primaryimage\",\"url\":\"https:\/\/7abloom.com\/wp-content\/uploads\/2021\/06\/IMG_4542.jpg\",\"contentUrl\":\"https:\/\/7abloom.com\/wp-content\/uploads\/2021\/06\/IMG_4542.jpg\",\"width\":1536,\"height\":1536,\"caption\":\"Rollos de aceites esenciales ansiol\u00edticos y antiestr\u00e9s\"},{\"@type\":\"BreadcrumbList\",\"@id\":\"https:\/\/7abloom.com\/es\/shop\/rollos-de-aceites-esenciales-ansioliticos-y-antiestres\/#breadcrumb\",\"itemListElement\":[{\"@type\":\"ListItem\",\"position\":1,\"name\":\"Home\",\"item\":\"https:\/\/7abloom.com\/es\/\"},{\"@type\":\"ListItem\",\"position\":2,\"name\":\"Tienda\",\"item\":\"https:\/\/7abloom.com\/es\/tienda\/\"},{\"@type\":\"ListItem\",\"position\":3,\"name\":\"Rollos de aceites esenciales ansiol\u00edticos y antiestr\u00e9s\"}]},{\"@type\":\"WebSite\",\"@id\":\"https:\/\/7abloom.com\/es\/#website\",\"url\":\"https:\/\/7abloom.com\/es\/\",\"name\":\"7Abloom\",\"description\":\"7abloom\",\"publisher\":{\"@id\":\"https:\/\/7abloom.com\/es\/#organization\"},\"potentialAction\":[{\"@type\":\"SearchAction\",\"target\":{\"@type\":\"EntryPoint\",\"urlTemplate\":\"https:\/\/7abloom.com\/es\/?s={search_term_string}\"},\"query-input\":{\"@type\":\"PropertyValueSpecification\",\"valueRequired\":true,\"valueName\":\"search_term_string\"}}],\"inLanguage\":\"es\"},{\"@type\":\"Organization\",\"@id\":\"https:\/\/7abloom.com\/es\/#organization\",\"name\":\"7Abloom\",\"url\":\"https:\/\/7abloom.com\/es\/\",\"logo\":{\"@type\":\"ImageObject\",\"inLanguage\":\"es\",\"@id\":\"https:\/\/7abloom.com\/es\/#\/schema\/logo\/image\/\",\"url\":\"https:\/\/i1.wp.com\/7abloom.com\/wp-content\/uploads\/2021\/07\/7a-logo-green.png?fit=126%2C126&ssl=1\",\"contentUrl\":\"https:\/\/i1.wp.com\/7abloom.com\/wp-content\/uploads\/2021\/07\/7a-logo-green.png?fit=126%2C126&ssl=1\",\"width\":126,\"height\":126,\"caption\":\"7Abloom\"},\"image\":{\"@id\":\"https:\/\/7abloom.com\/es\/#\/schema\/logo\/image\/\"},\"sameAs\":[\"https:\/\/www.facebook.com\/7abloom\/\",\"https:\/\/x.com\/7_abloom\",\"https:\/\/www.instagram.com\/7abloom\/\",\"https:\/\/www.pinterest.com\/7abloom\/\"]}]}<\/script>\n<!-- \/ Yoast SEO plugin. -->","yoast_head_json":{"title":"Rollos de aceites esenciales ansiol\u00edticos y antiestr\u00e9s - 7Abloom","description":"Rodillo antiestr\u00e9s con aceite esencial de naranja dulce ecol\u00f3gico beneficioso para mantener la salud, el aspecto y la textura de la piel","robots":{"index":"index","follow":"follow","max-snippet":"max-snippet:-1","max-image-preview":"max-image-preview:large","max-video-preview":"max-video-preview:-1"},"canonical":"https:\/\/7abloom.com\/es\/shop\/rollos-de-aceites-esenciales-ansioliticos-y-antiestres\/","og_locale":"es_ES","og_type":"article","og_title":"Rollos de aceites esenciales ansiol\u00edticos y antiestr\u00e9s - 7Abloom","og_description":"Rodillo antiestr\u00e9s con aceite esencial de naranja dulce ecol\u00f3gico beneficioso para mantener la salud, el aspecto y la textura de la piel","og_url":"https:\/\/7abloom.com\/es\/shop\/rollos-de-aceites-esenciales-ansioliticos-y-antiestres\/","og_site_name":"7Abloom","article_publisher":"https:\/\/www.facebook.com\/7abloom\/","article_modified_time":"2023-04-29T20:59:09+00:00","og_image":[{"width":1536,"height":1536,"url":"https:\/\/i0.wp.com\/7abloom.com\/wp-content\/uploads\/2021\/06\/IMG_4542.jpg?fit=1536%2C1536&ssl=1","type":"image\/jpeg"}],"twitter_card":"summary_large_image","twitter_site":"@7_abloom","schema":{"@context":"https:\/\/schema.org","@graph":[{"@type":"WebPage","@id":"https:\/\/7abloom.com\/es\/shop\/rollos-de-aceites-esenciales-ansioliticos-y-antiestres\/","url":"https:\/\/7abloom.com\/es\/shop\/rollos-de-aceites-esenciales-ansioliticos-y-antiestres\/","name":"Rollos de aceites esenciales ansiol\u00edticos y antiestr\u00e9s - 7Abloom","isPartOf":{"@id":"https:\/\/7abloom.com\/es\/#website"},"primaryImageOfPage":{"@id":"https:\/\/7abloom.com\/es\/shop\/rollos-de-aceites-esenciales-ansioliticos-y-antiestres\/#primaryimage"},"image":{"@id":"https:\/\/7abloom.com\/es\/shop\/rollos-de-aceites-esenciales-ansioliticos-y-antiestres\/#primaryimage"},"thumbnailUrl":"https:\/\/7abloom.com\/wp-content\/uploads\/2021\/06\/IMG_4542.jpg","datePublished":"2021-06-01T16:54:50+00:00","dateModified":"2023-04-29T20:59:09+00:00","description":"Rodillo antiestr\u00e9s con aceite esencial de naranja dulce ecol\u00f3gico beneficioso para mantener la salud, el aspecto y la textura de la piel","breadcrumb":{"@id":"https:\/\/7abloom.com\/es\/shop\/rollos-de-aceites-esenciales-ansioliticos-y-antiestres\/#breadcrumb"},"inLanguage":"es","potentialAction":[{"@type":"ReadAction","target":["https:\/\/7abloom.com\/es\/shop\/rollos-de-aceites-esenciales-ansioliticos-y-antiestres\/"]}]},{"@type":"ImageObject","inLanguage":"es","@id":"https:\/\/7abloom.com\/es\/shop\/rollos-de-aceites-esenciales-ansioliticos-y-antiestres\/#primaryimage","url":"https:\/\/7abloom.com\/wp-content\/uploads\/2021\/06\/IMG_4542.jpg","contentUrl":"https:\/\/7abloom.com\/wp-content\/uploads\/2021\/06\/IMG_4542.jpg","width":1536,"height":1536,"caption":"Rollos de aceites esenciales ansiol\u00edticos y antiestr\u00e9s"},{"@type":"BreadcrumbList","@id":"https:\/\/7abloom.com\/es\/shop\/rollos-de-aceites-esenciales-ansioliticos-y-antiestres\/#breadcrumb","itemListElement":[{"@type":"ListItem","position":1,"name":"Home","item":"https:\/\/7abloom.com\/es\/"},{"@type":"ListItem","position":2,"name":"Tienda","item":"https:\/\/7abloom.com\/es\/tienda\/"},{"@type":"ListItem","position":3,"name":"Rollos de aceites esenciales ansiol\u00edticos y antiestr\u00e9s"}]},{"@type":"WebSite","@id":"https:\/\/7abloom.com\/es\/#website","url":"https:\/\/7abloom.com\/es\/","name":"7Abloom","description":"7abloom","publisher":{"@id":"https:\/\/7abloom.com\/es\/#organization"},"potentialAction":[{"@type":"SearchAction","target":{"@type":"EntryPoint","urlTemplate":"https:\/\/7abloom.com\/es\/?s={search_term_string}"},"query-input":{"@type":"PropertyValueSpecification","valueRequired":true,"valueName":"search_term_string"}}],"inLanguage":"es"},{"@type":"Organization","@id":"https:\/\/7abloom.com\/es\/#organization","name":"7Abloom","url":"https:\/\/7abloom.com\/es\/","logo":{"@type":"ImageObject","inLanguage":"es","@id":"https:\/\/7abloom.com\/es\/#\/schema\/logo\/image\/","url":"https:\/\/i1.wp.com\/7abloom.com\/wp-content\/uploads\/2021\/07\/7a-logo-green.png?fit=126%2C126&ssl=1","contentUrl":"https:\/\/i1.wp.com\/7abloom.com\/wp-content\/uploads\/2021\/07\/7a-logo-green.png?fit=126%2C126&ssl=1","width":126,"height":126,"caption":"7Abloom"},"image":{"@id":"https:\/\/7abloom.com\/es\/#\/schema\/logo\/image\/"},"sameAs":["https:\/\/www.facebook.com\/7abloom\/","https:\/\/x.com\/7_abloom","https:\/\/www.instagram.com\/7abloom\/","https:\/\/www.pinterest.com\/7abloom\/"]}]}},"jetpack_publicize_connections":[],"_links":{"self":[{"href":"https:\/\/7abloom.com\/es\/wp-json\/wp\/v2\/product\/4826","targetHints":{"allow":["GET"]}}],"collection":[{"href":"https:\/\/7abloom.com\/es\/wp-json\/wp\/v2\/product"}],"about":[{"href":"https:\/\/7abloom.com\/es\/wp-json\/wp\/v2\/types\/product"}],"replies":[{"embeddable":true,"href":"https:\/\/7abloom.com\/es\/wp-json\/wp\/v2\/comments?post=4826"}],"wp:featuredmedia":[{"embeddable":true,"href":"https:\/\/7abloom.com\/es\/wp-json\/wp\/v2\/media\/4590"}],"wp:attachment":[{"href":"https:\/\/7abloom.com\/es\/wp-json\/wp\/v2\/media?parent=4826"}],"wp:term":[{"taxonomy":"product_brand","embeddable":true,"href":"https:\/\/7abloom.com\/es\/wp-json\/wp\/v2\/product_brand?post=4826"},{"taxonomy":"product_cat","embeddable":true,"href":"https:\/\/7abloom.com\/es\/wp-json\/wp\/v2\/product_cat?post=4826"},{"taxonomy":"product_tag","embeddable":true,"href":"https:\/\/7abloom.com\/es\/wp-json\/wp\/v2\/product_tag?post=4826"}],"curies":[{"name":"wp","href":"https:\/\/api.w.org\/{rel}","templated":true}]}}