{"id":4833,"date":"2023-04-21T13:52:36","date_gmt":"2023-04-21T17:52:36","guid":{"rendered":"https:\/\/7abloom.com\/shop\/juego-de-pendientes-pulsera-y-collar-hechos-a-mano\/"},"modified":"2023-04-29T16:59:29","modified_gmt":"2023-04-29T20:59:29","slug":"juego-de-pendientes-pulsera-y-collar-hechos-a-mano","status":"publish","type":"product","link":"https:\/\/7abloom.com\/es\/shop\/juego-de-pendientes-pulsera-y-collar-hechos-a-mano\/","title":{"rendered":"Juego de pendientes, pulsera y collar hechos a mano"},"content":{"rendered":"<p>Completa tu look con este impresionante conjunto hecho a mano, que incluye un collar, una pulsera y unos pendientes a juego que llevar\u00e1n tu conjunto al siguiente nivel. Destaca entre la multitud con este conjunto \u00fanico hecho a mano, dise\u00f1ado con atenci\u00f3n al detalle y elaborado con materiales de alta calidad para crear un accesorio verdaderamente especial.<\/p>\n<div style=\"width: 640px;\" class=\"wp-video\"><video class=\"wp-video-shortcode\" id=\"video-4833-1\" width=\"640\" height=\"360\" preload=\"metadata\" controls=\"controls\"><source type=\"video\/mp4\" src=\"https:\/\/7abloom.com\/wp-content\/uploads\/2023\/04\/signal-2023-04-20-171117_014.mp4?_=1\" \/><a href=\"https:\/\/7abloom.com\/wp-content\/uploads\/2023\/04\/signal-2023-04-20-171117_014.mp4\">https:\/\/7abloom.com\/wp-content\/uploads\/2023\/04\/signal-2023-04-20-171117_014.mp4<\/a><\/video><\/div>\n<div style=\"width: 640px;\" class=\"wp-video\"><video class=\"wp-video-shortcode\" id=\"video-4833-2\" width=\"640\" height=\"360\" preload=\"metadata\" controls=\"controls\"><source type=\"video\/mp4\" src=\"https:\/\/7abloom.com\/wp-content\/uploads\/2023\/04\/signal-2023-04-20-171117_012.mp4?_=2\" \/><a href=\"https:\/\/7abloom.com\/wp-content\/uploads\/2023\/04\/signal-2023-04-20-171117_012.mp4\">https:\/\/7abloom.com\/wp-content\/uploads\/2023\/04\/signal-2023-04-20-171117_012.mp4<\/a><\/video><\/div>\n","protected":false},"excerpt":{"rendered":"<p>Completa tu look con este impresionante conjunto hecho a mano, que incluye un collar, una pulsera y unos pendientes a juego que llevar\u00e1n tu conjunto al siguiente nivel. Destaca entre la multitud con este conjunto \u00fanico hecho a mano, dise\u00f1ado con atenci\u00f3n al detalle y elaborado con materiales de alta calidad para crear un accesorio verdaderamente especial.<\/p>\n","protected":false},"featured_media":4689,"comment_status":"closed","ping_status":"closed","template":"","meta":{"jetpack_publicize_message":"","jetpack_publicize_feature_enabled":true,"jetpack_social_post_already_shared":true,"jetpack_social_options":{"image_generator_settings":{"template":"highway","default_image_id":0,"font":"","enabled":false},"version":2}},"product_brand":[],"product_cat":[237],"product_tag":[],"class_list":{"0":"post-4833","1":"product","2":"type-product","3":"status-publish","4":"has-post-thumbnail","6":"product_cat-joyeria","7":"product_shipping_class-sin-manteca-de-karite","8":"sales-flash-overlay","9":"woocommerce-text-align-left","10":"woocommerce-image-align-center","11":"do-quantity-buttons","12":"wc-has-gallery","14":"first","15":"instock","16":"taxable","17":"shipping-taxable","18":"purchasable","19":"product-type-simple"},"yoast_head":"<!-- This site is optimized with the Yoast SEO plugin v26.6 - https:\/\/yoast.com\/wordpress\/plugins\/seo\/ -->\n<title>Juego de pendientes, pulsera y collar hechos a mano - 7Abloom<\/title>\n<meta name=\"description\" content=\"Completa tu look con este impresionante conjunto hecho a mano, que incluye un collar, una pulsera y unos pendientes a juego que llevar\u00e1n tu conjunto al siguiente nivel. Destaca entre la multitud con este conjunto \u00fanico hecho a mano, dise\u00f1ado con atenci\u00f3n al detalle y elaborado con materiales de alta calidad para crear un accesorio verdaderamente especial.\" \/>\n<meta name=\"robots\" content=\"index, follow, max-snippet:-1, max-image-preview:large, max-video-preview:-1\" \/>\n<link rel=\"canonical\" href=\"https:\/\/7abloom.com\/es\/shop\/juego-de-pendientes-pulsera-y-collar-hechos-a-mano\/\" \/>\n<meta property=\"og:locale\" content=\"es_ES\" \/>\n<meta property=\"og:type\" content=\"article\" \/>\n<meta property=\"og:title\" content=\"Juego de pendientes, pulsera y collar hechos a mano - 7Abloom\" \/>\n<meta property=\"og:description\" content=\"Completa tu look con este impresionante conjunto hecho a mano, que incluye un collar, una pulsera y unos pendientes a juego que llevar\u00e1n tu conjunto al siguiente nivel. Destaca entre la multitud con este conjunto \u00fanico hecho a mano, dise\u00f1ado con atenci\u00f3n al detalle y elaborado con materiales de alta calidad para crear un accesorio verdaderamente especial.\" \/>\n<meta property=\"og:url\" content=\"https:\/\/7abloom.com\/es\/shop\/juego-de-pendientes-pulsera-y-collar-hechos-a-mano\/\" \/>\n<meta property=\"og:site_name\" content=\"7Abloom\" \/>\n<meta property=\"article:publisher\" content=\"https:\/\/www.facebook.com\/7abloom\/\" \/>\n<meta property=\"article:modified_time\" content=\"2023-04-29T20:59:29+00:00\" \/>\n<meta property=\"og:image\" content=\"https:\/\/i0.wp.com\/7abloom.com\/wp-content\/uploads\/2023\/04\/New-Fashion-Instagram-Post-1.png?fit=1080%2C1080&ssl=1\" \/>\n\t<meta property=\"og:image:width\" content=\"1080\" \/>\n\t<meta property=\"og:image:height\" content=\"1080\" \/>\n\t<meta property=\"og:image:type\" content=\"image\/png\" \/>\n<meta name=\"twitter:card\" content=\"summary_large_image\" \/>\n<meta name=\"twitter:site\" content=\"@7_abloom\" \/>\n<script type=\"application\/ld+json\" class=\"yoast-schema-graph\">{\"@context\":\"https:\/\/schema.org\",\"@graph\":[{\"@type\":\"WebPage\",\"@id\":\"https:\/\/7abloom.com\/es\/shop\/juego-de-pendientes-pulsera-y-collar-hechos-a-mano\/\",\"url\":\"https:\/\/7abloom.com\/es\/shop\/juego-de-pendientes-pulsera-y-collar-hechos-a-mano\/\",\"name\":\"Juego de pendientes, pulsera y collar hechos a mano - 7Abloom\",\"isPartOf\":{\"@id\":\"https:\/\/7abloom.com\/es\/#website\"},\"primaryImageOfPage\":{\"@id\":\"https:\/\/7abloom.com\/es\/shop\/juego-de-pendientes-pulsera-y-collar-hechos-a-mano\/#primaryimage\"},\"image\":{\"@id\":\"https:\/\/7abloom.com\/es\/shop\/juego-de-pendientes-pulsera-y-collar-hechos-a-mano\/#primaryimage\"},\"thumbnailUrl\":\"https:\/\/7abloom.com\/wp-content\/uploads\/2023\/04\/New-Fashion-Instagram-Post-1.png\",\"datePublished\":\"2023-04-21T17:52:36+00:00\",\"dateModified\":\"2023-04-29T20:59:29+00:00\",\"description\":\"Completa tu look con este impresionante conjunto hecho a mano, que incluye un collar, una pulsera y unos pendientes a juego que llevar\u00e1n tu conjunto al siguiente nivel. Destaca entre la multitud con este conjunto \u00fanico hecho a mano, dise\u00f1ado con atenci\u00f3n al detalle y elaborado con materiales de alta calidad para crear un accesorio verdaderamente especial.\",\"breadcrumb\":{\"@id\":\"https:\/\/7abloom.com\/es\/shop\/juego-de-pendientes-pulsera-y-collar-hechos-a-mano\/#breadcrumb\"},\"inLanguage\":\"es\",\"potentialAction\":[{\"@type\":\"ReadAction\",\"target\":[\"https:\/\/7abloom.com\/es\/shop\/juego-de-pendientes-pulsera-y-collar-hechos-a-mano\/\"]}]},{\"@type\":\"ImageObject\",\"inLanguage\":\"es\",\"@id\":\"https:\/\/7abloom.com\/es\/shop\/juego-de-pendientes-pulsera-y-collar-hechos-a-mano\/#primaryimage\",\"url\":\"https:\/\/7abloom.com\/wp-content\/uploads\/2023\/04\/New-Fashion-Instagram-Post-1.png\",\"contentUrl\":\"https:\/\/7abloom.com\/wp-content\/uploads\/2023\/04\/New-Fashion-Instagram-Post-1.png\",\"width\":1080,\"height\":1080,\"caption\":\"Ganancias hechas a mano, pulsera y collar conjunto\"},{\"@type\":\"BreadcrumbList\",\"@id\":\"https:\/\/7abloom.com\/es\/shop\/juego-de-pendientes-pulsera-y-collar-hechos-a-mano\/#breadcrumb\",\"itemListElement\":[{\"@type\":\"ListItem\",\"position\":1,\"name\":\"Home\",\"item\":\"https:\/\/7abloom.com\/es\/\"},{\"@type\":\"ListItem\",\"position\":2,\"name\":\"Tienda\",\"item\":\"https:\/\/7abloom.com\/es\/tienda\/\"},{\"@type\":\"ListItem\",\"position\":3,\"name\":\"Juego de pendientes, pulsera y collar hechos a mano\"}]},{\"@type\":\"WebSite\",\"@id\":\"https:\/\/7abloom.com\/es\/#website\",\"url\":\"https:\/\/7abloom.com\/es\/\",\"name\":\"7Abloom\",\"description\":\"7abloom\",\"publisher\":{\"@id\":\"https:\/\/7abloom.com\/es\/#organization\"},\"potentialAction\":[{\"@type\":\"SearchAction\",\"target\":{\"@type\":\"EntryPoint\",\"urlTemplate\":\"https:\/\/7abloom.com\/es\/?s={search_term_string}\"},\"query-input\":{\"@type\":\"PropertyValueSpecification\",\"valueRequired\":true,\"valueName\":\"search_term_string\"}}],\"inLanguage\":\"es\"},{\"@type\":\"Organization\",\"@id\":\"https:\/\/7abloom.com\/es\/#organization\",\"name\":\"7Abloom\",\"url\":\"https:\/\/7abloom.com\/es\/\",\"logo\":{\"@type\":\"ImageObject\",\"inLanguage\":\"es\",\"@id\":\"https:\/\/7abloom.com\/es\/#\/schema\/logo\/image\/\",\"url\":\"https:\/\/i1.wp.com\/7abloom.com\/wp-content\/uploads\/2021\/07\/7a-logo-green.png?fit=126%2C126&ssl=1\",\"contentUrl\":\"https:\/\/i1.wp.com\/7abloom.com\/wp-content\/uploads\/2021\/07\/7a-logo-green.png?fit=126%2C126&ssl=1\",\"width\":126,\"height\":126,\"caption\":\"7Abloom\"},\"image\":{\"@id\":\"https:\/\/7abloom.com\/es\/#\/schema\/logo\/image\/\"},\"sameAs\":[\"https:\/\/www.facebook.com\/7abloom\/\",\"https:\/\/x.com\/7_abloom\",\"https:\/\/www.instagram.com\/7abloom\/\",\"https:\/\/www.pinterest.com\/7abloom\/\"]}]}<\/script>\n<!-- \/ Yoast SEO plugin. -->","yoast_head_json":{"title":"Juego de pendientes, pulsera y collar hechos a mano - 7Abloom","description":"Completa tu look con este impresionante conjunto hecho a mano, que incluye un collar, una pulsera y unos pendientes a juego que llevar\u00e1n tu conjunto al siguiente nivel. Destaca entre la multitud con este conjunto \u00fanico hecho a mano, dise\u00f1ado con atenci\u00f3n al detalle y elaborado con materiales de alta calidad para crear un accesorio verdaderamente especial.","robots":{"index":"index","follow":"follow","max-snippet":"max-snippet:-1","max-image-preview":"max-image-preview:large","max-video-preview":"max-video-preview:-1"},"canonical":"https:\/\/7abloom.com\/es\/shop\/juego-de-pendientes-pulsera-y-collar-hechos-a-mano\/","og_locale":"es_ES","og_type":"article","og_title":"Juego de pendientes, pulsera y collar hechos a mano - 7Abloom","og_description":"Completa tu look con este impresionante conjunto hecho a mano, que incluye un collar, una pulsera y unos pendientes a juego que llevar\u00e1n tu conjunto al siguiente nivel. Destaca entre la multitud con este conjunto \u00fanico hecho a mano, dise\u00f1ado con atenci\u00f3n al detalle y elaborado con materiales de alta calidad para crear un accesorio verdaderamente especial.","og_url":"https:\/\/7abloom.com\/es\/shop\/juego-de-pendientes-pulsera-y-collar-hechos-a-mano\/","og_site_name":"7Abloom","article_publisher":"https:\/\/www.facebook.com\/7abloom\/","article_modified_time":"2023-04-29T20:59:29+00:00","og_image":[{"width":1080,"height":1080,"url":"https:\/\/i0.wp.com\/7abloom.com\/wp-content\/uploads\/2023\/04\/New-Fashion-Instagram-Post-1.png?fit=1080%2C1080&ssl=1","type":"image\/png"}],"twitter_card":"summary_large_image","twitter_site":"@7_abloom","schema":{"@context":"https:\/\/schema.org","@graph":[{"@type":"WebPage","@id":"https:\/\/7abloom.com\/es\/shop\/juego-de-pendientes-pulsera-y-collar-hechos-a-mano\/","url":"https:\/\/7abloom.com\/es\/shop\/juego-de-pendientes-pulsera-y-collar-hechos-a-mano\/","name":"Juego de pendientes, pulsera y collar hechos a mano - 7Abloom","isPartOf":{"@id":"https:\/\/7abloom.com\/es\/#website"},"primaryImageOfPage":{"@id":"https:\/\/7abloom.com\/es\/shop\/juego-de-pendientes-pulsera-y-collar-hechos-a-mano\/#primaryimage"},"image":{"@id":"https:\/\/7abloom.com\/es\/shop\/juego-de-pendientes-pulsera-y-collar-hechos-a-mano\/#primaryimage"},"thumbnailUrl":"https:\/\/7abloom.com\/wp-content\/uploads\/2023\/04\/New-Fashion-Instagram-Post-1.png","datePublished":"2023-04-21T17:52:36+00:00","dateModified":"2023-04-29T20:59:29+00:00","description":"Completa tu look con este impresionante conjunto hecho a mano, que incluye un collar, una pulsera y unos pendientes a juego que llevar\u00e1n tu conjunto al siguiente nivel. Destaca entre la multitud con este conjunto \u00fanico hecho a mano, dise\u00f1ado con atenci\u00f3n al detalle y elaborado con materiales de alta calidad para crear un accesorio verdaderamente especial.","breadcrumb":{"@id":"https:\/\/7abloom.com\/es\/shop\/juego-de-pendientes-pulsera-y-collar-hechos-a-mano\/#breadcrumb"},"inLanguage":"es","potentialAction":[{"@type":"ReadAction","target":["https:\/\/7abloom.com\/es\/shop\/juego-de-pendientes-pulsera-y-collar-hechos-a-mano\/"]}]},{"@type":"ImageObject","inLanguage":"es","@id":"https:\/\/7abloom.com\/es\/shop\/juego-de-pendientes-pulsera-y-collar-hechos-a-mano\/#primaryimage","url":"https:\/\/7abloom.com\/wp-content\/uploads\/2023\/04\/New-Fashion-Instagram-Post-1.png","contentUrl":"https:\/\/7abloom.com\/wp-content\/uploads\/2023\/04\/New-Fashion-Instagram-Post-1.png","width":1080,"height":1080,"caption":"Ganancias hechas a mano, pulsera y collar conjunto"},{"@type":"BreadcrumbList","@id":"https:\/\/7abloom.com\/es\/shop\/juego-de-pendientes-pulsera-y-collar-hechos-a-mano\/#breadcrumb","itemListElement":[{"@type":"ListItem","position":1,"name":"Home","item":"https:\/\/7abloom.com\/es\/"},{"@type":"ListItem","position":2,"name":"Tienda","item":"https:\/\/7abloom.com\/es\/tienda\/"},{"@type":"ListItem","position":3,"name":"Juego de pendientes, pulsera y collar hechos a mano"}]},{"@type":"WebSite","@id":"https:\/\/7abloom.com\/es\/#website","url":"https:\/\/7abloom.com\/es\/","name":"7Abloom","description":"7abloom","publisher":{"@id":"https:\/\/7abloom.com\/es\/#organization"},"potentialAction":[{"@type":"SearchAction","target":{"@type":"EntryPoint","urlTemplate":"https:\/\/7abloom.com\/es\/?s={search_term_string}"},"query-input":{"@type":"PropertyValueSpecification","valueRequired":true,"valueName":"search_term_string"}}],"inLanguage":"es"},{"@type":"Organization","@id":"https:\/\/7abloom.com\/es\/#organization","name":"7Abloom","url":"https:\/\/7abloom.com\/es\/","logo":{"@type":"ImageObject","inLanguage":"es","@id":"https:\/\/7abloom.com\/es\/#\/schema\/logo\/image\/","url":"https:\/\/i1.wp.com\/7abloom.com\/wp-content\/uploads\/2021\/07\/7a-logo-green.png?fit=126%2C126&ssl=1","contentUrl":"https:\/\/i1.wp.com\/7abloom.com\/wp-content\/uploads\/2021\/07\/7a-logo-green.png?fit=126%2C126&ssl=1","width":126,"height":126,"caption":"7Abloom"},"image":{"@id":"https:\/\/7abloom.com\/es\/#\/schema\/logo\/image\/"},"sameAs":["https:\/\/www.facebook.com\/7abloom\/","https:\/\/x.com\/7_abloom","https:\/\/www.instagram.com\/7abloom\/","https:\/\/www.pinterest.com\/7abloom\/"]}]}},"jetpack_publicize_connections":[],"_links":{"self":[{"href":"https:\/\/7abloom.com\/es\/wp-json\/wp\/v2\/product\/4833","targetHints":{"allow":["GET"]}}],"collection":[{"href":"https:\/\/7abloom.com\/es\/wp-json\/wp\/v2\/product"}],"about":[{"href":"https:\/\/7abloom.com\/es\/wp-json\/wp\/v2\/types\/product"}],"replies":[{"embeddable":true,"href":"https:\/\/7abloom.com\/es\/wp-json\/wp\/v2\/comments?post=4833"}],"wp:featuredmedia":[{"embeddable":true,"href":"https:\/\/7abloom.com\/es\/wp-json\/wp\/v2\/media\/4689"}],"wp:attachment":[{"href":"https:\/\/7abloom.com\/es\/wp-json\/wp\/v2\/media?parent=4833"}],"wp:term":[{"taxonomy":"product_brand","embeddable":true,"href":"https:\/\/7abloom.com\/es\/wp-json\/wp\/v2\/product_brand?post=4833"},{"taxonomy":"product_cat","embeddable":true,"href":"https:\/\/7abloom.com\/es\/wp-json\/wp\/v2\/product_cat?post=4833"},{"taxonomy":"product_tag","embeddable":true,"href":"https:\/\/7abloom.com\/es\/wp-json\/wp\/v2\/product_tag?post=4833"}],"curies":[{"name":"wp","href":"https:\/\/api.w.org\/{rel}","templated":true}]}}